{"id":10075,"date":"2020-10-02T10:47:54","date_gmt":"2020-10-02T10:47:54","guid":{"rendered":"https:\/\/lalilala-vacances.com\/comment-louer-sa-villa-sans-agence"},"modified":"2026-03-31T18:42:16","modified_gmt":"2026-03-31T16:42:16","slug":"wie-man-seine-villa-ohne-agentur-vermietet","status":"publish","type":"page","link":"https:\/\/cparici.com\/de\/comment-louer-sa-villa-sans-agence\/","title":{"rendered":"Wie man seine Villa ohne Agentur vermietet"},"content":{"rendered":"<h2 style=\"text-align: center;\"><span style=\"color: #333333; font-size: 24pt;\">Wie man seine Villa ohne Agentur vermietet<\/span><\/h2>\n<p>\u00a0<\/p>\n<p style=\"text-align: center;\"><em><span style=\"color: #808080;\">Viele Hausbesitzer wollen ihre Villa vermieten <\/span><span style=\"color: #808080;\">Jedoch, <span style=\"color: #333333;\"><span style=\"color: #808080;\"><strong>kann sich ein Hausbesitzer fragen <\/strong><\/span><strong>\u00a0Wie man seine Villa ohne Agentur vermietet oder wie man sein Ferienhaus direkt vermietet<\/strong><\/span><\/span><\/em><\/p>\n<p>\u00a0<\/p>\n<h2 style=\"text-align: left;\"><span style=\"color: #333333; font-size: 24pt;\">WIE KANN ICH MEINE VILLA VERMIETEN?<\/span><\/h2>\n<p><span style=\"color: #808080;\">Heutzutage gibt es viele Hausbesitzer, die ihre Villa f\u00fcr eine oder mehrere Wochen im Jahr vermieten m\u00f6chten. Dies erm\u00f6glicht es ihnen oft, einen <span style=\"color: #333333;\"><strong>kleines Zusatzeinkommen<\/strong><\/span>. Nat\u00fcrlich kann dieses Einkommen sehr n\u00fctzlich sein, um in den Urlaub zu fahren oder sich ein kleines Extra zu g\u00f6nnen. U<\/span><span style=\"color: #808080;\"><span style=\"color: #333333;\"><span style=\"color: #808080;\"><strong>in Hausbesitzer kann sich also fragen\u00a0<\/strong> :<\/span> <strong>\u201d\u00a0 Comment louer sa maison de vacances en direct \u201c<\/strong><\/span><\/span> <span style=\"color: #808080;\"><span style=\"color: #333333;\"><strong>So k\u00f6nnte es verlockend sein<\/strong><\/span>z. B,\u00a0 <span style=\"color: #333333;\"><strong>zu st\u00fcrmen, um die <a href=\"https:\/\/www.definitions-marketing.com\/definition\/ota\/#:~:text=Les%20OTA%20les%20plus%20connus,.com%2C%20Expedia%2C%20etc.\" target=\"_blank\" rel=\"noopener\">OTAS<\/a><\/strong><\/span> ( airb\u2019nb, trip advisor, <a href=\"https:\/\/cparici.com\/de\/abritel-avis-fonctionnement-et-guide-complet-2026\/\">abritel<\/a>, homeaway, exp\u00e9dia\u2026) pour louer sa villa avec facilit\u00e9.<\/span> OTA bedeutet auf Englisch <strong>Online Tourism Agency<\/strong>. OTAs sind <strong>des agences de voyage en ligne qui commercialisent des prestations et services touristiques fournis par d\u2019autres<\/strong> ( entreprises, particuliers, etc\u2026) Il peut s\u2019agir de nuits d\u2019h\u00f4tels, ou de locations de vacances, d\u2019activit\u00e9s touristiques, de circuits touristiques, de location de voitures, de s\u00e9jours avec ou sans nuit d\u2019h\u00f4tel, ou de vols. C\u2019est donc important de noter que les OTAS ne produisent pas de services. <strong>Sie sind also nur Vermittler<\/strong> entre ceux qui proposent les prestations touristiques, et ceux qui \u2018consomment\u2019 ou utilisent ces prestations.<\/p>\n<h2 style=\"text-align: center;\"><span style=\"font-size: 24pt;\"><strong>OTAS, DIE BESTE L\u00d6SUNG?<\/strong><\/span><\/h2>\n<h3 style=\"text-align: center;\"><span style=\"color: #000080;\">\u00a0 \u00a0 \u00a0 \u00a0 \u00a0 \u2013 Comment louer sa villa en direct-<\/span><\/h3>\n<p><span style=\"color: #808080;\">Comme vous l\u2019avez compris, les OTA ne sont plus simplement des sites d\u2019annonces sp\u00e9cialis\u00e9es.<\/span> <span style=\"color: #808080;\">Es sind Unternehmen, oft gro\u00dfe Unternehmen. <span style=\"color: #333333;\"><strong>Sie k\u00f6nnen sogar an der B\u00f6rse notiert werden und generieren einen enormen Umsatz.<\/strong><\/span><\/span> <span style=\"color: #808080;\">Wie? <span style=\"color: #333333;\"><strong>Indem sie Provisionen und Geb\u00fchren f\u00fcr Ferienvermietungen nehmen.<\/strong><\/span><\/span> <span style=\"color: #808080;\">Die Eigent\u00fcmer erledigen die meiste Arbeit (Renovierung des Hauses, M\u00f6blierung, Vorbereitung...). Sie empfangen auch die Ferieng\u00e4ste, aber <span style=\"color: #333333;\"><strong>ein Teil des Gewinns geht an die OASE.<\/strong><\/span><\/span> Einige Hausbesitzer sind der Ansicht, dass <a href=\"https:\/\/www.lechotouristique.com\/article\/crise-du-coronavirus-des-hoteliers-appellent-a-un-new-deal-avec-les-ota\" target=\"_blank\" rel=\"noopener\">c\u2019est injuste\u00a0 <\/a>und beschlie\u00dfen, dar\u00fcber nachzudenken <span style=\"color: #000080;\"><strong>wie man sein Ferienhaus ohne Agentur vermietet.<\/strong><\/span><\/p>\n<h2 style=\"text-align: center;\"><span style=\"font-size: 24pt;\"><strong>WIE KANN ICH MEIN HAUS MIT EINEM OTA VERMIETEN?<\/strong><\/span><\/h2>\n<h3 style=\"text-align: center;\"><span style=\"color: #000080;\">\u2013 Comment louer sa villa sans agence \u2013<\/span><\/h3>\n<p><span style=\"color: #808080;\">OTAs verleiten daher h\u00e4ufig Eigent\u00fcmer, die ihre Villa ansonsten problemlos ohne Agentur vermieten k\u00f6nnten, dazu <span style=\"color: #333333;\"><strong>h\u00e4ufiger mieten<\/strong>, m\u00eame quand ils n\u2019en ont pas besoin.<\/span><\/span> <span style=\"color: #808080;\"><span style=\"color: #333333;\">Warum ist das so? Einfach um <strong>augmenter leur chiffre d\u2019affaires et leur b\u00e9n\u00e9fice.<\/strong><\/span><\/span> <span style=\"color: #808080;\"><span style=\"color: #333333;\">Certains OTAS sont tr\u00e8s pr\u00e9sents sur Internet et les r\u00e9seaux sociaux. Cependant, quel est leur vrai int\u00e9r\u00eat? Est-il d\u2019aider les propri\u00e9taires?\u00a0<\/span><\/span> <span style=\"color: #808080;\"><span style=\"color: #333333;\">On peut se le demander, car certains n\u2019h\u00e9sitent pas \u00e0 demander de\u00a0 <strong>baisser les prix des locations, ce qui permettra de louer plus, et donc pour l\u2019OTA d\u2019augmenter son chiffre d\u2019affaires, peut importe les cons\u00e9quences financi\u00e8res sur les propri\u00e9taires.<\/strong><\/span><\/span> <span style=\"color: #808080;\">Und vor allem <span style=\"color: #333333;\"><strong>sie nehmen Provisionen, die nicht gerechtfertigt erscheinen<\/strong><\/span> im Hinblick auf die erbrachte Dienstleistung.<\/span> <span style=\"color: #808080;\">Manchmal sogar, <span style=\"color: #333333;\"><strong>sie erlauben Ihnen nicht, eine Kaution zu hinterlegen<\/strong><\/span>Die Ergebnisse k\u00f6nnen bei der Wiedererlangung des Eigentums katastrophal sein.<\/span> Die Frage bleibt, ob dies m\u00f6glich ist und wenn ja, <span style=\"color: #000080;\"><strong>Wie kann man seine Villa ohne Agentur vermieten?<\/strong><\/span><\/p>\n<p>\u00a0<\/p>\n<h2 style=\"text-align: center;\"><span style=\"font-size: 24pt;\"><strong>WIE MAN SEINE VILLA OHNE AGENTUR VERMIETET<\/strong><\/span><\/h2>\n<h3 style=\"text-align: center;\"><span style=\"color: #000080;\">\u2013 Comment louer sa maison de vacances en direct \u2013<\/span><\/h3>\n<p>Wie man seine Villa ohne Agentur vermietet, ist eine Frage, die einem Angst machen kann.\u00a0 <strong>Aber heute ist nichts leichter als das.<\/strong> Sie brauchen nur <strong>sich auf eine spezielle Anzeigenseite begeben<\/strong>, et de mettre en ligne son annonce pour un prix tr\u00e8s raisonnable. Les sites les plus connus sont : PAP vacances, amivac, paruvendu, se loger.com, \u2026 Il suffira alors de s\u2019inscrire, de payer l\u2019abonnement, puis de d\u00e9poser votre annonce en ligne. <strong>Aber es ist dennoch wichtig, die verschiedenen Anzeigenseiten zu vergleichen, um herauszufinden, Wie man seine Villa ohne Agentur vermietet .<\/strong> \u00a0 En effet, les prix peuvent aller du simple au triple, pour des prestations souvent comparables. La vraie question est: comment sera utilis\u00e9 l\u2019argent que vous donnerez au site d\u2019annonces? Est-ce que le prix de l\u2019abonnement annuel est raisonnable? Le site fait-il des efforts pour r\u00e9f\u00e9rencer correctement les annonces; de telle fa\u00e7on qu\u2019elles soient visibles sur les principaux moteurs de recherche? Un nouveau site d\u2019annonces sp\u00e9cialis\u00e9es, et qui m\u00e9rite d\u2019\u00eatre connu, est le site Lalilala-vacances.com<\/p>\n<h2 style=\"text-align: center;\"><span style=\"font-size: 24pt;\"><strong>BIEN CHOISIR SON SITE D\u2019ANNONCES<\/strong><\/span><\/h2>\n<h3 style=\"text-align: center;\"><span style=\"color: #000080;\">\u2013 Comment louer sa villa en direct \u2013<\/span><\/h3>\n<p><span style=\"color: #808080;\">Auf<\/span><span style=\"color: #808080;\"> cparici.com k\u00f6nnen Sie zu einem sehr g\u00fcnstigen Preis eine Anzeige aufgeben, <span style=\"color: #333333;\"><strong>weniger als 100 Euro f\u00fcr das Jahr<\/strong><\/span>.<\/span> Vous pourrez g\u00e9rer vos dates d\u2019arriv\u00e9e, de d\u00e9part, ainsi que la dur\u00e9e de location comme bon vous semble. De plus, vous serez \u00e0 m\u00eame d\u2019\u00e9valuer la caution que vous demanderez \u00e0 l\u2019arriv\u00e9e, pour \u00eatre s\u00fbr de retrouver votre bien en bon \u00e9tat. Enfin, vous pourrez choisir votre politique tarifaire comme bon vous semble. Que vous louiez une semaine ou trois mois par an, cela ne nous regarde pas. Et n\u2019a aucune incidence sur le prix de votre abonnement sur Cparici.com <span style=\"color: #808080;\"><strong><span style=\"color: #333333;\">Keine Provisionen, keine zus\u00e4tzlichen Kosten<\/span><\/strong> werden von Ihnen verlangt!<\/span> \u00a0 <em>Comment louer sa villa sans agence est un article r\u00e9dig\u00e9 par l\u2019\u00e9quipe de Cparici.com Bonne lecture!<\/em><\/p>","protected":false},"excerpt":{"rendered":"<p>Comment louer sa villa sans agence \u00a0 Nombreux sont les propri\u00e9taires \u00e0 vouloir louer leur villa Cependant, un propri\u00e9taire peut se demander \u00a0Comment louer sa villa sans agence\u00a0 ou comment louer sa maison de vacances en direct \u00a0 LOUER SA VILLA, OUI MAIS COMMENT? Les propri\u00e9taires aujourd\u2019hui sont nombreux \u00e0 vouloir louer leur villa pour [&hellip;]<\/p>\n","protected":false},"author":1,"featured_media":9911,"parent":0,"menu_order":0,"comment_status":"closed","ping_status":"closed","template":"","meta":{"ngg_post_thumbnail":0,"footnotes":""},"class_list":["post-10075","page","type-page","status-publish","has-post-thumbnail","hentry"],"_links":{"self":[{"href":"https:\/\/cparici.com\/de\/wp-json\/wp\/v2\/pages\/10075","targetHints":{"allow":["GET"]}}],"collection":[{"href":"https:\/\/cparici.com\/de\/wp-json\/wp\/v2\/pages"}],"about":[{"href":"https:\/\/cparici.com\/de\/wp-json\/wp\/v2\/types\/page"}],"author":[{"embeddable":true,"href":"https:\/\/cparici.com\/de\/wp-json\/wp\/v2\/users\/1"}],"replies":[{"embeddable":true,"href":"https:\/\/cparici.com\/de\/wp-json\/wp\/v2\/comments?post=10075"}],"version-history":[{"count":0,"href":"https:\/\/cparici.com\/de\/wp-json\/wp\/v2\/pages\/10075\/revisions"}],"wp:featuredmedia":[{"embeddable":true,"href":"https:\/\/cparici.com\/de\/wp-json\/wp\/v2\/media\/9911"}],"wp:attachment":[{"href":"https:\/\/cparici.com\/de\/wp-json\/wp\/v2\/media?parent=10075"}],"curies":[{"name":"wp","href":"https:\/\/api.w.org\/{rel}","templated":true}]}}