{"id":10668,"date":"2020-11-05T13:08:00","date_gmt":"2020-11-05T13:08:00","guid":{"rendered":"https:\/\/loclilala-vacances.com\/?page_id=10668"},"modified":"2026-03-31T18:42:16","modified_gmt":"2026-03-31T16:42:16","slug":"sein-ferienhaus-ohne-agentur-vermieten","status":"publish","type":"page","link":"https:\/\/cparici.com\/de\/louer-sa-maison-de-vacances-sans-agence\/","title":{"rendered":"Ihr Ferienhaus ohne Agentur vermieten"},"content":{"rendered":"<h1 style=\"text-align: center;\"><strong>Wie man sein Ferienhaus ohne Agentur vermietet<\/strong><\/h1>\n<p style=\"text-align: center;\"><em><span style=\"color: #808080;\">Sie m\u00f6chten Ihr Haus vermieten und wollen keine Provisionen zahlen. Vielleicht fragen Sie sich <\/span><span style=\"color: #808080;\"><span style=\"color: #333333;\"><span style=\"color: #000000;\"><strong>C<\/strong><\/span><strong>ie man sein Ferienhaus ohne Agentur vermietet<\/strong><\/span><\/span><\/em><\/p>\n<p>\u00a0<\/p>\n<h2 style=\"text-align: center;\"><span style=\"color: #333333; font-size: 24pt;\">EIN HAUS OHNE MAKLER VERMIETEN?<\/span><\/h2>\n<p><strong>Vermieten Sie Ihr Ferienhaus ohne Agentur<\/strong>Die Wohnung ist der Traum eines jeden Hausbesitzers.<\/p>\n<p>Viele Hausbesitzer trauen sich jedoch nicht, den Schritt zu wagen, oder f\u00fchlen sich angesichts der M\u00e4ander des Internets verloren. Es gibt zahlreiche Internetseiten, und es scheint schwierig zu sein, den \u00dcberblick zu behalten.<\/p>\n<p>In diesem Artikel befassen wir uns damit, wie man sein Ferienhaus ohne Agentur vermieten kann. Es gibt verschiedene L\u00f6sungen, und es kann hilfreich sein, sie zu vergleichen, bevor man sich darauf einl\u00e4sst.<\/p>\n<h2 style=\"text-align: center;\"><span style=\"font-size: 24pt;\"><strong>DAS SCHILD, EINE WIRKSAME L\u00d6SUNG?<\/strong><\/span><\/h2>\n<h3 style=\"text-align: center;\"><span style=\"color: #000080;\">\u00a0 \u00a0 \u00a0 \u00a0 \u00a0 \u2013 Comment louer sa villa en direct-<\/span><\/h3>\n<p>Die erste L\u00f6sung besteht darin, einfach ein Schild an seinem Haus oder am Ende des Weges anzubringen: \"Ferienhaus zu vermieten\". Obwohl diese L\u00f6sung nicht neu ist, kann sie funktionieren, wenn sich Ihr Ferienhaus an einem Ort befindet, an dem viele Menschen vorbeikommen.<\/p>\n<p>Heutzutage suchen die meisten Menschen jedoch \u00fcber das Internet nach einem Ferienhaus und warten nicht, bis sie vor Ort sind, um sich mit den Eigent\u00fcmern von Ferienh\u00e4usern in Verbindung zu setzen.<\/p>\n<p>Dies kann daher eine erg\u00e4nzende L\u00f6sung sein, erweist sich aber oft als unwirksam.<\/p>\n<p><span style=\"color: #000080;\"><strong>wie man sein Ferienhaus ohne Agentur vermietet.<\/strong><\/span><\/p>\n<h2 style=\"text-align: center;\"><span style=\"font-size: 24pt;\"><strong>TOURISMUSB\u00dcROS - EINE GUTE IDEE?<\/strong><\/span><\/h2>\n<h3 style=\"text-align: center;\"><span style=\"color: #000080;\"> \u00a0 \u2013 Comment louer sa villa en direct-<\/span><\/h3>\n<p><strong>L\u00f6sung 2: Tourismusb\u00fcros<\/strong><\/p>\n<p>Um ohne Agentur zu vermieten, kann es sinnvoll sein, Ihre Ferienunterkunft bei der Touristeninformation Ihrer Gemeinde anzumelden. Diese Anmeldung ist in den meisten F\u00e4llen kostenlos. Sie erm\u00f6glicht es dem Fremdenverkehrsamt, Urlauber bei Anfragen an Ihre Ferienunterkunft zu verweisen.<\/p>\n<p>Wenn Sie m\u00f6chten, dass Ihre Ferienwohnung auf der Website des Fremdenverkehrsamtes inseriert wird, m\u00fcssen Sie daf\u00fcr eine Pauschale zahlen.<\/p>\n<p>Dies kann hilfreich sein, aber wird es auch ausreichen?<\/p>\n<h2 style=\"text-align: center;\"><span style=\"font-size: 24pt;\"><strong>LES SITES D\u2019ANNONCES GENERALISTES<\/strong><\/span><\/h2>\n<h3 style=\"text-align: center;\"><span style=\"color: #000080;\">\u2013 Comment louer sa villa sans agence \u2013<\/span><\/h3>\n<p><strong>L\u00f6sung 3: Allgemeine Anzeigenseiten<\/strong><\/p>\n<p>Eine M\u00f6glichkeit besteht darin, eine Anzeige auf einer allgemeinen Anzeigenseite zu schalten. Der Vorteil ist, dass Sie die Anzeige selbst aufgeben k\u00f6nnen und dass es kostenlose Anzeigenseiten gibt. Meistens k\u00f6nnen Sie eine vollst\u00e4ndige Beschreibung Ihrer Unterkunft verfassen und einige Fotos einf\u00fcgen.<\/p>\n<p>Es gibt jedoch einige Nachteile:<\/p>\n<ul>\n<li>Die Anzahl der Fotos kann begrenzt sein, oft sind es maximal 3 Fotos, wodurch Ihre Ferienunterkunft nicht optimal zur Geltung kommt.<\/li>\n<li>Ihre Anzeige kann leicht in den Tausenden von Anzeigen, die jeden Tag aufgegeben werden, verloren gehen, wodurch sie unsichtbar wird.<\/li>\n<\/ul>\n<p>\u00a0<\/p>\n<h2 style=\"text-align: center;\"><span style=\"font-size: 24pt;\"><strong>LES SITES D\u2019ANNONCES SPECIALISEES<\/strong><\/span><\/h2>\n<h3 style=\"text-align: center;\"><span style=\"color: #000080;\">\u2013 Comment louer sa villa en direct \u2013<\/span><\/h3>\n<p><strong>L\u00f6sung 4: Spezialisierte Anzeigenseiten<\/strong><\/p>\n<p>Die letzte und sicherlich beste M\u00f6glichkeit besteht darin, Ihre Anzeige auf einer speziellen Website f\u00fcr Ferienwohnungsanzeigen wie cparici.com zu ver\u00f6ffentlichen.<\/p>\n<p>Der erste Vorteil ist, dass die Anzeige auf Ferienh\u00e4user zugeschnitten ist. Sie erm\u00f6glicht es oft, Ihr Ferienhaus ins rechte Licht zu r\u00fccken, mit der M\u00f6glichkeit, mehrere Fotos einzuf\u00fcgen oder sogar einen Kalender mit den Verf\u00fcgbarkeiten Ihrer Ferienunterkunft.<\/p>\n<p>Da die Website zudem spezialisiert ist, haben Sie viel bessere Chancen, Urlauber zu erreichen, die auf der Suche nach Ferienunterk\u00fcnften sind. Ihre Anzeige geht nicht inmitten von Anzeigen f\u00fcr den Verkauf von Autos, Kleidung oder Heimwerkerbedarf unter.<\/p>\n<p>Enfin les prix sont souvent raisonnables. Ceux-ci sont sans commune mesure avec les commissions et les frais impos\u00e9s par les OTA ( airb\u2019nb, trip advisor, <a href=\"https:\/\/cparici.com\/de\/abritel-avis-fonctionnement-et-guide-complet-2026\/\">abritel<\/a>, homeaway, exp\u00e9dia\u2026)<\/p>\n<p>Nat\u00fcrlich ist es wichtig, die verschiedenen Anzeigenseiten zu vergleichen, die sich auf die Vermietung von Ferienh\u00e4usern spezialisiert haben. Die Preise variieren von einer Seite zur anderen und auch die Leistungen sind unterschiedlich. Z\u00f6gern Sie nicht, die verschiedenen spezialisierten Anzeigenseiten zu vergleichen.<\/p>\n<h4>Vor- und Nachteile<\/h4>\n<p>Ein Nachteil, weil es einen geben muss, ist, dass man sich selbst um das Einstellen der Anzeige und die Aktualisierung des Kalenders k\u00fcmmern muss. Aber das ist nur ein kleiner Nachteil im Vergleich zu den vielen Vorteilen :<\/p>\n<ul>\n<li>Keine Provision zu vergeben (von 3% bis \u00fcber 17% bei einigen OTAs)<\/li>\n<li>Individuelle Verwaltung der Kurtaxe (daher genauer)<\/li>\n<li>Kein Druck, Ihre Unterkunft \u00f6fter zu vermieten<\/li>\n<li>Freie Verwaltung von Terminen, Dienstleistungen, Preisen.<\/li>\n<\/ul>\n<p>Es w\u00fcrde zu weit f\u00fchren, die Vorteile im Einzelnen aufzuf\u00fchren!<\/p>\n<p>Z\u00f6gern Sie also nicht, Ihr Ferienhaus zu vermieten, ohne eine Agentur zu beauftragen! Heute ist nichts mehr so einfach. Sie m\u00fcssen nur auf eine spezielle Anzeigenseite gehen und in wenigen Minuten ist alles erledigt.<\/p>","protected":false},"excerpt":{"rendered":"<p>Comment louer sa maison de vacances sans agence Vous souhaitez louer votre maison, et vous ne souhaitez pas payer des commissions. Vous vous demandez peut-\u00eatre Comment louer sa maison de vacances sans agence \u00a0 LOUER SA MAISON SANS AGENCE? Louer sa maison de vacances sans\u00a0 agence,\u00a0 le r\u00eave pour tout propri\u00e9taire. Cependant, beaucoup de propri\u00e9taires [&hellip;]<\/p>\n","protected":false},"author":1,"featured_media":9910,"parent":0,"menu_order":0,"comment_status":"closed","ping_status":"closed","template":"","meta":{"ngg_post_thumbnail":0,"footnotes":""},"class_list":["post-10668","page","type-page","status-publish","has-post-thumbnail","hentry"],"_links":{"self":[{"href":"https:\/\/cparici.com\/de\/wp-json\/wp\/v2\/pages\/10668","targetHints":{"allow":["GET"]}}],"collection":[{"href":"https:\/\/cparici.com\/de\/wp-json\/wp\/v2\/pages"}],"about":[{"href":"https:\/\/cparici.com\/de\/wp-json\/wp\/v2\/types\/page"}],"author":[{"embeddable":true,"href":"https:\/\/cparici.com\/de\/wp-json\/wp\/v2\/users\/1"}],"replies":[{"embeddable":true,"href":"https:\/\/cparici.com\/de\/wp-json\/wp\/v2\/comments?post=10668"}],"version-history":[{"count":0,"href":"https:\/\/cparici.com\/de\/wp-json\/wp\/v2\/pages\/10668\/revisions"}],"wp:featuredmedia":[{"embeddable":true,"href":"https:\/\/cparici.com\/de\/wp-json\/wp\/v2\/media\/9910"}],"wp:attachment":[{"href":"https:\/\/cparici.com\/de\/wp-json\/wp\/v2\/media?parent=10668"}],"curies":[{"name":"wp","href":"https:\/\/api.w.org\/{rel}","templated":true}]}}