{"id":16522,"date":"2024-04-15T10:01:41","date_gmt":"2024-04-15T08:01:41","guid":{"rendered":"https:\/\/cparici.com\/?page_id=16522"},"modified":"2024-04-15T12:48:38","modified_gmt":"2024-04-15T10:48:38","slug":"thalasso-concarneau-entdecken-sie-das-marin-spa-und-einzigartige-aufenthalte","status":"publish","type":"page","link":"https:\/\/cparici.com\/de\/thalasso-concarneau-decouvrez-le-spa-marin-et-sejours-uniques\/","title":{"rendered":"Thalasso Concarneau: Entdecken Sie das Meeres-Spa und einzigartige Aufenthalte"},"content":{"rendered":"<p>Stellen Sie sich vor, Sie entspannen sich mit Blick auf das Meer in einer paradiesischen Umgebung und genie\u00dfen dabei die belebenden Behandlungen der Thalassotherapie. <strong>Ihr Traumziel ist das Spa Marin in Concarneau<\/strong>, une perle rare en Bretagne offrant des s\u00e9jours personnalis\u00e9s qui s\u2019adaptent \u00e0 vos d\u00e9sirs et \u00e0 votre budget.<\/p>\n<p>Als Teil des Thalasso Concarneau Spa Resort befindet sich diese Einrichtung auf <a href=\"https:\/\/www.google.com\/maps?sca_esv=df9114d5be7f4ca8&output=search&q=plage+des+sables+blancs+google+maps&source=lnms&entry=mc&ved=1t:200715&ictx=111\" target=\"_blank\" rel=\"noopener\">der Strand von Sables Blancs<\/a>. Er ist in kurzer Entfernung <strong>von <a href=\"https:\/\/cparici.com\/de\/geschlossene-stadt-concarneau-in-finistere\/\">historischen Herzens von Concarneau und der geschlossenen Stadt.<\/a>\u00a0<\/strong>Les appartements, spacieux et \u00e9quip\u00e9s, vous promettent confort, avec un balcon priv\u00e9 offrant une vue imprenable sur l\u2019oc\u00e9an.<\/p>\n<p>Le resort abrite \u00e9galement un restaurant o\u00f9 la gastronomie rencontre l\u2019authenticit\u00e9. D\u00e9gustez une cuisine exquise qui met \u00e0 l\u2019honneur les produits locaux de saison.<\/p>\n<p>L\u2019essence m\u00eame du Spa Marin de Concarneau est son centre de thalassoth\u00e9rapie, un havre de relaxation et de bien-\u00eatre. <strong>Plongez dans l\u2019univers du Spa avec sa piscine d\u2019eau de mer chauff\u00e9e, sauna, hammam, bain \u00e0 remous<\/strong>In den 20 Einzelkabinen k\u00f6nnen Sie sich mit Expertenbehandlungen verw\u00f6hnen lassen.<\/p>\n<p>W\u00e4hlen Sie aus einer Reihe von Thalassopaketen und individuellen Behandlungen, die so konzipiert sind, dass sie alle Ihre Erwartungen erf\u00fcllen: Entspannung, Sch\u00f6nheit, Fitness und Gesundheit.<\/p>\n<p>N\u2019attendez pas pour planifier votre escapade au Spa Marin de Concarneau. Une exp\u00e9rience inoubliable vous y attend !<\/p>\n<figure id=\"attachment_16535\" aria-describedby=\"caption-attachment-16535\" style=\"width: 2000px\" class=\"wp-caption aligncenter\"><a href=\"https:\/\/cparici.com\/wp-content\/uploads\/2024\/04\/19051.jpg\"><img decoding=\"async\" class=\"size-full wp-image-16535\" src=\"https:\/\/cparici.com\/wp-content\/uploads\/2024\/04\/19051.jpg\" alt=\"Bild zur Illustration der Spa- und Thalassostimmung\" width=\"2000\" height=\"1333\" srcset=\"https:\/\/cparici.com\/wp-content\/uploads\/2024\/04\/19051.jpg 2000w, https:\/\/cparici.com\/wp-content\/uploads\/2024\/04\/19051-600x400.jpg 600w, https:\/\/cparici.com\/wp-content\/uploads\/2024\/04\/19051-300x200.jpg 300w, https:\/\/cparici.com\/wp-content\/uploads\/2024\/04\/19051-1024x682.jpg 1024w, https:\/\/cparici.com\/wp-content\/uploads\/2024\/04\/19051-768x512.jpg 768w, https:\/\/cparici.com\/wp-content\/uploads\/2024\/04\/19051-1536x1024.jpg 1536w, https:\/\/cparici.com\/wp-content\/uploads\/2024\/04\/19051-240x160.jpg 240w\" sizes=\"(max-width: 2000px) 100vw, 2000px\" \/><\/a><figcaption id=\"caption-attachment-16535\" class=\"wp-caption-text\">Image illustrant l\u2019ambiance spa et thalasso<\/figcaption><\/figure>\n<h2>Die unvergleichlichen Wohltaten des Meeresspa in Concarneau<\/h2>\n<p>Unique en son genre, le spa marin \u00e0 Concarneau transcende l\u2019exp\u00e9rience de thalassoth\u00e9rapie, <strong>en alliant les vertus curatives de l\u2019eau de mer \u00e0 une ambiance sensorielle exceptionnelle et \u00e0 des soins sur mesure<\/strong>. Sehen wir uns an, warum dieser Ort eine echte k\u00f6rperliche und geistige Wiedergeburt verspricht.<\/p>\n<h3>Le pouvoir de l\u2019eau de mer<\/h3>\n<p>Source de vie, l\u2019eau de mer regorge de <strong>plus de 80 min\u00e9raux et oligo-\u00e9l\u00e9ments vitaux tels que le magn\u00e9sium, le calcium, le potassium, le zinc et l\u2019iode<\/strong>. Cette composition riche en fait une alli\u00e9e incomparable de la sant\u00e9 de la peau, stimulant la r\u00e9g\u00e9n\u00e9ration cellulaire, la circulation, la d\u00e9toxification et le renforcement immunitaire. Le spa marin de Concarneau accentue ces bienfaits avec une eau de mer soigneusement chauff\u00e9e \u00e0 32\u00b0C, enveloppant le corps d\u2019une chaleur r\u00e9g\u00e9n\u00e9ratrice.<\/p>\n<h3>Eine einzigartige Sinneserfahrung<\/h3>\n<p>Le spa marin de Concarneau est une ode \u00e0 la sensorialit\u00e9, offrant des panoramas oc\u00e9aniques \u00e0 couper le souffle depuis une piscine d\u2019eau de mer <strong>f\u00fcr das Wohlbefinden ausgestattet: Schwanenh\u00e4lse, Massaged\u00fcsen, Sprudelliegen und Jacuzzi<\/strong> vous attendent. La d\u00e9tente se poursuit dans l\u2019intimit\u00e9 d\u2019un sauna vue mer ou d\u2019un hammam aux ar\u00f4mes choisis, pour une immersion totale au coeur des \u00e9l\u00e9ments.<\/p>\n<p>Cette \u00e9chapp\u00e9e belle est ponctu\u00e9e par la qui\u00e9tude des paysages marins, l\u2019\u00e9coute apaisante du flux et reflux des vagues, la caresse de la brise marine sur la peau, et l\u2019invitation \u00e0 d\u00e9guster des tisanes bienfaisantes dans notre espace tisanerie.<\/p>\n<h3>Individuelle Pflege und Programme<\/h3>\n<p>Au spa marin de Concarneau, les programmes de soins sont pens\u00e9s pour s\u2019adapter \u00e0 chacun. De la demi-journ\u00e9e au s\u00e9jour prolong\u00e9 de six jours, les forfaits thalasso incluent une vari\u00e9t\u00e9 de traitements : enveloppements d\u2019algues, modelages, gommages, douches \u00e0 jet, et bains hydromassants. Les possibilit\u00e9s de soins \u00e0 la carte sont tout aussi riches et diversifi\u00e9es, couvrant les soins du visage et du corps, des programmes minceur et beaut\u00e9, ainsi que des prestations d\u00e9di\u00e9es aux besoins sp\u00e9cifiques des femmes enceintes, des sportifs, et des seniors.<\/p>\n<p>L\u2019\u00e9quipe de professionnels exp\u00e9riment\u00e9s sera \u00e0 votre disposition pour vous guider et vous accompagner \u00e0 chaque \u00e9tape de votre parcours de bien-\u00eatre.<\/p>\n<figure id=\"attachment_16531\" aria-describedby=\"caption-attachment-16531\" style=\"width: 2000px\" class=\"wp-caption aligncenter\"><a href=\"https:\/\/cparici.com\/wp-content\/uploads\/2024\/04\/6549.jpg\"><img decoding=\"async\" class=\"wp-image-16531 size-full\" src=\"https:\/\/cparici.com\/wp-content\/uploads\/2024\/04\/6549.jpg\" alt=\"Thalasso Concarneau Behandlungen und Spa\" width=\"2000\" height=\"830\" srcset=\"https:\/\/cparici.com\/wp-content\/uploads\/2024\/04\/6549.jpg 2000w, https:\/\/cparici.com\/wp-content\/uploads\/2024\/04\/6549-600x249.jpg 600w, https:\/\/cparici.com\/wp-content\/uploads\/2024\/04\/6549-300x125.jpg 300w, https:\/\/cparici.com\/wp-content\/uploads\/2024\/04\/6549-1024x425.jpg 1024w, https:\/\/cparici.com\/wp-content\/uploads\/2024\/04\/6549-768x319.jpg 768w, https:\/\/cparici.com\/wp-content\/uploads\/2024\/04\/6549-1536x637.jpg 1536w\" sizes=\"(max-width: 2000px) 100vw, 2000px\" \/><\/a><figcaption id=\"caption-attachment-16531\" class=\"wp-caption-text\">Thalasso Concarneau Behandlungen und Spa<\/figcaption><\/figure>\n<h2>Auswahl an einzigartigen Aufenthalten im Thalasso Concarneau<\/h2>\n<p>Si vous r\u00eavez d\u2019un break thalasso \u00e0 Concarneau et h\u00e9sitez sur le forfait \u00e0 choisir, ne cherchez plus. Nous avons s\u00e9lectionn\u00e9 pour vous trois exp\u00e9riences uniques \u00e0 la Thalasso Concarneau, garantissant des moments exceptionnels. Que votre qu\u00eate soit le bien-\u00eatre absolu, la vitalit\u00e9 marine ou une cure sp\u00e9cifique \u00e0 vos exigences, vous trouverez l\u2019offre parfaite parmi nos s\u00e9lections.<\/p>\n<h3>Wellness- und Entspannungs-Eskapade<\/h3>\n<p>Pour une v\u00e9ritable pause de ressourcement et relaxation, l\u2019escapade bien-\u00eatre et d\u00e9tente comprend 12 \u00e0 18 soins r\u00e9partis sur 4 \u00e0 6 jours. Immergez-vous dans une vari\u00e9t\u00e9 de soins incluant des enveloppements d\u2019algues, des modelages, des gommages, des douches \u00e0 jet, et des bains hydromassants. Profitez aussi d\u2019un acc\u00e8s illimit\u00e9 au spa marin pour vous d\u00e9lasser dans la piscine d\u2019eau de mer chauff\u00e9e, le sauna, le hammam, et le jacuzzi.<\/p>\n<p>Diese Erfahrung ist eine Einladung, loszulassen und mit dem inneren Frieden wieder in Kontakt zu treten.<\/p>\n<h3>Aufenthalt Meeresvitalit\u00e4t<\/h3>\n<p>Pour ceux en qu\u00eate d\u2019un regain d\u2019\u00e9nergie et de vitalit\u00e9, le s\u00e9jour vitalit\u00e9 marine, avec ses 13 \u00e0 20 soins sur 4 \u00e0 6 jours, est id\u00e9al. Profitez de soins \u00e9nergisants comme les jets sous-marins, les drainages marins, les pressoth\u00e9rapies, l\u2019aquagym, et les s\u00e9ances de fitness. Un acc\u00e8s illimit\u00e9 au spa marin vous permettra \u00e9galement de stimuler votre circulation et tonifier vos muscles.<\/p>\n<p>Dieses Angebot wurde entwickelt, um Ihren K\u00f6rper und Geist zu st\u00e4rken und so Ihre Immunit\u00e4t und Ihr allgemeines Wohlbefinden zu steigern.<\/p>\n<h3>Thematische Kuren f\u00fcr alle Bed\u00fcrfnisse<\/h3>\n<p>Pour un soin sur mesure selon vos besoins sp\u00e9cifiques, les cures th\u00e9matiques sur 4 \u00e0 6 jours sont la solution. Choisissez parmi une diversit\u00e9 de cures, allant de l\u2019harmonie, yoga et thalasso, second printemps, future maman, respirer, manger en pleine conscience et mincir, \u00e0 l\u2019\u00e9nergie des saisons. Chacune est con\u00e7ue pour r\u00e9pondre \u00e0 un objectif particulier : d\u00e9tente, beaut\u00e9, minceur, sant\u00e9, ou bien-\u00eatre holistique.<\/p>\n<p>Vous jouirez en outre d\u2019un acc\u00e8s illimit\u00e9 au spa marin, parfaite compl\u00e9mentarit\u00e9 \u00e0 votre cure, assurant plaisir et b\u00e9n\u00e9fices \u00e0 votre \u00eatre.<\/p>\n<h2>Maximieren Sie Ihren Besuch im Thalasso Concarneau<\/h2>\n<p>Vous \u00eates sur le point d\u2019entrer dans une phase de d\u00e9tente absolue \u00e0 Thalasso Concarneau. Mais comment tirer le meilleur de votre s\u00e9jour et des environs ? Et comment int\u00e9grer cette exp\u00e9rience dans une d\u00e9couverte plus large de la Bretagne ? Voici nos recommandations pour rendre votre passage \u00e0 Thalasso Concarneau m\u00e9morable.<\/p>\n<h3>Tipps f\u00fcr eine optimale Erfahrung<\/h3>\n<p>Befolgen Sie diese Tipps f\u00fcr einen perfekten Aufenthalt in Thalasso Concarneau :<\/p>\n<ul>\n<li>Planifiez et r\u00e9servez \u00e0 l\u2019avance pour profiter des meilleures offres et disponibilit\u00e9s.<\/li>\n<li>Emportez l\u2019essentiel : maillot de bain, bonnet de bain, peignoir, serviette, sandales, tenue de sport et cr\u00e8me solaire. Certains articles peuvent \u00eatre achet\u00e9s ou lou\u00e9s sur place si n\u00e9cessaire.<\/li>\n<li>Kommen Sie am Vortag an, um sich zu akklimatisieren und Concarneau zu erkunden, einschlie\u00dflich der ber\u00fchmten \"Ville close\" (geschlossene Stadt).<\/li>\n<li>Respectez les horaires des soins et pr\u00e9sentez-vous 10 minutes en avance, en tenue de bain. L\u2019\u00e9quipe de Thalasso est \u00e0 votre disposition pour toute question ou besoin.<\/li>\n<li>Halten Sie eine angemessene Fl\u00fcssigkeitszufuhr ohne Alkohol, Kaffee, Tee oder Limonaden aufrecht, da diese Ihren Wasserhaushalt st\u00f6ren k\u00f6nnen.<\/li>\n<li>W\u00e4hlen Sie eine gesunde Ern\u00e4hrung mit lokalen Produkten, die im Restaurant des Resorts oder \u00fcber dessen Catering-Service erh\u00e4ltlich sind.<\/li>\n<li>Assurez-vous un repos ad\u00e9quat, en \u00e9vitant les \u00e9crans et le stress avant le coucher, pour profiter pleinement de la tranquillit\u00e9 et de la vue sur l\u2019oc\u00e9an depuis votre appartement.<\/li>\n<\/ul>\n<h3>Concarneau und Umgebung entdecken<\/h3>\n<figure id=\"attachment_15014\" aria-describedby=\"caption-attachment-15014\" style=\"width: 1521px\" class=\"wp-caption aligncenter\"><a href=\"https:\/\/cparici.com\/wp-content\/uploads\/2022\/09\/concarneau-banniere-1.jpg\"><img decoding=\"async\" class=\"wp-image-15014 size-full\" src=\"https:\/\/cparici.com\/wp-content\/uploads\/2022\/09\/concarneau-banniere-1.jpg\" alt=\"geschlossene stadt concarneau\" width=\"1521\" height=\"554\" srcset=\"https:\/\/cparici.com\/wp-content\/uploads\/2022\/09\/concarneau-banniere-1.jpg 1521w, https:\/\/cparici.com\/wp-content\/uploads\/2022\/09\/concarneau-banniere-1-600x219.jpg 600w, https:\/\/cparici.com\/wp-content\/uploads\/2022\/09\/concarneau-banniere-1-768x279.jpg 768w\" sizes=\"(max-width: 1521px) 100vw, 1521px\" \/><\/a><figcaption id=\"caption-attachment-15014\" class=\"wp-caption-text\">geschlossene stadt concarneau<\/figcaption><\/figure>\n<p>Verpassen Sie nicht diese Aktivit\u00e4ten und Freizeitangebote, um Ihren Aufenthalt zu bereichern :<\/p>\n<ul>\n<li>Erkunden Sie Concarneau, seinen Fischereihafen, sein Museum, die geschlossene Stadt, die Str\u00e4nde und K\u00fcstenpfade.<\/li>\n<li>Besuchen Sie <a href=\"https:\/\/cparici.com\/de\/die-glenans-archipel-der-glenan-inseln-in-fouesnant-in-finistere\/\">die Gl\u00e9nan-Inseln<\/a> pour une immersion dans un paradis d\u2019eau turquoise, de plages de sable blanc et une faune et flore uniques. Id\u00e9al pour la plong\u00e9e, la voile ou le kitesurf.<\/li>\n<li>Entdecken Sie das Land Cornouaille und seine unumg\u00e4nglichen Sehensw\u00fcrdigkeiten wie Quimper, <a href=\"https:\/\/cparici.com\/de\/aven-brucke\/\">Pont-Aven<\/a>Die meisten dieser Orte liegen in der N\u00e4he der K\u00fcste, wie z. B. Locronan oder Pointe du Raz.<\/li>\n<li>Nutzen Sie die vom Resort oder seinen Partnern angebotenen Aktivit\u00e4ten: Radfahren, Golf, Tennis, Surfen, Paddeln, Kajakfahren, Angeln, Wandern, Yoga, Pilates oder kulturelle Veranstaltungen.<\/li>\n<\/ul>\n<h3>Integrieren Sie Thalasso in Ihre Entdeckungsreise durch die Bretagne<\/h3>\n<p>Hier sind einige Ideen, wie Sie Ihre Reise von Concarneau aus erweitern k\u00f6nnen:<\/p>\n<ul>\n<li>D\u00e9couvrez la presqu\u2019\u00eele de Crozon pour des paysages entre mer et montagne, incluant la rade de Brest et le cap de la Ch\u00e8vre.<\/li>\n<li>Visitez la c\u00f4te de Granit Rose et ses formations rocheuses fascinantes. Ne manquez pas Perros-Guirec, Ploumanac\u2019h et Tr\u00e9gastel.<\/li>\n<li>Erkunden Sie den Golf von Morbihan wegen seines Charmes mit Vannes, Carnac, Quiberon und ihrem reichen Kulturerbe.<\/li>\n<li>Plongez dans l\u2019univers de Broc\u00e9liande et ses l\u00e9gendes, avec des lieux magiques comme Paimpont, Tr\u00e9horenteuc et Comper.<\/li>\n<\/ul>\n<h2>Schlussfolgerung<\/h2>\n<p>Il est clair que la Thalasso Concarneau repr\u00e9sente le choix parfait pour vivre un s\u00e9jour thalasso exceptionnel, avec sa situation privil\u00e9gi\u00e9e face \u00e0 l\u2019oc\u00e9an. Vous y d\u00e9couvrirez les plaisirs d\u2019un spa marin haut de gamme, garant d\u2019une relaxation profonde, d\u2019un regain de vitalit\u00e9 et d\u2019un bien-\u00eatre sans \u00e9gal. De plus, une vari\u00e9t\u00e9 de s\u00e9jours sp\u00e9cialement con\u00e7us, r\u00e9pondant \u00e0 vos d\u00e9sirs et n\u00e9cessit\u00e9s, est \u00e0 votre disposition.<\/p>\n<p>Pour tirer le meilleur parti de votre temps \u00e0 la Thalasso Concarneau, suivez nos recommandations pour explorer les attractions et loisirs avoisinants ou pour enrichir votre exp\u00e9rience en l\u2019int\u00e9grant dans une exploration plus vaste de la Bretagne.<\/p>\n<p>Ne laissez pas passer cette opportunit\u00e9 et r\u00e9servez votre place \u00e0 la Thalasso Concarneau d\u00e8s aujourd\u2019hui. C\u2019est une d\u00e9cision que vous ne regretterez certainement pas !<\/p>\n<h2>FAQ<\/h2>\n<h3>Welches ist das beste Thalasso-Zentrum in der Bretagne?<\/h3>\n<p>Choisir le meilleur centre de thalasso en Bretagne d\u00e9pend de ce que vous recherchez. Plusieurs \u00e9tablissements offrent des exp\u00e9riences exceptionnelles avec des soins de haut niveau, des h\u00e9bergements de qualit\u00e9 et de splendides vues sur l\u2019oc\u00e9an.<\/p>\n<p>Zu den gut bewerteten Zentren geh\u00f6ren :<\/p>\n<ul>\n<li>Le Miramar La Cigale H\u00f4tel Thalasso & Spa \u00e0 Arzon, un \u00e9tablissement 5 \u00e9toiles offrant un environnement luxueux et des soins sur mesure.<\/li>\n<li>Les Thermes Marins de Saint-Malo, souvent le premier centre qui vient \u00e0 l\u2019esprit pour une thalasso en Bretagne, avec une gamme compl\u00e8te de soins, un spa, et une piscine d\u2019eau de mer chauff\u00e9e.<\/li>\n<li>Das Spa Marin du Val Andr\u00e9 Thalasso Resort in Pl\u00e9neuf-Val-Andr\u00e9 ist ein 4-Sterne-Hotel, das Thalassotherapie und Spa in einem einladenden und modernen Rahmen vereint.<\/li>\n<\/ul>\n<h3>Welches ist die sch\u00f6nste Thalassotherapie in Frankreich?<\/h3>\n<p>D\u00e9terminer la plus belle thalasso de France varie selon les pr\u00e9f\u00e9rences personnelles. N\u00e9anmoins, bas\u00e9 sur les retours d\u2019exp\u00e9rience et les crit\u00e8res de qualit\u00e9 et de localisation, deux centres se distinguent :<\/p>\n<ul>\n<li>Das Grand H\u00f4tel des Thermes in Saint-Malo, Bretagne, bietet eine traumhafte Lage direkt am Meer, mit verschiedenen Behandlungen, einem Meeresbereich, Spa und Gourmetrestaurant.<\/li>\n<li>Le Radisson Blu 1835 Cannes H\u00f4tel & Thalasso \u00e0 Cannes, proposant une vue imprenable sur la baie de Cannes et \u00e9quip\u00e9 d\u2019un centre thalasso contemporain et raffin\u00e9, incluant parcours aquatique, hammam, sauna et solarium.<\/li>\n<\/ul>\n<h3>Was ist der Unterschied zwischen einem Spa und einem Thalasso?<\/h3>\n<p>La principale diff\u00e9rence r\u00e9side dans l\u2019eau utilis\u00e9e : un spa emploie de l\u2019eau douce pour des soins relaxants sans but th\u00e9rapeutique sp\u00e9cifique, tandis qu\u2019une thalasso utilise l\u2019eau de mer et ses ressources pour des b\u00e9n\u00e9fices pr\u00e9ventifs ou curatifs. Contrairement aux spas, qui peuvent se situer partout, les centres de thalassoth\u00e9rapie sont typiquement en bord de mer.<\/p>\n<h3>Wie alt sollte man sein, um Thalasso zu besuchen?<\/h3>\n<p>Il n\u2019y a pas de restriction d\u2019\u00e2ge pr\u00e9cise pour profiter d\u2019une thalasso, cependant, il est conseill\u00e9 de suivre les recommandations de chaque centre et de choisir des traitements correspondant \u00e0 ses besoins. Les b\u00e9b\u00e9s de moins d\u2019un an ne sont g\u00e9n\u00e9ralement pas admis pour des raisons de s\u00e9curit\u00e9. Les adolescents, quant \u00e0 eux, peuvent trouver des formules pens\u00e9es sp\u00e9cialement pour eux.<\/p>","protected":false},"excerpt":{"rendered":"<p>Imaginez-vous vous d\u00e9tendre face \u00e0 la mer dans un cadre paradisiaque, tout en b\u00e9n\u00e9ficiant des soins revitalisants de la thalassoth\u00e9rapie. Votre destination de r\u00eave est le Spa Marin de Concarneau, une perle rare en Bretagne offrant des s\u00e9jours personnalis\u00e9s qui s\u2019adaptent \u00e0 vos d\u00e9sirs et \u00e0 votre budget. Int\u00e9gr\u00e9 au Thalasso Concarneau Spa Resort, cet [&hellip;]<\/p>\n","protected":false},"author":1,"featured_media":0,"parent":0,"menu_order":0,"comment_status":"closed","ping_status":"closed","template":"","meta":{"ngg_post_thumbnail":0,"footnotes":""},"class_list":["post-16522","page","type-page","status-publish","hentry"],"_links":{"self":[{"href":"https:\/\/cparici.com\/de\/wp-json\/wp\/v2\/pages\/16522","targetHints":{"allow":["GET"]}}],"collection":[{"href":"https:\/\/cparici.com\/de\/wp-json\/wp\/v2\/pages"}],"about":[{"href":"https:\/\/cparici.com\/de\/wp-json\/wp\/v2\/types\/page"}],"author":[{"embeddable":true,"href":"https:\/\/cparici.com\/de\/wp-json\/wp\/v2\/users\/1"}],"replies":[{"embeddable":true,"href":"https:\/\/cparici.com\/de\/wp-json\/wp\/v2\/comments?post=16522"}],"version-history":[{"count":0,"href":"https:\/\/cparici.com\/de\/wp-json\/wp\/v2\/pages\/16522\/revisions"}],"wp:attachment":[{"href":"https:\/\/cparici.com\/de\/wp-json\/wp\/v2\/media?parent=16522"}],"curies":[{"name":"wp","href":"https:\/\/api.w.org\/{rel}","templated":true}]}}