{"id":48962,"date":"2021-09-17T10:38:45","date_gmt":"2021-09-17T10:38:45","guid":{"rendered":"https:\/\/cparici.com\/pricing-tables\/"},"modified":"2024-12-29T10:44:08","modified_gmt":"2024-12-29T09:44:08","slug":"pricing-tables","status":"publish","type":"page","link":"https:\/\/cparici.com\/de\/pricing-tables\/","title":{"rendered":"Preistabellen"},"content":{"rendered":"<div class=\"pricing-container margin-top-30\">\r\n\r\n                    <div class=\"plan featured\">\r\n                                    <div class=\"listing-badge\">\r\n                        <span class=\"featured\">Featured<\/span>\r\n                    <\/div>\r\n                \r\n                <div class=\"plan-price\">\r\n\r\n                    <h3>Basic-Paket<\/h3>\r\n                    <span class=\"value\"> <span class=\"woocommerce-Price-amount amount\"><bdi>39.00\u00a0<span class=\"woocommerce-Price-currencySymbol\">\u20ac<\/span><\/bdi><\/span> <span class=\"subscription-details\"> \/ Jahr<\/span><\/span>\r\n                    <span class=\"period\"><p style=\"text-align: center;\"><strong>1 Anzeige f\u00fcr 1 Jahr!<\/strong><\/p><\/span>\r\n                <\/div>\r\n\r\n                <div class=\"plan-features\">\r\n                    <ul class=\"plan-features-auto-wc\">\r\n                                                    <li>\r\n                                This plan includes 1 listing                             <\/li>\r\n                                                    <li>\r\n                                Listings are visible for 365 days                            <\/li>\r\n                                                                            \r\n\r\n                                                            <li>\r\n                                    Reviews Module enabled                                <\/li>\r\n                            \r\n                            \r\n                            \r\n                            \r\n                                                        \r\n                                                                                                            \r\n                    <\/ul>\r\n                    <div class=\"css-17mqfl4-featureCell css-sl80pf-featureTitleCell\">\r\n<ul>\r\n \t<li>\u00a0<\/li>\r\n \t<li class=\"css-hrfmkk-featureCellValue\"><strong>1 Anzeige<\/strong>\u00a0 auf Ihrer gewidmeten Seite<\/li>\r\n \t<li class=\"css-hrfmkk-featureCellValue\">- Kontakt- oder Buchungsformular<\/li>\r\n \t<li>- Freier Austausch von Kontaktinformationen<\/li>\r\n \t<li style=\"text-align: center;\"><span style=\"font-size: 14pt;\"><strong>+<\/strong><\/span><\/li>\r\n \t<li><strong>Pr\u00e4senz<\/strong> \u00a0<strong>Internet<\/strong><\/li>\r\n \t<li>Ihre Anzeige auf allen Seiten der Gemeinde*.<\/li>\r\n \t<li style=\"text-align: center;\"><span style=\"font-size: 14pt;\"><strong>+<\/strong><\/span><\/li>\r\n \t<li><strong>Und keine Provisionen \ud83d\ude42 .<\/strong><\/li>\r\n<\/ul>\r\n<\/div>\r\n<div class=\"css-2qi252 css-lb9cx4-stack css-1imox1-stackGridRows css-1bjhv8d css-1vznryd\">\r\n<div class=\"css-1izmd5k-inline\" data-hidden-mobile=\"true\" data-hidden-tablet=\"false\" data-hidden-desktop=\"false\">\r\n<div class=\"css-i8zoij-tooltipInline\" data-state=\"closed\">\r\n<div class=\"css-e0xmtj-ppTarget\">\r\n<div class=\"css-17mqfl4-featureCell\">\u00a0<\/div>\r\n<\/div>\r\n<\/div>\r\n<\/div>\r\n<div class=\"css-1izmd5k-inline\" data-hidden-mobile=\"true\" data-hidden-tablet=\"false\" data-hidden-desktop=\"false\">\r\n<div class=\"css-i8zoij-tooltipInline\" data-state=\"open\" aria-describedby=\":r3s:\">\r\n<div class=\"css-e0xmtj-ppTarget\">\r\n<div class=\"css-17mqfl4-featureCell\">\u00a0<\/div>\r\n<\/div>\r\n<\/div>\r\n<\/div>\r\n<div class=\"css-1izmd5k-inline\" data-hidden-mobile=\"true\" data-hidden-tablet=\"false\" data-hidden-desktop=\"false\">\r\n<div class=\"css-i8zoij-tooltipInline\" data-state=\"closed\">\r\n<div class=\"css-e0xmtj-ppTarget\">\r\n<div class=\"css-17mqfl4-featureCell\">\r\n<div class=\"css-hrfmkk-featureCellValue css-kez7ir-featureCellValueWithTooltip\">\u00a0<\/div>\r\n<\/div>\r\n<\/div>\r\n<\/div>\r\n<\/div>\r\n<\/div>                    <a href=\"\/de\/wp-json\/wp\/v2\/pages\/48962?add-to-cart=44007\" class=\"button\"><i class=\"fa fa-shopping-cart\"><\/i> Add Listing<\/a>\r\n\r\n\r\n                <\/div>\r\n\r\n            <\/div>\r\n\r\n                    <div class=\"plan\">\r\n                \r\n                <div class=\"plan-price\">\r\n\r\n                    <h3>Premium-Paket<\/h3>\r\n                    <span class=\"value\"> <span class=\"woocommerce-Price-amount amount\"><bdi>59.00\u00a0<span class=\"woocommerce-Price-currencySymbol\">\u20ac<\/span><\/bdi><\/span> <span class=\"subscription-details\"> \/ Jahr<\/span><\/span>\r\n                    <span class=\"period\"><p style=\"text-align: center;\">1 Anzeige f\u00fcr 1 Jahr!<\/p><\/span>\r\n                <\/div>\r\n\r\n                <div class=\"plan-features\">\r\n                    <ul class=\"plan-features-auto-wc\">\r\n                                                    <li>\r\n                                This plan includes 1 listing                             <\/li>\r\n                                                    <li>\r\n                                Listings are visible for 365 days                            <\/li>\r\n                                                                            \r\n\r\n                                                            <li>\r\n                                    Reviews Module enabled                                <\/li>\r\n                            \r\n                            \r\n                            \r\n                            \r\n                                                        \r\n                                                                                                            \r\n                    <\/ul>\r\n                    <ul>\r\n \t<li>\u00a0<\/li>\r\n \t<li><span style=\"font-size: 12pt;\"><strong>Alles, was im Paket enthalten ist 39 Euro<\/strong><\/span><\/li>\r\n \t<li style=\"text-align: center;\"><strong><span style=\"font-size: 18pt;\">+ <\/span><\/strong><\/li>\r\n \t<li><span style=\"font-size: 12pt;\"><strong>Internetpr\u00e4senz (\u00d73)<\/strong><\/span><\/li>\r\n \t<li>Ihre Anzeige auf allen Seiten von 2 benachbarten Gemeinden*.<\/li>\r\n \t<li>\u00a0<\/li>\r\n \t<li><strong><span style=\"font-size: 12pt;\">Und immer noch keine Provision \ud83d\ude42 .<\/span><\/strong><\/li>\r\n<\/ul>                    <a href=\"\/de\/wp-json\/wp\/v2\/pages\/48962?add-to-cart=44010\" class=\"button\"><i class=\"fa fa-shopping-cart\"><\/i> Add Listing<\/a>\r\n\r\n\r\n                <\/div>\r\n\r\n            <\/div>\r\n\r\n                    <div class=\"plan\">\r\n                \r\n                <div class=\"plan-price\">\r\n\r\n                    <h3>Business-Paket<\/h3>\r\n                    <span class=\"value\"> <span class=\"woocommerce-Price-amount amount\"><bdi>89.00\u00a0<span class=\"woocommerce-Price-currencySymbol\">\u20ac<\/span><\/bdi><\/span> <span class=\"subscription-details\"> \/ Jahr<\/span><\/span>\r\n                    <span class=\"period\"><p style=\"text-align: center;\"><strong>3 Anzeigen f\u00fcr 1 Jahr!<\/strong><\/p><\/span>\r\n                <\/div>\r\n\r\n                <div class=\"plan-features\">\r\n                    <ul class=\"plan-features-auto-wc\">\r\n                                                    <li>\r\n                                This plan includes 3 listings                             <\/li>\r\n                                                    <li>\r\n                                Listings are visible for 365 days                            <\/li>\r\n                                                                            \r\n\r\n                                                            <li>\r\n                                    Reviews Module enabled                                <\/li>\r\n                            \r\n                            \r\n                            \r\n                            \r\n                                                        \r\n                                                                                                            \r\n                    <\/ul>\r\n                    <ul>\r\n \t<li>\u00a0<\/li>\r\n \t<li><strong>Alles, was im Paket enthalten ist 59 Euro<\/strong><\/li>\r\n \t<li>\u00a0<\/li>\r\n \t<li><strong>F\u00fcr 3 Anzeigen!<\/strong><\/li>\r\n \t<li>\u00a0<\/li>\r\n \t<li><strong>Und immer noch keine Provision \ud83d\ude42 .<\/strong><\/li>\r\n<\/ul>                    <a href=\"\/de\/wp-json\/wp\/v2\/pages\/48962?add-to-cart=44009\" class=\"button\"><i class=\"fa fa-shopping-cart\"><\/i> Add Listing<\/a>\r\n\r\n\r\n                <\/div>\r\n\r\n            <\/div>\r\n\r\n                    <div class=\"plan\">\r\n                \r\n                <div class=\"plan-price\">\r\n\r\n                    <h3>Profi-Paket<\/h3>\r\n                    <span class=\"value\"> <span class=\"woocommerce-Price-amount amount\"><bdi>290.00\u00a0<span class=\"woocommerce-Price-currencySymbol\">\u20ac<\/span><\/bdi><\/span> <span class=\"subscription-details\"> \/ Jahr<\/span><\/span>\r\n                    <span class=\"period\"><p style=\"text-align: center;\">10 Anzeigen f\u00fcr 1 Jahr!<\/p><\/span>\r\n                <\/div>\r\n\r\n                <div class=\"plan-features\">\r\n                    <ul class=\"plan-features-auto-wc\">\r\n                                                    <li>\r\n                                This plan includes 10 listings                             <\/li>\r\n                                                    <li>\r\n                                Listings are visible for 365 days                            <\/li>\r\n                                                                            \r\n\r\n                            \r\n                            \r\n                            \r\n                            \r\n                                                        \r\n                                                                                                            \r\n                    <\/ul>\r\n                    <ul>\r\n \t<li>\u00a0<\/li>\r\n \t<li><span style=\"font-size: 12pt;\"><strong>Alles, was im Paket enthalten ist 59 Euro<\/strong><\/span><\/li>\r\n \t<li style=\"text-align: center;\">\u00a0<\/li>\r\n \t<li><span style=\"font-size: 12pt;\"><strong>F\u00fcr 10 Anzeigen!<\/strong><\/span><\/li>\r\n \t<li>\u00a0<\/li>\r\n \t<li><strong><span style=\"font-size: 12pt;\">Und immer noch keine Provision \ud83d\ude42 .<\/span><\/strong><\/li>\r\n<\/ul>\r\nPaket geeignet f\u00fcr Pf\u00f6rtnerh\u00e4user, Landg\u00fcter oder Feriend\u00f6rfer                    <a href=\"\/de\/wp-json\/wp\/v2\/pages\/48962?add-to-cart=72863\" class=\"button\"><i class=\"fa fa-shopping-cart\"><\/i> Add Listing<\/a>\r\n\r\n\r\n                <\/div>\r\n\r\n            <\/div>\r\n\r\n            <\/div>","protected":false},"excerpt":{"rendered":"","protected":false},"author":1,"featured_media":0,"parent":0,"menu_order":0,"comment_status":"closed","ping_status":"closed","template":"","meta":{"ngg_post_thumbnail":0,"footnotes":""},"class_list":["post-48962","page","type-page","status-publish","hentry"],"_links":{"self":[{"href":"https:\/\/cparici.com\/de\/wp-json\/wp\/v2\/pages\/48962","targetHints":{"allow":["GET"]}}],"collection":[{"href":"https:\/\/cparici.com\/de\/wp-json\/wp\/v2\/pages"}],"about":[{"href":"https:\/\/cparici.com\/de\/wp-json\/wp\/v2\/types\/page"}],"author":[{"embeddable":true,"href":"https:\/\/cparici.com\/de\/wp-json\/wp\/v2\/users\/1"}],"replies":[{"embeddable":true,"href":"https:\/\/cparici.com\/de\/wp-json\/wp\/v2\/comments?post=48962"}],"version-history":[{"count":0,"href":"https:\/\/cparici.com\/de\/wp-json\/wp\/v2\/pages\/48962\/revisions"}],"wp:attachment":[{"href":"https:\/\/cparici.com\/de\/wp-json\/wp\/v2\/media?parent=48962"}],"curies":[{"name":"wp","href":"https:\/\/api.w.org\/{rel}","templated":true}]}}