{"id":76285,"date":"2026-02-01T13:21:16","date_gmt":"2026-02-01T12:21:16","guid":{"rendered":"https:\/\/cparici.com\/?page_id=76285"},"modified":"2026-02-03T16:01:13","modified_gmt":"2026-02-03T15:01:13","slug":"test-map-2","status":"publish","type":"page","link":"https:\/\/cparici.com\/de\/test-map-2\/","title":{"rendered":"test map 2"},"content":{"rendered":"<div data-elementor-type=\"wp-page\" data-elementor-id=\"76285\" class=\"elementor elementor-76285\" data-elementor-post-type=\"page\">\n\t\t\t\t<div class=\"elementor-element elementor-element-99a039a e-flex e-con-boxed e-con e-parent\" data-id=\"99a039a\" data-element_type=\"container\" data-e-type=\"container\">\n\t\t\t\t\t<div class=\"e-con-inner\">\n\t\t\t\t<div class=\"elementor-element elementor-element-c86253a elementor-widget elementor-widget-listeo-listings\" data-id=\"c86253a\" data-element_type=\"widget\" data-e-type=\"widget\" data-widget_type=\"listeo-listings.default\">\n\t\t\t\t<div class=\"elementor-widget-container\">\n\t\t\t\t\t\n\t\t\t<div class=\"row margin-bottom-25\">\n\t\t\t\t\n\n\n<!-- Sorting \/ Layout Switcher -->\n\t\t<div class=\"col-md-12\">\n\t\t\t\t<div class=\"fullwidth-filters  ajax-search\">\n\n\t\t\t\n\t\t\t\t\t\n\t\t\t\t\t\t\t<!-- Sort by -->\n\t\t\t\t<div class=\"sort-by\">\n\t\t\t\t\t<div class=\"sort-by-select\">\n\t\t\t\t\t\t\t\t\t\t\t\t\t\t\t\t\t\t<select form=\"listeo_core-search-form\" name=\"listeo_core_order\" data-placeholder=\"Default order\" class=\"select2-sortby orderby\">\n\t\t\t\t\t\t\t<option  value=\"default\">Default Order<\/option>\n\t\t\t\t\t\t\t\t\t\t\t\t\t\t\t\t\t\t\t\t\t\t<option  value=\"distance\" class=\"distance-sort\">\n\t\t\t\t\t\t\t\t\tN\u00e4chstgelegene zuerst\t\t\t\t\t\t\t\t<\/option>\n\t\t\t\t\t\t\t\t\t\t\t\t\t\t\t\t\t\t\t\t\t\t\t\t\t\t\t\t <option  value=\"highest-rated\">Highest Rated<\/option>\t\t\t\t\t\t\t\t\t\t\t\t\t\t\t<option  value=\"reviewed\">Most Reviewed<\/option>\t\t\t\t\t\t\t\t\t\t\t\t\t\t<option  value=\"date-desc\">Newest Listings<\/option>\t\t\t\t\t\t\t<option  value=\"date-asc\">Oldest Listings<\/option>\t\t\t\t\t\t\t<option  value=\"title\">Alphabetisch<\/option>\t\t\t\t\t\t\t<option  value=\"featured\">Featured<\/option>\t\t\t\t\t\t\t<option  value=\"views\">Most Views<\/option>\t\t\t\t\t\t\t<option  value=\"verified\">Verified<\/option>\t\t\t\t\t\t\t<option  value=\"upcoming-event\">Upcoming Event<\/option>\t\t\t\t\t\t\t<option  selected='selected' value=\"rand\">Random<\/option>\t\t\t\t\t\t<\/select>\n\t\t\t\t\t<\/div>\n\t\t\t\t<\/div>\n\t\t\t\t<!-- Sort by \/ End -->\n\t\t\t\n\t\t\t\n\t\t<\/div>\n\t\t<\/div>\t\t\t<\/div>\n\t\t<!-- Listings -->\r\n\r\n<div id=\"listeo-listings-container\" \r\ndata-counter=\"105\" \r\ndata-style=\"grid\"  \r\ndata-custom_class=\"new-grid-layout-nl \" \r\ndata-per_page=\"3\" \r\ndata-grid_columns=\"3\" \r\nclass=\"list-layout new-grid-layout-nl ajax-search\">\r\n\t<div class=\"loader-ajax-container\" > <div class=\"loader-ajax\"><\/div> <\/div><!-- Listing Item -->\r\n\r\n\r\n<div  class=\"listing-card-container-nl margin-bottom-30 listing-geo-data\" \r\n\t\tdata-title=\"Id\u00e9al PUY DU FOU \u2013 Chambres 6 personnes \u2013 jardin avec piscine\"\r\n\t\tdata-listing-type=\"rental\"\r\n\t\tdata-classifieds-price=\"\u20ac\"\r\n\t\tdata-friendly-address=\"SAINT AUBIN DES ORMEAUX\"\r\n\t\tdata-address=\"SAINT AUBIN DES ORMEAUX\"\r\n\t\tdata-image=\"https:\/\/cparici.com\/wp-content\/uploads\/2026\/05\/VUE-JARDIN-ET-PISCINE-SUITE-520x397.jpg\"\r\n\t\tdata-longitude=\"-1.0481952\"\r\n\t\tdata-latitude=\"46.992186\"\r\n\t\t\t\t\tdata-rating=\"0\"\r\n\t\t\tdata-reviews=\"0\"\r\n\t\t\t\tdata-icon=\"<svg xmlns=&quot;http:\/\/www.w3.org\/2000\/svg&quot; width=&quot;800px&quot; height=&quot;800px&quot; viewBox=&quot;0 0 45 45&quot; fill=&quot;none&quot;><path d=&quot;M24.155 8.78099L24.33 8.94499L37.402 21.787L36 23.213L34.2 21.445L34.201 35C34.201 36.054 33.385 36.918 32.35 36.994L32.201 37H12.201C11.147 37 10.283 36.184 10.206 35.149L10.201 35L10.2 21.446L8.402 23.213L7 21.787L20.058 8.95799C21.171 7.82199 22.966 7.75899 24.155 8.78099ZM21.569 10.285L21.473 10.372L12.2 19.481L12.201 35L17.2 34.999L17.201 25C17.201 23.946 18.017 23.082 19.052 23.005L19.201 23H25.201C26.255 23 27.119 23.816 27.196 24.851L27.201 25L27.2 34.999L32.201 35L32.2 19.48L22.901 10.344C22.537 9.98699 21.969 9.96499 21.569 10.285ZM25.201 25H19.201L19.2 34.999H25.2L25.201 25Z&quot; fill=&quot;#3C3C3C&quot;\/><\/svg>\"\r\n\r\n\t>\r\n\t<div class=\"listing-card-nl\">\r\n\t\t<!-- ===== LEFT: IMAGE SLIDER ===== -->\r\n\t\t<div class=\"listing-image-container-nl\">\r\n\t\t\t<a href=\"https:\/\/cparici.com\/de\/annonce\/ideal-puy-du-fou-chambres-6-personnes-jardin-avec-piscine\/\">\r\n\t\t\t\t<div class=\"slider-wrapper-nl\">\r\n\t\t\t\t\t\t\t\t\t<img decoding=\"async\" src=\"https:\/\/cparici.com\/wp-content\/uploads\/2026\/05\/VUE-JARDIN-ET-PISCINE-SUITE-520x397.jpg\" alt=\"Id\u00e9al PUY DU FOU - Zimmer 6 Personen - Garten mit Pool\" class=\"slider-image-nl\">\r\n\t\t\t\t\t\t<img decoding=\"async\" src=\"https:\/\/cparici.com\/wp-content\/uploads\/2026\/05\/TERRASSE-BIS4-520x397.jpg\" alt=\"Id\u00e9al PUY DU FOU - Zimmer 6 Personen - Garten mit Pool\" class=\"slider-image-nl\">\r\n\t\t\t\t\t\t<img decoding=\"async\" src=\"https:\/\/cparici.com\/wp-content\/uploads\/2026\/05\/ENTREE-1-520x397.jpg\" alt=\"Id\u00e9al PUY DU FOU - Zimmer 6 Personen - Garten mit Pool\" class=\"slider-image-nl\">\r\n\t\t\t\t\t\t<\/div>\r\n\t\t\t<\/a>\r\n\r\n\t\t\t\t\t\t<div class=\"slider-arrow-nl left-nl\" id=\"prevBtn\"><i class=\"fa-solid fa-chevron-left\"><\/i><\/div>\r\n\t\t\t<div class=\"slider-arrow-nl right-nl\" id=\"nextBtn\"><i class=\"fa-solid fa-chevron-right\"><\/i><\/div>\r\n\t\t\t<div class=\"image-overlay-top-nl\">\r\n\r\n\t\t\t\t<span class=\"listing-category-tag-nl\">Unterk\u00fcnfte<\/span>\t\t\t\t\r\n\t\t\t\t\t\t\t\t\t\t\t\t<div class=\"favorite-icon-nl\" id=\"favoriteBtn\">\r\n\t\t\t\t\t\t\t\t<span class=\"save fa-regular fa-heart tooltip left\" title=\"Login To Bookmark Items\"><\/span>\r\n\t\t\t\t\t\t\t<\/div>\r\n\t\t\t\t\t\t\t\t\t\t\t\r\n\r\n\t\t\t\t\t\t\t<\/div>\r\n\t\t<\/div>\r\n\r\n\t\t<!-- ===== RIGHT: LISTING DETAILS (NOW 2-COLUMN) ===== -->\r\n\t\t<a href=\"https:\/\/cparici.com\/de\/annonce\/ideal-puy-du-fou-chambres-6-personnes-jardin-avec-piscine\/\" class=\"listing-details-nl\">\r\n\r\n\t\t\t<!-- Main Content Column (Left) -->\r\n\t\t\t<div class=\"details-main-col-nl\">\r\n\t\t\t\t<div class=\"listing-badges-nl\">\r\n\t\t\t\t\t\t\t\t\t\t<span class=\"badge-nl featured-nl\"><i class=\"fa-solid fa-star\"><\/i> Featured<\/span>\t\t\t\t<\/div>\r\n\t\t\t\t<h2 class=\"listing-title-nl\">Id\u00e9al PUY DU FOU - Zimmer 6 Personen - Garten mit Pool\t\t\t\t\t<div class=\"listing-title-badges-nl\">\r\n\t\t\t\t\t\t\t\t\t\t\t\t\t\t\t\t\t<\/div>\r\n\t\t\t\t<\/h2>\r\n\t\t\t\t<p class=\"listing-location-nl\">SAINT AUBIN DES ORMEAUX<\/p>\r\n\r\n\t\t\t\t\r\n\t\t\t\t\t<div class=\"listing-amenities-nl\">\r\n\t\t\t\t\t\t\r\n\t\t\t\t\t<\/div>\r\n\t\t\t\t\t\t\t<\/div>\r\n\r\n\t\t\t<!-- Sidebar Column (Right) -->\r\n\t\t\t<div class=\"details-sidebar-col-nl\">\r\n\t\t\t\t<div class=\"details-sidebar-upper-nl\">\r\n\r\n\t\t\t\t\t\t\t\t\t<\/div>\r\n\t\t\t\t\t\t\t\t\t\t<div class=\"listing-booking-nl\">\r\n\t\t\t\t\t\t\t<p class=\"price-nl\">180,00\u20ac - 280,00\u20ac<\/p>\r\n\t\t\t\t\t\t\t\t\t\t\t\t\t<\/div>\r\n\t\t\t\t\r\n\r\n\t\t\t<\/div>\r\n\r\n\r\n\t\t<\/a>\r\n\t<\/div>\r\n<\/div>\r\n\r\n\r\n<!-- Listing Item \/ End --><!-- Listing Item -->\r\n\r\n\r\n<div  class=\"listing-card-container-nl margin-bottom-30 listing-geo-data\" \r\n\t\tdata-title=\"La Mongie Pic du midi col du Tourmalet appt tout confort 8 pers 3 ch\"\r\n\t\tdata-listing-type=\"rental\"\r\n\t\tdata-classifieds-price=\"\u20ac\"\r\n\t\tdata-friendly-address=\"18 avenue du tourmalet 65200 bagnere de bigorre la mongie\"\r\n\t\tdata-address=\"18 avenue du tourmalet 65200 bagnere de bigorre la mongie\"\r\n\t\tdata-image=\"https:\/\/cparici.com\/wp-content\/uploads\/2026\/05\/SALLE-A-MANGER-PLUS-SALON-520x397.webp\"\r\n\t\tdata-longitude=\"0.1790649\"\r\n\t\tdata-latitude=\"42.9110429\"\r\n\t\t\t\t\tdata-rating=\"4.7\"\r\n\t\t\tdata-reviews=\"13\"\r\n\t\t\t\tdata-icon=\"<svg xmlns=&quot;http:\/\/www.w3.org\/2000\/svg&quot; width=&quot;800px&quot; height=&quot;800px&quot; viewBox=&quot;0 0 45 45&quot; fill=&quot;none&quot;><path d=&quot;M24.155 8.78099L24.33 8.94499L37.402 21.787L36 23.213L34.2 21.445L34.201 35C34.201 36.054 33.385 36.918 32.35 36.994L32.201 37H12.201C11.147 37 10.283 36.184 10.206 35.149L10.201 35L10.2 21.446L8.402 23.213L7 21.787L20.058 8.95799C21.171 7.82199 22.966 7.75899 24.155 8.78099ZM21.569 10.285L21.473 10.372L12.2 19.481L12.201 35L17.2 34.999L17.201 25C17.201 23.946 18.017 23.082 19.052 23.005L19.201 23H25.201C26.255 23 27.119 23.816 27.196 24.851L27.201 25L27.2 34.999L32.201 35L32.2 19.48L22.901 10.344C22.537 9.98699 21.969 9.96499 21.569 10.285ZM25.201 25H19.201L19.2 34.999H25.2L25.201 25Z&quot; fill=&quot;#3C3C3C&quot;\/><\/svg>\"\r\n\r\n\t>\r\n\t<div class=\"listing-card-nl\">\r\n\t\t<!-- ===== LEFT: IMAGE SLIDER ===== -->\r\n\t\t<div class=\"listing-image-container-nl\">\r\n\t\t\t<a href=\"https:\/\/cparici.com\/de\/annonce\/la-mongie-pic-du-midi-col-du-tourmalet-appt-tout-confort-8-pers-3-ch\/\">\r\n\t\t\t\t<div class=\"slider-wrapper-nl\">\r\n\t\t\t\t\t\t\t\t\t<img decoding=\"async\" src=\"https:\/\/cparici.com\/wp-content\/uploads\/2026\/05\/SALLE-A-MANGER-PLUS-SALON-520x397.webp\" alt=\"La Mongie Pic du midi col du Tourmalet appt tout confort 8 pers 3 ch\" class=\"slider-image-nl\">\r\n\t\t\t\t\t\t<img decoding=\"async\" src=\"https:\/\/cparici.com\/wp-content\/uploads\/2026\/05\/CHAMBRE-ADULTES-OU-ADOLESCENT-520x397.webp\" alt=\"La Mongie Pic du midi col du Tourmalet appt tout confort 8 pers 3 ch\" class=\"slider-image-nl\">\r\n\t\t\t\t\t\t<img decoding=\"async\" src=\"https:\/\/cparici.com\/wp-content\/uploads\/2026\/05\/CHAMBRE-ENFANTS-520x397.webp\" alt=\"La Mongie Pic du midi col du Tourmalet appt tout confort 8 pers 3 ch\" class=\"slider-image-nl\">\r\n\t\t\t\t\t\t<\/div>\r\n\t\t\t<\/a>\r\n\r\n\t\t\t\t\t\t<div class=\"slider-arrow-nl left-nl\" id=\"prevBtn\"><i class=\"fa-solid fa-chevron-left\"><\/i><\/div>\r\n\t\t\t<div class=\"slider-arrow-nl right-nl\" id=\"nextBtn\"><i class=\"fa-solid fa-chevron-right\"><\/i><\/div>\r\n\t\t\t<div class=\"image-overlay-top-nl\">\r\n\r\n\t\t\t\t<span class=\"listing-category-tag-nl\">Unterk\u00fcnfte<\/span>\t\t\t\t\r\n\t\t\t\t\t\t\t\t\t\t\t\t<div class=\"favorite-icon-nl\" id=\"favoriteBtn\">\r\n\t\t\t\t\t\t\t\t<span class=\"save fa-regular fa-heart tooltip left\" title=\"Login To Bookmark Items\"><\/span>\r\n\t\t\t\t\t\t\t<\/div>\r\n\t\t\t\t\t\t\t\t\t\t\t\r\n\r\n\t\t\t\t\t\t\t<\/div>\r\n\t\t<\/div>\r\n\r\n\t\t<!-- ===== RIGHT: LISTING DETAILS (NOW 2-COLUMN) ===== -->\r\n\t\t<a href=\"https:\/\/cparici.com\/de\/annonce\/la-mongie-pic-du-midi-col-du-tourmalet-appt-tout-confort-8-pers-3-ch\/\" class=\"listing-details-nl\">\r\n\r\n\t\t\t<!-- Main Content Column (Left) -->\r\n\t\t\t<div class=\"details-main-col-nl\">\r\n\t\t\t\t<div class=\"listing-badges-nl\">\r\n\t\t\t\t\t\t\t\t\t\t\t\t\t\t<\/div>\r\n\t\t\t\t<h2 class=\"listing-title-nl\">La Mongie Pic du midi col du Tourmalet appt tout confort 8 pers 3 ch\t\t\t\t\t<div class=\"listing-title-badges-nl\">\r\n\t\t\t\t\t\t\t\t\t\t\t\t\t\t\t\t\t<\/div>\r\n\t\t\t\t<\/h2>\r\n\t\t\t\t<p class=\"listing-location-nl\">18 avenue du tourmalet 65200 bagnere de bigorre la mongie<\/p>\r\n\r\n\t\t\t\t\r\n\t\t\t\t\t<div class=\"listing-amenities-nl\">\r\n\t\t\t\t\t\t\r\n\t\t\t\t\t<\/div>\r\n\t\t\t\t\t\t\t<\/div>\r\n\r\n\t\t\t<!-- Sidebar Column (Right) -->\r\n\t\t\t<div class=\"details-sidebar-col-nl\">\r\n\t\t\t\t<div class=\"details-sidebar-upper-nl\">\r\n\r\n\t\t\t\t\t\t\t\t\t\t\t\t<div class=\"listing-rating-nl\">\r\n\t\t\t\t\t\t\t\t<div class=\"stars-nl\" data-rating=\"4.7\">\r\n\r\n\t\t\t\t\t\t\t\t\t<div class=\"listing-rating-nl\">\n                      <div class=\"stars-nl\">\n                          <i class=\"fa-solid fa-star\"><\/i>\n                            <i class=\"fa-solid fa-star\"><\/i>\n                            <i class=\"fa-solid fa-star\"><\/i>\n                            <i class=\"fa-solid fa-star\"><\/i>\n                            <i class=\"fa-solid fa-star-half-stroke\"><\/i>\n                      <\/div>\n                       <div class=\"rating-text-nl\">4.7 <span>(13)<\/span><\/div><\/div> \t\t\t\t\t\t\t\t<\/div>\r\n\t\t\t\t\t\t\t<\/div>\r\n\t\t\t\t\t\t\t\t\t<\/div>\r\n\t\t\t\t\t\t\t\t\t\t<div class=\"listing-booking-nl\">\r\n\t\t\t\t\t\t\t<p class=\"price-nl\">Starts from 120,00\u20ac<\/p>\r\n\t\t\t\t\t\t\t\t\t\t\t\t\t<\/div>\r\n\t\t\t\t\r\n\r\n\t\t\t<\/div>\r\n\r\n\r\n\t\t<\/a>\r\n\t<\/div>\r\n<\/div>\r\n\r\n\r\n<!-- Listing Item \/ End --><!-- Listing Item -->\r\n\r\n\r\n<div  class=\"listing-card-container-nl margin-bottom-30 listing-geo-data\" \r\n\t\tdata-title=\"Villa avec piscine lac d\u2019Aiguebelette \u2013 10 personnes\"\r\n\t\tdata-listing-type=\"rental\"\r\n\t\tdata-classifieds-price=\"\u20ac\"\r\n\t\tdata-friendly-address=\"Aiguebelette-le-Lac\"\r\n\t\tdata-address=\"Aiguebelette-le-Lac\"\r\n\t\tdata-image=\"https:\/\/cparici.com\/wp-content\/uploads\/2026\/05\/Villa-10-personnes-avec-piscine-Lac-dAiguebelette-Piscine-5-1-520x397.webp\"\r\n\t\tdata-longitude=\"5.817647007674256\"\r\n\t\tdata-latitude=\"45.5380715360944\"\r\n\t\t\t\t\tdata-rating=\"0\"\r\n\t\t\tdata-reviews=\"0\"\r\n\t\t\t\tdata-icon=\"<svg xmlns=&quot;http:\/\/www.w3.org\/2000\/svg&quot; width=&quot;800px&quot; height=&quot;800px&quot; viewBox=&quot;0 0 45 45&quot; fill=&quot;none&quot;><path d=&quot;M24.155 8.78099L24.33 8.94499L37.402 21.787L36 23.213L34.2 21.445L34.201 35C34.201 36.054 33.385 36.918 32.35 36.994L32.201 37H12.201C11.147 37 10.283 36.184 10.206 35.149L10.201 35L10.2 21.446L8.402 23.213L7 21.787L20.058 8.95799C21.171 7.82199 22.966 7.75899 24.155 8.78099ZM21.569 10.285L21.473 10.372L12.2 19.481L12.201 35L17.2 34.999L17.201 25C17.201 23.946 18.017 23.082 19.052 23.005L19.201 23H25.201C26.255 23 27.119 23.816 27.196 24.851L27.201 25L27.2 34.999L32.201 35L32.2 19.48L22.901 10.344C22.537 9.98699 21.969 9.96499 21.569 10.285ZM25.201 25H19.201L19.2 34.999H25.2L25.201 25Z&quot; fill=&quot;#3C3C3C&quot;\/><\/svg>\"\r\n\r\n\t>\r\n\t<div class=\"listing-card-nl\">\r\n\t\t<!-- ===== LEFT: IMAGE SLIDER ===== -->\r\n\t\t<div class=\"listing-image-container-nl\">\r\n\t\t\t<a href=\"https:\/\/cparici.com\/de\/annonce\/villa-avec-piscine-lac-daiguebelette-10-personnes\/\">\r\n\t\t\t\t<div class=\"slider-wrapper-nl\">\r\n\t\t\t\t\t\t\t\t\t<img decoding=\"async\" src=\"https:\/\/cparici.com\/wp-content\/uploads\/2026\/05\/Villa-10-personnes-avec-piscine-Lac-dAiguebelette-Piscine-5-1-520x397.webp\" alt=\"Villa mit Pool Lac d&#039;Aiguebelette - 10 Personen\" class=\"slider-image-nl\">\r\n\t\t\t\t\t\t<img decoding=\"async\" src=\"https:\/\/cparici.com\/wp-content\/uploads\/2026\/05\/Villa-10-personnes-avec-piscine-Lac-dAiguebelette-Cuisine-2-scaled-2-520x397.webp\" alt=\"Villa mit Pool Lac d&#039;Aiguebelette - 10 Personen\" class=\"slider-image-nl\">\r\n\t\t\t\t\t\t<img decoding=\"async\" src=\"https:\/\/cparici.com\/wp-content\/uploads\/2026\/05\/Villa-10-personnes-avec-piscine-Lac-dAiguebelette-Coin-repas-1-scaled-2-520x397.webp\" alt=\"Villa mit Pool Lac d&#039;Aiguebelette - 10 Personen\" class=\"slider-image-nl\">\r\n\t\t\t\t\t\t<\/div>\r\n\t\t\t<\/a>\r\n\r\n\t\t\t\t\t\t<div class=\"slider-arrow-nl left-nl\" id=\"prevBtn\"><i class=\"fa-solid fa-chevron-left\"><\/i><\/div>\r\n\t\t\t<div class=\"slider-arrow-nl right-nl\" id=\"nextBtn\"><i class=\"fa-solid fa-chevron-right\"><\/i><\/div>\r\n\t\t\t<div class=\"image-overlay-top-nl\">\r\n\r\n\t\t\t\t<span class=\"listing-category-tag-nl\">Unterk\u00fcnfte<\/span>\t\t\t\t\r\n\t\t\t\t\t\t\t\t\t\t\t\t<div class=\"favorite-icon-nl\" id=\"favoriteBtn\">\r\n\t\t\t\t\t\t\t\t<span class=\"save fa-regular fa-heart tooltip left\" title=\"Login To Bookmark Items\"><\/span>\r\n\t\t\t\t\t\t\t<\/div>\r\n\t\t\t\t\t\t\t\t\t\t\t\r\n\r\n\t\t\t\t\t\t\t<\/div>\r\n\t\t<\/div>\r\n\r\n\t\t<!-- ===== RIGHT: LISTING DETAILS (NOW 2-COLUMN) ===== -->\r\n\t\t<a href=\"https:\/\/cparici.com\/de\/annonce\/villa-avec-piscine-lac-daiguebelette-10-personnes\/\" class=\"listing-details-nl\">\r\n\r\n\t\t\t<!-- Main Content Column (Left) -->\r\n\t\t\t<div class=\"details-main-col-nl\">\r\n\t\t\t\t<div class=\"listing-badges-nl\">\r\n\t\t\t\t\t\t\t\t\t\t\t\t\t\t<\/div>\r\n\t\t\t\t<h2 class=\"listing-title-nl\">Villa mit Pool Lac d'Aiguebelette - 10 Personen\t\t\t\t\t<div class=\"listing-title-badges-nl\">\r\n\t\t\t\t\t\t\t\t\t\t\t\t\t\t\t\t\t<\/div>\r\n\t\t\t\t<\/h2>\r\n\t\t\t\t<p class=\"listing-location-nl\">Aiguebelette-le-Lac<\/p>\r\n\r\n\t\t\t\t\r\n\t\t\t\t\t<div class=\"listing-amenities-nl\">\r\n\t\t\t\t\t\t\r\n\t\t\t\t\t<\/div>\r\n\t\t\t\t\t\t\t<\/div>\r\n\r\n\t\t\t<!-- Sidebar Column (Right) -->\r\n\t\t\t<div class=\"details-sidebar-col-nl\">\r\n\t\t\t\t<div class=\"details-sidebar-upper-nl\">\r\n\r\n\t\t\t\t\t\t\t\t\t<\/div>\r\n\t\t\t\t\t\t\t\t\t\t<div class=\"listing-booking-nl\">\r\n\t\t\t\t\t\t\t<p class=\"price-nl\">Starts from 230,00\u20ac<\/p>\r\n\t\t\t\t\t\t\t\t\t\t\t\t\t<\/div>\r\n\t\t\t\t\r\n\r\n\t\t\t<\/div>\r\n\r\n\r\n\t\t<\/a>\r\n\t<\/div>\r\n<\/div>\r\n\r\n\r\n<!-- Listing Item \/ End -->\t\t\t<\/div>\n\t\t\t\t\t\t\t\t<div class=\"pagination-container margin-top-20 margin-bottom-20 ajax-search\">\n\t\t\t\t\t\t<nav class=\"pagination margin-top-30\"><ul class=\"pagination\"><li class=\"current\" data-paged=\"1\"><a href=\"#\">1 <\/a><\/li><li data-paged=\"2\"><a href=\"#\">2<\/a><\/li><li data-paged=\"3\"><a href=\"#\">3<\/a><\/li><li data-paged=\"next\"><a  href=\"#\"><i class=\"sl sl-icon-arrow-right\"><\/i><\/a><\/li><\/ul><\/nav>\t\t\t\t\t<\/div>\n\t\t\t\t\t\t\t\t\t\t\t<\/div>\n\t\t\t\t<\/div>\n\t\t\t\t\t<\/div>\n\t\t\t\t<\/div>\n\t\t\t\t<\/div>","protected":false},"excerpt":{"rendered":"<p>Ordre par d\u00e9faut Meilleur r\u00e9sultat Proche en premierLes mieux not\u00e9esLes plus comment\u00e9sAnnonces r\u00e9centesAnnonces anciennesAlphabetiquementEn vedetteLes plus vuesV\u00e9rifi\u00e9\u00c9v\u00e9nement \u00e0 venirAl\u00e9atoirement H\u00e9bergements En vedette Appart T2 Porto Vecchio, 2-4 Pers Porto Vecchio 99,00\u20ac \u2013 250,00\u20ac H\u00e9bergements Studio de standing Porto Vecchio Porto Vecchio, R\u00e9sidence Cita Di Sali 79,00\u20ac \u2013 136,00\u20ac H\u00e9bergements Maison de vacances Ty Rosc\u2019OFF Roscoff [&hellip;]<\/p>\n","protected":false},"author":4,"featured_media":0,"parent":0,"menu_order":0,"comment_status":"closed","ping_status":"closed","template":"template-split-map-sidebar.php","meta":{"ngg_post_thumbnail":0,"footnotes":""},"class_list":["post-76285","page","type-page","status-publish","hentry"],"_links":{"self":[{"href":"https:\/\/cparici.com\/de\/wp-json\/wp\/v2\/pages\/76285","targetHints":{"allow":["GET"]}}],"collection":[{"href":"https:\/\/cparici.com\/de\/wp-json\/wp\/v2\/pages"}],"about":[{"href":"https:\/\/cparici.com\/de\/wp-json\/wp\/v2\/types\/page"}],"author":[{"embeddable":true,"href":"https:\/\/cparici.com\/de\/wp-json\/wp\/v2\/users\/4"}],"replies":[{"embeddable":true,"href":"https:\/\/cparici.com\/de\/wp-json\/wp\/v2\/comments?post=76285"}],"version-history":[{"count":0,"href":"https:\/\/cparici.com\/de\/wp-json\/wp\/v2\/pages\/76285\/revisions"}],"wp:attachment":[{"href":"https:\/\/cparici.com\/de\/wp-json\/wp\/v2\/media?parent=76285"}],"curies":[{"name":"wp","href":"https:\/\/api.w.org\/{rel}","templated":true}]}}