{"id":46148,"date":"2024-10-20T12:28:04","date_gmt":"2024-10-20T10:28:04","guid":{"rendered":"https:\/\/cparici.com\/product\/restaurant-pause-gourmande\/"},"modified":"2024-10-20T12:28:04","modified_gmt":"2024-10-20T10:28:04","slug":"restaurant-pause-gourmande","status":"publish","type":"product","link":"https:\/\/cparici.com\/de\/product\/restaurant-pause-gourmande\/","title":{"rendered":"Restaurant Pause Gourmande"},"content":{"rendered":"<p>Entdecken Sie La Pause Gourmande, das unumg\u00e4ngliche Restaurant in Concarneau, in dem jede Mahlzeit eine wahre Einladung zum Schlemmen ist. Im Herzen der Stadt gelegen, empf\u00e4ngt Sie dieses charmante Lokal in einer warmen und freundlichen Atmosph\u00e4re, die perfekt f\u00fcr ein Mittagessen mit der Familie, ein Abendessen mit Freunden oder ein romantisches Essen ist.<\/p>\n<p>\u00c0 La Pause Gourmande, les saveurs bretonnes sont \u00e0 l\u2019honneur. Le chef met un point d\u2019honneur \u00e0 travailler des produits frais, locaux et de saison, pour vous offrir une cuisine authentique et raffin\u00e9e. D\u00e9gustez des plats g\u00e9n\u00e9reux qui c\u00e9l\u00e8brent la richesse des produits de la mer, tels que le poisson frais, les fruits de mer, et des sp\u00e9cialit\u00e9s revisit\u00e9es avec cr\u00e9ativit\u00e9. Pour les amateurs de douceurs, les desserts faits maison sont \u00e0 ne pas manquer.<\/p>\n<p>Die regelm\u00e4\u00dfig wechselnde Speisekarte h\u00e4lt bei jedem Besuch sch\u00f6ne \u00dcberraschungen f\u00fcr Sie bereit. Und um Ihr Essen zu begleiten, verfeinert eine sorgf\u00e4ltig ausgew\u00e4hlte Auswahl an Weinen jedes Gericht.<\/p>\n<p>La Pause Gourmande besticht durch seine Einfachheit und seinen Sinn f\u00fcr Gastfreundschaft, bei der die Qualit\u00e4t stets im Vordergrund steht. Reservieren Sie jetzt f\u00fcr einen Gourmetmoment, der Ihre Geschmacksknospen weckt und Sie die kulinarischen Sch\u00e4tze von Concarneau entdecken l\u00e4sst. Kommen Sie und probieren Sie die Bretagne in jedem Bissen!<\/p>","protected":false},"excerpt":{"rendered":"<p>D\u00e9couvrez La Pause Gourmande, le restaurant incontournable \u00e0 Concarneau, o\u00f9 chaque repas est une v\u00e9ritable invitation \u00e0 la gourmandise. Situ\u00e9 au c\u0153ur de la ville, ce charmant \u00e9tablissement vous accueille dans une ambiance chaleureuse et conviviale, parfaite pour un d\u00e9jeuner en famille, un d\u00eener entre amis, ou un repas romantique. \u00c0 La Pause Gourmande, les [&hellip;]<\/p>\n","protected":false},"featured_media":0,"template":"","meta":{"ngg_post_thumbnail":0},"product_brand":[],"product_cat":[1554],"product_tag":[],"class_list":{"0":"post-46148","1":"product","2":"type-product","3":"status-publish","5":"product_cat-listeo-booking","7":"first","8":"instock","9":"downloadable","10":"virtual","11":"sold-individually","12":"purchasable","13":"product-type-listing_booking"},"_links":{"self":[{"href":"https:\/\/cparici.com\/de\/wp-json\/wp\/v2\/product\/46148","targetHints":{"allow":["GET"]}}],"collection":[{"href":"https:\/\/cparici.com\/de\/wp-json\/wp\/v2\/product"}],"about":[{"href":"https:\/\/cparici.com\/de\/wp-json\/wp\/v2\/types\/product"}],"wp:attachment":[{"href":"https:\/\/cparici.com\/de\/wp-json\/wp\/v2\/media?parent=46148"}],"wp:term":[{"taxonomy":"product_brand","embeddable":true,"href":"https:\/\/cparici.com\/de\/wp-json\/wp\/v2\/product_brand?post=46148"},{"taxonomy":"product_cat","embeddable":true,"href":"https:\/\/cparici.com\/de\/wp-json\/wp\/v2\/product_cat?post=46148"},{"taxonomy":"product_tag","embeddable":true,"href":"https:\/\/cparici.com\/de\/wp-json\/wp\/v2\/product_tag?post=46148"}],"curies":[{"name":"wp","href":"https:\/\/api.w.org\/{rel}","templated":true}]}}