{"id":46931,"date":"2024-11-20T09:42:13","date_gmt":"2024-11-20T08:42:13","guid":{"rendered":"https:\/\/cparici.com\/product\/chambres-dhotel-votre-annonce-ici\/"},"modified":"2025-05-01T16:54:25","modified_gmt":"2025-05-01T14:54:25","slug":"dhotelzimmer-ihre-anzeige-hier","status":"publish","type":"product","link":"https:\/\/cparici.com\/de\/product\/chambres-dhotel-votre-annonce-ici\/","title":{"rendered":"Hotelzimmer Ihre Anzeige hier"},"content":{"rendered":"<p><strong>Dies ist ein Beispiel f\u00fcr eine Anzeige :<\/strong><\/p>\n<p><strong>Das Rauschen der Wellen<\/strong><\/p>\n<p>Eingebettet im Herzen der charmanten Stadt Concarneau l\u00e4dt Sie unser Hotel zu einem unvergesslichen Aufenthalt am Meer ein.<\/p>\n<p><strong>Les chambres, baign\u00e9es de lumi\u00e8re naturelle, offrent une vue imprenable sur l\u2019oc\u00e9an et la Ville Close. <\/strong> Jedes Detail wurde durchdacht, um Ihnen absoluten Komfort zu bieten: hochwertige Bettw\u00e4sche, ein voll ausgestattetes privates Badezimmer und eine gepflegte Dekoration, die den Charme der Bretagne mit einem zeitgen\u00f6ssischen Touch verbindet.<\/p>\n<p>Lassen Sie sich sanft vom Klang der Wellen wecken und <strong>genie\u00dfen Sie ein Feinschmeckerfr\u00fchst\u00fcck auf unserer Sonnenterrasse.<\/strong> Nach einem Tag, den Sie damit verbracht haben, die malerischen Gassen der Ville Close zu erkunden, am Strand zu flanieren oder Ihren liebsten Wassersportaktivit\u00e4ten nachzugehen, k\u00f6nnen Sie sich in unserem Wellnessbereich entspannen.<\/p>\n<p>Laissez-vous tenter par un massage relaxant ou un moment de d\u00e9tente dans notre sauna. Notre h\u00f4tel est le point de d\u00e9part id\u00e9al pour d\u00e9couvrir les richesses de la r\u00e9gion : les \u00eeles Gl\u00e9nan, la pointe de la Torche, ou encore les sentiers c\u00f4tiers. Le soir, laissez-vous s\u00e9duire par l\u2019ambiance chaleureuse de notre bar et savourez les sp\u00e9cialit\u00e9s locales.<\/p>\n<p>F\u00fcr einen unvergesslichen Aufenthalt in der Bretagne entdecken Sie jetzt Ihr Zimmer in unserem Hotel.<\/p>\n<p><strong><span style=\"font-size: 14pt;\">F\u00fchren Sie eine Hotelanlage? F\u00fcgen Sie Ihre Anzeige hier auf unserer Seite hinzu und erhalten Sie Live-Aufenthalte. <\/span><\/strong><\/p>\n<p>Sie k\u00f6nnen direkt auf Ihr Reservierungssystem verlinken oder das Reservierungsanfragesystem auf der Website nutzen. F\u00fcgen Sie Ihre Fotos hinzu, heben Sie die verschiedenen Zimmer hervor, weisen Sie auf die Hoteldienstleistungen auf unserer Website f\u00fcr nur 39\u20ac\/Jahr hin und seien Sie im Internet am richtigen Ort und zur richtigen Zeit sichtbar! In nur 20 Minuten erstellen Sie Ihre Anzeige! Einfach und schnell, wir erkl\u00e4ren Ihnen alles! cparici?<\/p>","protected":false},"excerpt":{"rendered":"<p>Ceci est un exemple d\u2019annonce : Le murmure des vagues Nich\u00e9 au c\u0153ur de la charmante ville de Concarneau, notre h\u00f4tel vous invite \u00e0 un s\u00e9jour inoubliable en bord de mer. Les chambres, baign\u00e9es de lumi\u00e8re naturelle, offrent une vue imprenable sur l\u2019oc\u00e9an et la Ville Close. Chaque d\u00e9tail a \u00e9t\u00e9 pens\u00e9 pour vous offrir [&hellip;]<\/p>\n","protected":false},"featured_media":0,"template":"","meta":{"ngg_post_thumbnail":0},"product_brand":[],"product_cat":[1554],"product_tag":[],"class_list":{"0":"post-46931","1":"product","2":"type-product","3":"status-publish","5":"product_cat-listeo-booking","7":"first","8":"instock","9":"downloadable","10":"virtual","11":"sold-individually","12":"purchasable","13":"product-type-listing_booking"},"_links":{"self":[{"href":"https:\/\/cparici.com\/de\/wp-json\/wp\/v2\/product\/46931","targetHints":{"allow":["GET"]}}],"collection":[{"href":"https:\/\/cparici.com\/de\/wp-json\/wp\/v2\/product"}],"about":[{"href":"https:\/\/cparici.com\/de\/wp-json\/wp\/v2\/types\/product"}],"wp:attachment":[{"href":"https:\/\/cparici.com\/de\/wp-json\/wp\/v2\/media?parent=46931"}],"wp:term":[{"taxonomy":"product_brand","embeddable":true,"href":"https:\/\/cparici.com\/de\/wp-json\/wp\/v2\/product_brand?post=46931"},{"taxonomy":"product_cat","embeddable":true,"href":"https:\/\/cparici.com\/de\/wp-json\/wp\/v2\/product_cat?post=46931"},{"taxonomy":"product_tag","embeddable":true,"href":"https:\/\/cparici.com\/de\/wp-json\/wp\/v2\/product_tag?post=46931"}],"curies":[{"name":"wp","href":"https:\/\/api.w.org\/{rel}","templated":true}]}}