{"id":47017,"date":"2024-11-20T11:11:16","date_gmt":"2024-11-20T10:11:16","guid":{"rendered":"https:\/\/cparici.com\/product\/mobil-home-cottage-camping-votre-annonce-ici\/"},"modified":"2025-05-01T16:51:00","modified_gmt":"2025-05-01T14:51:00","slug":"mobil-home-cottage-camping-ihre-anzeige-hier","status":"publish","type":"product","link":"https:\/\/cparici.com\/de\/product\/mobil-home-cottage-camping-votre-annonce-ici\/","title":{"rendered":"Mobilheim, Cottage, Camping Ihre Anzeige hier"},"content":{"rendered":"<p><strong>Dies ist ein Beispiel f\u00fcr eine Anzeige :<\/strong><\/p>\n<p><strong>Familienurlaub in Concarneau: Komfort und Natur<\/strong><\/p>\n<p>Haben Sie Lust, den Charme der S\u00fcdbretagne zu genie\u00dfen? Unser Campingplatz in Concarneau La Petite Fontaines empf\u00e4ngt Sie in einer gr\u00fcnen Umgebung, nur wenige Schritte von den feinen Sandstr\u00e4nden und der ber\u00fchmten Ville Close entfernt.<\/p>\n<p><strong>Wir bieten Ihnen eine gro\u00dfe Auswahl an Mietunterk\u00fcnften, um all Ihren W\u00fcnschen gerecht zu werden: Mobilheime mit allem Komfort :<\/strong> Unsere ger\u00e4umigen und funktionalen Mobilheime sind mit allem ausgestattet, was Sie f\u00fcr einen angenehmen Urlaub mit der Familie oder mit Freunden ben\u00f6tigen. Nutzen Sie ihre ausgestattete Terrasse, um sich zu entspannen und die umliegende Natur zu bewundern. <strong>Gem\u00fctliche Cottages :<\/strong> F\u00fcr einen authentischeren Aufenthalt entscheiden Sie sich f\u00fcr unsere Cottages.<\/p>\n<p>Ces h\u00e9bergements allient charme et modernit\u00e9 et offrent tout le confort d\u2019une maison.<\/p>\n<p>Und damit Sie sich in jeder Jahreszeit entspannen k\u00f6nnen, verf\u00fcgt unser Campingplatz \u00fcber <strong>d\u2019une piscine couverte chauff\u00e9e.<\/strong> Plongez dans l\u2019eau claire et laissez-vous emporter par la douceur des bulles. Apr\u00e8s votre baignade, d\u00e9tendez-vous sur les bains de soleil ou profitez des autres \u00e9quipements de notre camping : aire de jeux pour les enfants, terrain multisports, bar\u2026<\/p>\n<p>Notre camping est le point de d\u00e9part id\u00e9al pour d\u00e9couvrir les richesses de la r\u00e9gion : les \u00eeles Gl\u00e9nan, la pointe de la Torche, ou encore les sentiers c\u00f4tiers. Les \u00e9quipements suppl\u00e9mentaires: Lave-linge, s\u00e8che-linge, wifi, etc. Les activit\u00e9s propos\u00e9es en Juillet-Ao\u00fbt : Animations pour enfants, soir\u00e9es \u00e0 th\u00e8me P\u00e9riodes d\u2019ouverture: du 15 Avril au 15 Septembre Vous pouvez d\u00e8s maintenant nous envoyer un message ou effectuer une demande de r\u00e9servation pour de prochaines vacances inoubliables en famille \u00e0 Concarneau ! A tr\u00e8s vite !<\/p>\n<p><strong><span style=\"font-size: 14pt;\">Betreiben Sie eine Freilufthotelanlage?<\/span><\/strong> Vous \u00eates propri\u00e9taire d\u2019un h\u00e9bergement de vacances dans un camping ? Ajoutez votre annonce sur notre site et obtenez des s\u00e9jours en direct.<\/p>\n<p>Sie k\u00f6nnen auf unserer Seite Ihren Kalender angeben oder direkt einen Link zu Ihrem Buchungssystem setzen. F\u00fcgen Sie Ihre Fotos hinzu, heben Sie Ihre Unterk\u00fcnfte auf unserer Seite hervor, um <strong>nur 39\u20ac\/Jahr<\/strong> und seien Sie im Internet am richtigen Ort und zur richtigen Zeit sichtbar!<\/p>\n<p>In nur 20 Minuten erstellen Sie Ihre Anzeige! Einfach und schnell, wir erkl\u00e4ren Ihnen alles! cparici?<\/p>","protected":false},"excerpt":{"rendered":"<p>Ceci est un exemple d\u2019annonce : Vacances en famille \u00e0 Concarneau : confort et nature Envie de profiter des charmes de la Bretagne Sud ? Notre camping \u00e0 Concarneau La Petite Fontaines vous accueille dans un cadre verdoyant, \u00e0 deux pas des plages de sable fin et de la c\u00e9l\u00e8bre Ville Close. Nous vous proposons [&hellip;]<\/p>\n","protected":false},"featured_media":0,"template":"","meta":{"ngg_post_thumbnail":0},"product_brand":[],"product_cat":[1554],"product_tag":[],"class_list":{"0":"post-47017","1":"product","2":"type-product","3":"status-publish","5":"product_cat-listeo-booking","7":"first","8":"instock","9":"downloadable","10":"virtual","11":"sold-individually","12":"purchasable","13":"product-type-listing_booking"},"_links":{"self":[{"href":"https:\/\/cparici.com\/de\/wp-json\/wp\/v2\/product\/47017","targetHints":{"allow":["GET"]}}],"collection":[{"href":"https:\/\/cparici.com\/de\/wp-json\/wp\/v2\/product"}],"about":[{"href":"https:\/\/cparici.com\/de\/wp-json\/wp\/v2\/types\/product"}],"wp:attachment":[{"href":"https:\/\/cparici.com\/de\/wp-json\/wp\/v2\/media?parent=47017"}],"wp:term":[{"taxonomy":"product_brand","embeddable":true,"href":"https:\/\/cparici.com\/de\/wp-json\/wp\/v2\/product_brand?post=47017"},{"taxonomy":"product_cat","embeddable":true,"href":"https:\/\/cparici.com\/de\/wp-json\/wp\/v2\/product_cat?post=47017"},{"taxonomy":"product_tag","embeddable":true,"href":"https:\/\/cparici.com\/de\/wp-json\/wp\/v2\/product_tag?post=47017"}],"curies":[{"name":"wp","href":"https:\/\/api.w.org\/{rel}","templated":true}]}}