{"id":47557,"date":"2024-11-26T15:13:53","date_gmt":"2024-11-26T14:13:53","guid":{"rendered":"https:\/\/cparici.com\/product\/marathon-summer-beach-votre-annonce-ici\/"},"modified":"2025-04-26T08:39:52","modified_gmt":"2025-04-26T06:39:52","slug":"marathon-summer-beach-votre-annonce-ici","status":"publish","type":"product","link":"https:\/\/cparici.com\/de\/product\/marathon-summer-beach-votre-annonce-ici\/","title":{"rendered":"Sportevent, Ihre Anzeige hier"},"content":{"rendered":"<p><strong>Ceci est un exemple d\u2019annonce<\/strong><\/p>\n<p><strong>Der Summer Beach Marathon in Royan,<\/strong> c\u2019est bien plus qu\u2019une simple course ! Imaginez-vous d\u00e9valer les kilom\u00e8tres en bord de mer, le vent dans les cheveux et le bruit des vagues en fond sonore.<\/p>\n<p>Diese einzigartige Strecke f\u00fchrt an der wilden K\u00fcste entlang und bietet Ihnen wundersch\u00f6ne Landschaften am Rande der Klippen.<\/p>\n<p><strong> L\u2019ambiance est festive et conviviale,<\/strong> avec des spectateurs venus nombreux encourager les coureurs. Un \u00e9v\u00e9nement sportif et touristique incontournable de l\u2019\u00e9t\u00e9 en Charente-Maritime !<\/p>\n<p><strong>Der Summer Beach Marathon in Royan bietet Strecken f\u00fcr jedes Niveau: von 10 km \u00fcber Halbmarathon bis hin zu Marathon.<\/strong>. Que vous soyez un coureur aguerri ou simplement en qu\u00eate d\u2019une activit\u00e9 sportive en bord de mer, vous trouverez votre bonheur. L\u2019arriv\u00e9e, situ\u00e9e sur la plage, est un moment fort de la course, o\u00f9 les participants peuvent c\u00e9l\u00e9brer leur performance ensemble.<\/p>\n<p>En plus d\u2019\u00eatre une \u00e9preuve sportive, le Marathon Summer Beach de Royan est aussi l\u2019occasion de d\u00e9couvrir les charmes de la C\u00f4te de Beaut\u00e9. Avant ou apr\u00e8s la course, profitez-en pour fl\u00e2ner dans les rues de Royan, vous baigner sur la Grande Conche ou d\u00e9guster les sp\u00e9cialit\u00e9s locales. Un week-end sportif et touristique \u00e0 ne pas manquer !<\/p>\n<p><strong>Vous \u00eates organisateur d\u2019\u00e9v\u00e8nements sportifs ?<\/strong><\/p>\n<p>F\u00fcgen Sie Ihre Anzeige auf unserer Website hinzu.  Seien Sie im Internet am richtigen Ort und zur richtigen Zeit sichtbar. N\u00e4mlich dann, wenn Ihre zuk\u00fcnftigen Sportler nach sportlichen Aktivit\u00e4ten suchen.<\/p>\n<p>F\u00fcgen Sie Ihre Fotos hinzu, pr\u00e4sentieren Sie Ihre Veranstaltung auf unserer Seite f\u00fcr <strong>nur 39\u20ac\/Jahr<\/strong> und seien Sie im Internet sichtbar!<\/p>","protected":false},"excerpt":{"rendered":"<p>Ceci est un exemple d\u2019annonce Le Marathon Summer Beach de Royan, c\u2019est bien plus qu\u2019une simple course ! Imaginez-vous d\u00e9valer les kilom\u00e8tres en bord de mer, le vent dans les cheveux et le bruit des vagues en fond sonore. Ce parcours unique, qui longe la c\u00f4te sauvage, vous offre des paysages magnifiques en bord de [&hellip;]<\/p>\n","protected":false},"featured_media":0,"template":"","meta":{"ngg_post_thumbnail":0},"product_brand":[],"product_cat":[1554],"product_tag":[],"class_list":{"0":"post-47557","1":"product","2":"type-product","3":"status-publish","5":"product_cat-listeo-booking","7":"first","8":"instock","9":"downloadable","10":"virtual","11":"sold-individually","12":"purchasable","13":"product-type-listing_booking"},"_links":{"self":[{"href":"https:\/\/cparici.com\/de\/wp-json\/wp\/v2\/product\/47557","targetHints":{"allow":["GET"]}}],"collection":[{"href":"https:\/\/cparici.com\/de\/wp-json\/wp\/v2\/product"}],"about":[{"href":"https:\/\/cparici.com\/de\/wp-json\/wp\/v2\/types\/product"}],"wp:attachment":[{"href":"https:\/\/cparici.com\/de\/wp-json\/wp\/v2\/media?parent=47557"}],"wp:term":[{"taxonomy":"product_brand","embeddable":true,"href":"https:\/\/cparici.com\/de\/wp-json\/wp\/v2\/product_brand?post=47557"},{"taxonomy":"product_cat","embeddable":true,"href":"https:\/\/cparici.com\/de\/wp-json\/wp\/v2\/product_cat?post=47557"},{"taxonomy":"product_tag","embeddable":true,"href":"https:\/\/cparici.com\/de\/wp-json\/wp\/v2\/product_tag?post=47557"}],"curies":[{"name":"wp","href":"https:\/\/api.w.org\/{rel}","templated":true}]}}