{"id":47597,"date":"2024-11-26T16:23:15","date_gmt":"2024-11-26T15:23:15","guid":{"rendered":"https:\/\/cparici.com\/product\/la-brocante-chocchic-votre-annonce-ici-2\/"},"modified":"2025-05-01T16:46:36","modified_gmt":"2025-05-01T14:46:36","slug":"la-brocante-chocchic-votre-annonce-ici-2","status":"publish","type":"product","link":"https:\/\/cparici.com\/de\/product\/la-brocante-chocchic-votre-annonce-ici-2\/","title":{"rendered":"Brocante, Votre Annonce ici"},"content":{"rendered":"<p><strong>Dies ist ein Beispiel f\u00fcr eine Anzeige :<\/strong><\/p>\n<p><strong>La brocante \u201cChoc et Chic\u201d<\/strong> vous donne rendez-vous \u00e0 Concarneau pour une journ\u00e9e plac\u00e9e sous le signe de la d\u00e9couverte et de la chine le 25 Septembre 2025. Des centaines d\u2019exposants vous attendent avec leurs tr\u00e9sors : vaisselle vintage, meubles restaur\u00e9s, bijoux anciens, objets de d\u00e9coration insolites\u2026 Que vous soyez \u00e0 la recherche d\u2019une pi\u00e8ce unique pour votre int\u00e9rieur ou simplement d\u2019une balade agr\u00e9able, vous trouverez forc\u00e9ment votre bonheur parmi les \u00e9tals color\u00e9s.<\/p>\n<p><strong>Auf dem Programm: eine herzliche Atmosph\u00e4re<\/strong>Sie k\u00f6nnen sich auf spannende Begegnungen mit den Ausstellern und vielleicht sogar auf eine \u00dcberraschung freuen. Nutzen Sie die Gelegenheit, um durch die G\u00e4nge zu schlendern, einige lokale Spezialit\u00e4ten zu probieren und einen angenehmen Moment mit der Familie oder Freunden zu verbringen.<\/p>\n<p><strong>Verbinden Sie den Spa\u00df am St\u00f6bern mit der Entdeckung der Stadt Concarneau!<\/strong> La brocante \u201cChoc et Chic\u201d vous accueille dans un cadre exceptionnel, au c\u0153ur de cette cit\u00e9 corsaire. Apr\u00e8s avoir fouill\u00e9 les \u00e9tals, prenez le temps de visiter la ville close, de vous promener sur le port ou de d\u00e9guster des fruits de mer.<\/p>\n<p>Daten und Uhrzeiten des Flohmarkts: 25\/09\/2025<br \/>\nLe lieu exact de l\u2019\u00e9v\u00e9nement<br \/>\nDie Preise f\u00fcr Aussteller 10\u20ac le mettre<\/p>\n<p>Sie sind Organisator von Flohm\u00e4rkten oder traditionellen M\u00e4rkten? F\u00fcgen Sie hier Ihre Anzeige auf unserer Website hinzu. Werden Sie im Internet am richtigen Ort und zur richtigen Zeit sichtbar. N\u00e4mlich dann, wenn Ihre zuk\u00fcnftigen Schn\u00e4ppchenj\u00e4ger nach Flohm\u00e4rkten suchen.<\/p>\n<p>F\u00fcgen Sie Ihre Fotos hinzu, pr\u00e4sentieren Sie Ihren Flohmarkt auf unserer Seite f\u00fcr<strong> nur 39\u20ac\/Jahr<\/strong> und seien Sie im Internet sichtbar!<\/p>","protected":false},"excerpt":{"rendered":"<p>Ceci est un exemple d\u2019annonce : La brocante \u201cChoc et Chic\u201d vous donne rendez-vous \u00e0 Concarneau pour une journ\u00e9e plac\u00e9e sous le signe de la d\u00e9couverte et de la chine le 25 Septembre 2025. Des centaines d\u2019exposants vous attendent avec leurs tr\u00e9sors : vaisselle vintage, meubles restaur\u00e9s, bijoux anciens, objets de d\u00e9coration insolites\u2026 Que vous [&hellip;]<\/p>\n","protected":false},"featured_media":0,"template":"","meta":{"ngg_post_thumbnail":0},"product_brand":[],"product_cat":[1554],"product_tag":[],"class_list":{"0":"post-47597","1":"product","2":"type-product","3":"status-publish","5":"product_cat-listeo-booking","7":"first","8":"instock","9":"downloadable","10":"virtual","11":"sold-individually","12":"purchasable","13":"product-type-listing_booking"},"_links":{"self":[{"href":"https:\/\/cparici.com\/de\/wp-json\/wp\/v2\/product\/47597","targetHints":{"allow":["GET"]}}],"collection":[{"href":"https:\/\/cparici.com\/de\/wp-json\/wp\/v2\/product"}],"about":[{"href":"https:\/\/cparici.com\/de\/wp-json\/wp\/v2\/types\/product"}],"wp:attachment":[{"href":"https:\/\/cparici.com\/de\/wp-json\/wp\/v2\/media?parent=47597"}],"wp:term":[{"taxonomy":"product_brand","embeddable":true,"href":"https:\/\/cparici.com\/de\/wp-json\/wp\/v2\/product_brand?post=47597"},{"taxonomy":"product_cat","embeddable":true,"href":"https:\/\/cparici.com\/de\/wp-json\/wp\/v2\/product_cat?post=47597"},{"taxonomy":"product_tag","embeddable":true,"href":"https:\/\/cparici.com\/de\/wp-json\/wp\/v2\/product_tag?post=47597"}],"curies":[{"name":"wp","href":"https:\/\/api.w.org\/{rel}","templated":true}]}}