{"id":47619,"date":"2024-11-27T08:38:32","date_gmt":"2024-11-27T07:38:32","guid":{"rendered":"https:\/\/cparici.com\/product\/sacramento-blues-band-votre-annonce-ici\/"},"modified":"2025-05-01T16:45:58","modified_gmt":"2025-05-01T14:45:58","slug":"sacramento-blues-band-votre-annonce-ici","status":"publish","type":"product","link":"https:\/\/cparici.com\/de\/product\/sacramento-blues-band-votre-annonce-ici\/","title":{"rendered":"Festival, Konzert Ihre Anzeige hier"},"content":{"rendered":"<p><strong>Dies ist ein Beispiel f\u00fcr eine Anzeige :<\/strong><\/p>\n<p>Die Sacramento Blues Band ist eine Gruppe von leidenschaftlichen Musikern, <strong>spezialisiert auf traditionellen Jazz und Swing,<\/strong> der seit mehreren Jahren Jazzliebhaber begeistert.<\/p>\n<p>Die Band mit Sitz in Sacramento, Kalifornien, zeichnet sich durch ihre F\u00e4higkeit aus, die gro\u00dfen Jazzklassiker der 1920er bis 1950er Jahre neu zu interpretieren und ihnen einen zeitgen\u00f6ssischen Touch zu verleihen.<\/p>\n<p>Ihr Stil, der zutiefst von Legenden wie Louis Armstrong und Duke Ellington beeinflusst ist, ist eine geschmackvolle Mischung aus verspielten Rhythmen und nostalgischen Melodien, die ihr Publikum bei jedem Auftritt mitrei\u00dfen.<\/p>\n<p><strong>Am 12. August 2025 tritt die Sacramento Cal Blues Band in Concarneau auf,<\/strong> im Rahmen eines mit Spannung erwarteten Musikereignisses. Die bretonische Stadt, die f\u00fcr ihren malerischen Charme und ihre sommerliche Atmosph\u00e4re bekannt ist, wird die Band in einem idealen Rahmen f\u00fcr einen unvergesslichen Abend empfangen. Das Konzert verspricht ein einzigartiger Moment f\u00fcr Jazzliebhaber und all jene zu werden, die sich von der Magie eines zeitlosen Musikstils mitrei\u00dfen lassen m\u00f6chten. Eine Gelegenheit, die Sie sich nicht entgehen lassen sollten, um im Herzen der Bretagne in die Welt des Jazz einzutauchen.<\/p>\n<p><strong>Sind Sie ein K\u00fcnstler, eine Musikgruppe oder organisieren Sie ein Festival? <\/strong><\/p>\n<p><strong>F\u00fcgen Sie Ihre Anzeige auf unserer Website hinzu. Seien Sie im Internet am richtigen Ort und zur richtigen Zeit sichtbar. <\/strong><\/p>\n<p><strong>Das hei\u00dft, wenn Ihr Publikum nach festlichen Aktivit\u00e4ten an ihrem n\u00e4chsten Zielort sucht.<\/strong><\/p>\n<p>F\u00fcgen Sie Ihre Fotos hinzu, pr\u00e4sentieren Sie Ihre Veranstaltung auf unserer Seite f\u00fcr <strong>nur 39\u20ac\/Jahr<\/strong> und seien Sie im Internet sichtbar!<\/p>\n<p>In nur 20 Minuten erstellen Sie Ihre Anzeige! Einfach und schnell, wir erkl\u00e4ren Ihnen alles! cparici?<\/p>\n<p>&nbsp;<\/p>","protected":false},"excerpt":{"rendered":"<p>Ceci est un exemple d&#8217;annonce : Le groupe de musique Sacramento Blues Band est un ensemble de musiciens passionn\u00e9s, sp\u00e9cialis\u00e9 dans le jazz traditionnel et le swing, qui ravit les amateurs de jazz depuis plusieurs ann\u00e9es. Bas\u00e9 \u00e0 Sacramento, en Californie, le groupe se distingue par sa capacit\u00e9 \u00e0 r\u00e9interpr\u00e9ter les grands classiques du jazz [&hellip;]<\/p>\n","protected":false},"featured_media":0,"template":"","meta":{"ngg_post_thumbnail":0},"product_brand":[],"product_cat":[1554],"product_tag":[],"class_list":{"0":"post-47619","1":"product","2":"type-product","3":"status-publish","5":"product_cat-listeo-booking","7":"first","8":"instock","9":"downloadable","10":"virtual","11":"sold-individually","12":"purchasable","13":"product-type-listing_booking"},"_links":{"self":[{"href":"https:\/\/cparici.com\/de\/wp-json\/wp\/v2\/product\/47619","targetHints":{"allow":["GET"]}}],"collection":[{"href":"https:\/\/cparici.com\/de\/wp-json\/wp\/v2\/product"}],"about":[{"href":"https:\/\/cparici.com\/de\/wp-json\/wp\/v2\/types\/product"}],"wp:attachment":[{"href":"https:\/\/cparici.com\/de\/wp-json\/wp\/v2\/media?parent=47619"}],"wp:term":[{"taxonomy":"product_brand","embeddable":true,"href":"https:\/\/cparici.com\/de\/wp-json\/wp\/v2\/product_brand?post=47619"},{"taxonomy":"product_cat","embeddable":true,"href":"https:\/\/cparici.com\/de\/wp-json\/wp\/v2\/product_cat?post=47619"},{"taxonomy":"product_tag","embeddable":true,"href":"https:\/\/cparici.com\/de\/wp-json\/wp\/v2\/product_tag?post=47619"}],"curies":[{"name":"wp","href":"https:\/\/api.w.org\/{rel}","templated":true}]}}