{"id":67708,"date":"2025-07-12T19:41:08","date_gmt":"2025-07-12T17:41:08","guid":{"rendered":"https:\/\/cparici.com\/fr\/product\/le-tigite-bb-entree-privee-petit-dej-queen-size\/"},"modified":"2025-11-13T10:05:57","modified_gmt":"2025-11-13T09:05:57","slug":"le-tigite-bb-entree-privee-petit-dej-queen-size","status":"publish","type":"product","link":"https:\/\/cparici.com\/de\/product\/le-tigite-bb-entree-privee-petit-dej-queen-size\/","title":{"rendered":"Le Tig\u00eete B&amp;B: Privater Eingang\/Fr\u00fchst\u00fcck\/Queen size\/2 Schlafpl\u00e4tze mit BZ 1 bis 4 Personen"},"content":{"rendered":"<p>Bienvenue dans notre long\u00e8re traditionnelle du 18e si\u00e8cle, enti\u00e8rement r\u00e9nov\u00e9e.<br \/>\nNous vous proposons une suite-chambre d\u2019h\u00f4tes autonome et ind\u00e9pendante, pens\u00e9e comme petit g\u00eete, avec:<br \/>\n\u2013 entr\u00e9e priv\u00e9e + terrasse am\u00e9nag\u00e9e<br \/>\n\u2013 petit d\u00e9jeuner inclus, fourni dans la cuisinette<br \/>\n\u2013 linge de toilette \/ lit<br \/>\n\u2013 chambre avec literie fran\u00e7aise qualit\u00e9 h\u00f4tellerie Queen size 160\u00d7200 (matelas ferme avec accueil \u00e9quilibr\u00e9 \u2013 sommier multilattes) avec armoire, bureau & chaises<br \/>\n\u2013 salon avec canap\u00e9 BZ de qualit\u00e9 fran\u00e7aise (possibilit\u00e9 de couchage double [140X200] sur demande sans surco\u00fbt)<\/p>\n<p>Le Tig\u00eete B&B a \u00e9t\u00e9 con\u00e7u pour 2 mais peut recevoir jusqu\u2019\u00e0 4 pers. (3 adultes max) \u00e0 partir de 10 ans (pour les plus jeunes, on en discute ensemble pour vous accueillir au mieux et en toute s\u00e9curit\u00e9), gr\u00e2ce \u00e0 ses 2 espaces nuit s\u00e9par\u00e9s (chambre et salon avec porte)<br \/>\n\u2013 table-bureau et 2 chaises<br \/>\n\u2013 Wi-Fi (sur demande) avec fibre , id\u00e9al t\u00e9l\u00e9travail<br \/>\n\u2013 TV connect\u00e9e + Netflix<br \/>\n\u2013 cuisinette avec placard et plan + 2 tabourets hauts [frigo, micro-ondes, vaisselle, cafeti\u00e8re, bouilloire, grille-pain]<br \/>\n\u2013 salle de bain (grande douche \u00e0 receveur plat 120\u00d790 [passage de porte 60] + ciel de pluie\/mitigeur) avec distributeurs de gel douche -shampoing mais aussi, fourniture d\u2019 apr\u00e8s shampooing, cr\u00e8me lait pour le corps (le tout \u00e9tant de la gamme Yves Rocher, produits locaux), dentifrice, cotons tiges, mat\u00e9riel et produits d\u2019entretien<\/p>\n<p>\u2013 lavabo avec placard (trousse de secours, s\u00e8che-cheveux)\/WC avec papier toilettes.<br \/>\n\u2013 salon de jardin bas, table et chaises (en saison) et bains de soleil<\/p>\n<p>Le petit d\u00e9jeuner est autonome, pr\u00eat \u00e0 votre arriv\u00e9e, vous le prenez dans la suite \u00e0 votre guise.<\/p>\n<p>Attention: Le Tig\u00eete B&B n\u2019est ni adapt\u00e9 ni s\u00e9curis\u00e9 pour les plus petits (nous contacter pour voir ensemble l\u2019accueil en famille).<br \/>\nSur demande, lit parapluie et chaise haute pour 1 b\u00e9b\u00e9<br \/>\nPr\u00e9sence d\u2019un chat sur la propri\u00e9t\u00e9 et terrain cl\u00f4tur\u00e9 enti\u00e8rement sans portail \u00e0 l\u2019entr\u00e9e de cour<\/p>\n<p>\u00a0<\/p>\n<p>ARRIVEE ENTRE 17H30 ET 20H (HORS OPTION ARRIVEE PRECOCE)<\/p>\n<p>DEPART JUSQU\u2019A 11H (HORS OPTION DEPART TARDIF)<\/p>\n","protected":false},"excerpt":{"rendered":"<p>Bienvenue dans notre long\u00e8re traditionnelle du 18e si\u00e8cle, enti\u00e8rement r\u00e9nov\u00e9e. Nous vous proposons une suite-chambre d\u2019h\u00f4tes autonome et ind\u00e9pendante, pens\u00e9e comme petit g\u00eete, avec: \u2013 entr\u00e9e priv\u00e9e + terrasse am\u00e9nag\u00e9e \u2013 petit d\u00e9jeuner inclus, fourni dans la cuisinette \u2013 linge de toilette \/ lit \u2013 chambre avec literie fran\u00e7aise qualit\u00e9 h\u00f4tellerie Queen size 160\u00d7200 (matelas [&hellip;]<\/p>\n","protected":false},"featured_media":0,"template":"","meta":{"ngg_post_thumbnail":0},"product_brand":[],"product_cat":[1554],"product_tag":[],"class_list":{"0":"post-67708","1":"product","2":"type-product","3":"status-publish","5":"product_cat-listeo-booking","7":"first","8":"instock","9":"downloadable","10":"virtual","11":"sold-individually","12":"purchasable","13":"product-type-listing_booking"},"_links":{"self":[{"href":"https:\/\/cparici.com\/de\/wp-json\/wp\/v2\/product\/67708","targetHints":{"allow":["GET"]}}],"collection":[{"href":"https:\/\/cparici.com\/de\/wp-json\/wp\/v2\/product"}],"about":[{"href":"https:\/\/cparici.com\/de\/wp-json\/wp\/v2\/types\/product"}],"wp:attachment":[{"href":"https:\/\/cparici.com\/de\/wp-json\/wp\/v2\/media?parent=67708"}],"wp:term":[{"taxonomy":"product_brand","embeddable":true,"href":"https:\/\/cparici.com\/de\/wp-json\/wp\/v2\/product_brand?post=67708"},{"taxonomy":"product_cat","embeddable":true,"href":"https:\/\/cparici.com\/de\/wp-json\/wp\/v2\/product_cat?post=67708"},{"taxonomy":"product_tag","embeddable":true,"href":"https:\/\/cparici.com\/de\/wp-json\/wp\/v2\/product_tag?post=67708"}],"curies":[{"name":"wp","href":"https:\/\/api.w.org\/{rel}","templated":true}]}}