{"id":72863,"date":"2025-11-26T12:46:40","date_gmt":"2025-11-26T11:46:40","guid":{"rendered":"https:\/\/cparici.com\/?post_type=product&#038;p=72863"},"modified":"2026-02-09T11:29:25","modified_gmt":"2026-02-09T10:29:25","slug":"pack-pros","status":"publish","type":"product","link":"https:\/\/cparici.com\/de\/product\/pack-pros\/","title":{"rendered":"Profi-Paket"},"content":{"rendered":"<ul>\n<li>\u00a0<\/li>\n<li><span style=\"font-size: 12pt;\"><strong>Alles, was im Paket enthalten ist 59 Euro<\/strong><\/span><\/li>\n<li style=\"text-align: center;\">\u00a0<\/li>\n<li><span style=\"font-size: 12pt;\"><strong>F\u00fcr 10 Anzeigen!<\/strong><\/span><\/li>\n<li>\u00a0<\/li>\n<li><strong><span style=\"font-size: 12pt;\">Und immer noch keine Provision \ud83d\ude42 .<\/span><\/strong><\/li>\n<\/ul>\n<p>Paket geeignet f\u00fcr Pf\u00f6rtnerh\u00e4user, Landg\u00fcter oder Feriend\u00f6rfer<\/p>","protected":false},"excerpt":{"rendered":"<p style=\"text-align: center;\">10 Anzeigen f\u00fcr 1 Jahr!<\/p>","protected":false},"featured_media":0,"template":"","meta":{"ngg_post_thumbnail":0},"product_brand":[],"product_cat":[127],"product_tag":[],"class_list":{"0":"post-72863","1":"product","2":"type-product","3":"status-publish","5":"product_cat-non-classifie","7":"first","8":"instock","9":"downloadable","10":"virtual","11":"sold-individually","12":"purchasable","13":"product-type-listing_package_subscription"},"_links":{"self":[{"href":"https:\/\/cparici.com\/de\/wp-json\/wp\/v2\/product\/72863","targetHints":{"allow":["GET"]}}],"collection":[{"href":"https:\/\/cparici.com\/de\/wp-json\/wp\/v2\/product"}],"about":[{"href":"https:\/\/cparici.com\/de\/wp-json\/wp\/v2\/types\/product"}],"wp:attachment":[{"href":"https:\/\/cparici.com\/de\/wp-json\/wp\/v2\/media?parent=72863"}],"wp:term":[{"taxonomy":"product_brand","embeddable":true,"href":"https:\/\/cparici.com\/de\/wp-json\/wp\/v2\/product_brand?post=72863"},{"taxonomy":"product_cat","embeddable":true,"href":"https:\/\/cparici.com\/de\/wp-json\/wp\/v2\/product_cat?post=72863"},{"taxonomy":"product_tag","embeddable":true,"href":"https:\/\/cparici.com\/de\/wp-json\/wp\/v2\/product_tag?post=72863"}],"curies":[{"name":"wp","href":"https:\/\/api.w.org\/{rel}","templated":true}]}}