{"id":10075,"date":"2020-10-02T10:47:54","date_gmt":"2020-10-02T10:47:54","guid":{"rendered":"https:\/\/lalilala-vacances.com\/comment-louer-sa-villa-sans-agence"},"modified":"2026-03-31T18:42:16","modified_gmt":"2026-03-31T16:42:16","slug":"comment-louer-sa-villa-sans-agence","status":"publish","type":"page","link":"https:\/\/cparici.com\/en\/comment-louer-sa-villa-sans-agence\/","title":{"rendered":"How to rent your villa without an agency"},"content":{"rendered":"<h2 style=\"text-align: center;\"><span style=\"color: #333333; font-size: 24pt;\">How to rent your villa without an agency<\/span><\/h2>\n<p>&nbsp;<\/p>\n<p style=\"text-align: center;\"><em><span style=\"color: #808080;\">Many owners want to rent out their villa <\/span><span style=\"color: #808080;\">However, <span style=\"color: #333333;\"><span style=\"color: #808080;\"><strong>an owner may wonder <\/strong><\/span><strong>\u00a0How to rent your villa without an agency or how to rent your vacation home directly<\/strong><\/span><\/span><\/em><\/p>\n<p>&nbsp;<\/p>\n<h2 style=\"text-align: left;\"><span style=\"color: #333333; font-size: 24pt;\">RENTING OUT YOUR VILLA, YES, BUT HOW?<\/span><\/h2>\n<p><span style=\"color: #808080;\">Today, many owners want to rent out their villa for one or more weeks of the year. This often allows them to have a <span style=\"color: #333333;\"><strong>small additional income<\/strong><\/span>. Of course, this income can be very useful for going on vacation, or treating yourself to a little something extra. U<\/span><span style=\"color: #808080;\"><span style=\"color: #333333;\"><span style=\"color: #808080;\"><strong>n owner may therefore wonder\u00a0<\/strong> :<\/span> <strong>\u201d How to rent your vacation home online \u201c<\/strong><\/span><\/span> <span style=\"color: #808080;\"><span style=\"color: #333333;\"><strong>So it might be tempting to<\/strong><\/span>, for example,\u00a0 <span style=\"color: #333333;\"><strong>to rush to the <a href=\"https:\/\/www.definitions-marketing.com\/definition\/ota\/#:~:text=Les%20OTA%20les%20plus%20connus,.com%2C%20Expedia%2C%20etc.\" target=\"_blank\" rel=\"noopener\">OTAS<\/a><\/strong><\/span> ( airb'nb, trip advisor, <a href=\"https:\/\/cparici.com\/en\/abritel-avis-fonctionnement-et-guide-complet-2026\/\">abritel<\/a>, homeaway, expedia...) to rent your villa with ease.<\/span> OTA stands for <strong>Online Tourism Agency<\/strong>. OTAs are <strong>online travel agencies marketing tourism services provided by others<\/strong> (companies, individuals, etc...) These may be hotel nights, vacation rentals, tourist activities, sightseeing tours, car rentals, stays with or without hotel nights, or flights. So it's important to note that OTAS do not produce services. <strong>They are therefore only intermediaries<\/strong> between those who offer tourist services, and those who \u2018consume\u2019 or use these services.<\/p>\n<h2 style=\"text-align: center;\"><span style=\"font-size: 24pt;\"><strong>OTAS: THE BEST SOLUTION?<\/strong><\/span><\/h2>\n<h3 style=\"text-align: center;\"><span style=\"color: #000080;\">\u00a0 \u00a0 \u00a0 \u00a0 \u00a0 - How to rent your villa directly-<\/span><\/h3>\n<p><span style=\"color: #808080;\">As you can see, OTAs are no longer simply specialized ad sites.<\/span> <span style=\"color: #808080;\">These are companies, often large ones. <span style=\"color: #333333;\"><strong>They can even be listed on the stock exchange, generating huge sales.<\/strong><\/span><\/span> <span style=\"color: #808080;\">How? <span style=\"color: #333333;\"><strong>Taking commissions and fees on vacation rentals.<\/strong><\/span><\/span> <span style=\"color: #808080;\">The owners do most of the work (house renovation, furnishings, preparation...). They also welcome holidaymakers, but <span style=\"color: #333333;\"><strong>part of the profits go to the OTAS.<\/strong><\/span><\/span> Some owners consider that <a href=\"https:\/\/www.lechotouristique.com\/article\/crise-du-coronavirus-des-hoteliers-appellent-a-un-new-deal-avec-les-ota\" target=\"_blank\" rel=\"noopener\">it's unfair\u00a0 <\/a>and decided to think about <span style=\"color: #000080;\"><strong>how to rent your vacation home without an agency.<\/strong><\/span><\/p>\n<h2 style=\"text-align: center;\"><span style=\"font-size: 24pt;\"><strong>RENTING OUT YOUR HOUSE WITH AN OTA: THE RIGHT IDEA?<\/strong><\/span><\/h2>\n<h3 style=\"text-align: center;\"><span style=\"color: #000080;\">- How to rent your villa without an agency -<\/span><\/h3>\n<p><span style=\"color: #808080;\">OTAs therefore often encourage owners, who could easily rent their villa without an agency, to <span style=\"color: #333333;\"><strong>rent more often<\/strong>, even when they don't need it.<\/span><\/span> <span style=\"color: #808080;\"><span style=\"color: #333333;\">Why should I? Simply to <strong>increase sales and profits.<\/strong><\/span><\/span> <span style=\"color: #808080;\"><span style=\"color: #333333;\">Some OTAS have a strong presence on the Internet and social networks. However, what is their real interest? Is it to help homeowners?\u00a0<\/span><\/span> <span style=\"color: #808080;\"><span style=\"color: #333333;\">You have to wonder, because some people don't hesitate to ask for\u00a0 <strong>lower rental prices, which will result in more rentals, and therefore higher sales for the OTA, regardless of the financial impact on owners.<\/strong><\/span><\/span> <span style=\"color: #808080;\">And above all <span style=\"color: #333333;\"><strong>they take commissions that don't seem justified<\/strong><\/span> with regard to the service provided.<\/span> <span style=\"color: #808080;\">Sometimes even, <span style=\"color: #333333;\"><strong>they do not allow you to take a deposit<\/strong><\/span>, The results can be catastrophic when it comes time to reclaim your property.<\/span> The question remains: is it possible, and if so, <span style=\"color: #000080;\"><strong>How to rent a villa without an agency?<\/strong><\/span><\/p>\n<p>&nbsp;<\/p>\n<h2 style=\"text-align: center;\"><span style=\"font-size: 24pt;\"><strong>HOW TO RENT A VILLA WITHOUT AN AGENCY<\/strong><\/span><\/h2>\n<h3 style=\"text-align: center;\"><span style=\"color: #000080;\">- How to rent your vacation home online -<\/span><\/h3>\n<p>How to rent your villa without an agency is a scary question.\u00a0 <strong>But today, nothing could be easier.<\/strong> All you have to do is <strong>visit a specialized ad site<\/strong>, and put your ad online for a very reasonable price. The best-known sites are : PAP vacances, amivac, paruvendu, se loger.com, ... All you have to do is register, pay the subscription fee, then place your ad online. <strong>However, it is important to compare the different ad sites to find out how to rent your villa without an agency. .<\/strong> \u00a0 Indeed, prices can range from simple to triple, for services that are often comparable. The real question is: how will the money you give to the ad site be used? Is the annual subscription price reasonable? Does the site make an effort to properly reference the ads, so that they are visible on the major search engines? Lalilala-vacances.com is a new specialized ad site worth checking out.<\/p>\n<h2 style=\"text-align: center;\"><span style=\"font-size: 24pt;\"><strong>CHOOSING THE RIGHT AD SITE<\/strong><\/span><\/h2>\n<h3 style=\"text-align: center;\"><span style=\"color: #000080;\">- How to rent your villa online -<\/span><\/h3>\n<p><span style=\"color: #808080;\">On<\/span><span style=\"color: #808080;\"> cparici.com, you can place an ad for a very reasonable price, <span style=\"color: #333333;\"><strong>less than 100 euros for the year<\/strong><\/span>.<\/span> You can manage your arrival and departure dates, as well as the rental period, as you see fit. What's more, you'll be able to assess the security deposit you'll be asking for on arrival, so you can be sure of finding your property in good condition. Finally, you'll be able to choose your pricing policy as you see fit. Whether you rent for a week or three months a year is none of our business. And it won't affect the price of your Cparici.com subscription. <span style=\"color: #808080;\"><strong><span style=\"color: #333333;\">No commission, no additional costs<\/span><\/strong> will be charged to you!<\/span> \u00a0 <em>How to rent your villa without an agency is an article written by the Cparici.com team Enjoy your reading!<\/em><\/p>","protected":false},"excerpt":{"rendered":"<p>Comment louer sa villa sans agence &nbsp; Nombreux sont les propri\u00e9taires \u00e0 vouloir louer leur villa Cependant, un propri\u00e9taire peut se demander \u00a0Comment louer sa villa sans agence\u00a0 ou comment louer sa maison de vacances en direct &nbsp; LOUER SA VILLA, OUI MAIS COMMENT? Les propri\u00e9taires aujourd\u2019hui sont nombreux \u00e0 vouloir louer leur villa pour [&hellip;]<\/p>\n","protected":false},"author":1,"featured_media":9911,"parent":0,"menu_order":0,"comment_status":"closed","ping_status":"closed","template":"","meta":{"ngg_post_thumbnail":0,"footnotes":""},"class_list":["post-10075","page","type-page","status-publish","has-post-thumbnail","hentry"],"_links":{"self":[{"href":"https:\/\/cparici.com\/en\/wp-json\/wp\/v2\/pages\/10075","targetHints":{"allow":["GET"]}}],"collection":[{"href":"https:\/\/cparici.com\/en\/wp-json\/wp\/v2\/pages"}],"about":[{"href":"https:\/\/cparici.com\/en\/wp-json\/wp\/v2\/types\/page"}],"author":[{"embeddable":true,"href":"https:\/\/cparici.com\/en\/wp-json\/wp\/v2\/users\/1"}],"replies":[{"embeddable":true,"href":"https:\/\/cparici.com\/en\/wp-json\/wp\/v2\/comments?post=10075"}],"version-history":[{"count":0,"href":"https:\/\/cparici.com\/en\/wp-json\/wp\/v2\/pages\/10075\/revisions"}],"wp:featuredmedia":[{"embeddable":true,"href":"https:\/\/cparici.com\/en\/wp-json\/wp\/v2\/media\/9911"}],"wp:attachment":[{"href":"https:\/\/cparici.com\/en\/wp-json\/wp\/v2\/media?parent=10075"}],"curies":[{"name":"wp","href":"https:\/\/api.w.org\/{rel}","templated":true}]}}