{"id":10558,"date":"2020-11-02T15:42:10","date_gmt":"2020-11-02T15:42:10","guid":{"rendered":"https:\/\/loclilala-vacances.com\/louez-votre-maison-pas-de-commission"},"modified":"2025-05-01T16:08:30","modified_gmt":"2025-05-01T14:08:30","slug":"inscrivez-votre-etablissement-pas-de-commission","status":"publish","type":"page","link":"https:\/\/cparici.com\/en\/inscrivez-votre-etablissement-pas-de-commission\/","title":{"rendered":"Register your establishment - no commission"},"content":{"rendered":"<p>[vc_row full_width=\u201dstretch_row_content_no_spaces\u201d css=\u201d.vc_custom_1615805916312{padding-top: 150px !important;padding-bottom: 150px !important;background-image: url(https:\/\/cparici.com\/wp-content\/uploads\/2020\/11\/qui-sommes-nous-2.jpg?id=10640) !important;background-position: center !important;background-repeat: no-repeat !important;background-size: cover !important;}\u201d el_class=\u201dtext-center st-become-banner\u201d][vc_column][vc_column_text]<\/p>\n<h1 style=\"text-align: center;\"><span style=\"color: #333333;\">Vous \u00eates professionnel du tourisme?<\/span><\/h1>\n<h4 style=\"text-align: center;\"><span style=\"color: #ffffff;\"><span style=\"color: #333333;\"> Inscrivez votre \u00e9tablissement et faites-vous conna\u00eetre sans payer de commission !<\/span>.<\/span><\/h4>\n<p>[\/vc_column_text][\/vc_column][\/vc_row][vc_row][vc_column][vc_empty_space height=\u201d45px\u201d][vc_column_text]<\/p>\n<h2 style=\"text-align: center;\"><strong>Comment \u00e7a marche?<\/strong><\/h2>\n<p>[\/vc_column_text][vc_empty_space height=\u201d10px\u201d][\/vc_column][\/vc_row][vc_row el_class=\u201dst-number-box\u201d][vc_column width=\u201d1\/3\u2033][vc_row_inner][vc_column_inner width=\u201d1\/4\u2033][vc_column_text el_class=\u201dst-number-circle\u201d]<span style=\"font-size: 36pt; color: #5191fa;\">1<\/span>[\/vc_column_text][\/vc_column_inner][vc_column_inner width=\u201d3\/4\u2033][vc_column_text]<\/p>\n<h3>Inscrivez-vous sur notre site<\/h3>\n<p>Cliquez sur le bouton ci dessous et inscrivez-vous gratuitement[\/vc_column_text][\/vc_column_inner][\/vc_row_inner][\/vc_column][vc_column width=\u201d1\/3\u2033][vc_row_inner][vc_column_inner width=\u201d1\/4\u2033][vc_column_text el_class=\u201dst-number-circle\u201d]2[\/vc_column_text][\/vc_column_inner][vc_column_inner width=\u201d3\/4\u2033][vc_column_text]<\/p>\n<h3>Ajoutez votre \u00e9tablissement<\/h3>\n<p>Choisissez un pack, remplissez le formulaire et donnez toutes les informations sur votre \u00e9tablissement[\/vc_column_text][\/vc_column_inner][\/vc_row_inner][\/vc_column][vc_column width=\u201d1\/3\u2033][vc_row_inner][vc_column_inner width=\u201d1\/4\u2033][vc_column_text el_class=\u201dst-number-circle\u201d]3[\/vc_column_text][\/vc_column_inner][vc_column_inner width=\u201d3\/4\u2033][vc_column_text]<\/p>\n<h3>Recevez des r\u00e9servations<\/h3>\n<p>Une fois votre annonce activ\u00e9e, soyez r\u00e9compens\u00e9s \u2013 pas de commission[\/vc_column_text][\/vc_column_inner][\/vc_row_inner][\/vc_column][\/vc_row][vc_row el_class=\u201dst-become-feature-wrapper text-center\u201d][vc_column][vc_empty_space height=\u201d20px\u201d][vc_column_text]<a class=\"signup btn btn-danger btn-lg\" rel=\"noopener noreferrer\" data-toggle=\"modal\" data-target=\"#st-register-form\">S\u2019inscrire ici<\/a>[\/vc_column_text][vc_empty_space height=\u201d20px\u201d][vc_single_image image=\u201d10068\u2033 img_size=\u201d1500\u00d7500\u2033][vc_empty_space height=\u201d40px\u201d][vc_column_text]<\/p>\n<h2 style=\"text-align: center;\"><strong>Pourquoi s\u2019inscrire sur notre site?<\/strong><\/h2>\n<p>[\/vc_column_text][vc_empty_space height=\u201d15px\u201d][vc_row_inner el_class=\u201dst-become-feature text-center\u201d][vc_column_inner el_class=\u201dcolumn1\u2033 width=\u201d1\/3\u2033][vc_single_image image=\u201d10586\u2033 img_size=\u201dfull\u201d alignment=\u201dcenter\u201d][vc_column_text]<\/p>\n<h3>L\u2019inscription est gratuite<\/h3>\n<p>[\/vc_column_text][vc_column_text]Nous ne prenons aucune commission.[\/vc_column_text][\/vc_column_inner][vc_column_inner width=\u201d1\/3\u2033][vc_single_image image=\u201d10591\u2033 img_size=\u201dfull\u201d alignment=\u201dcenter\u201d][vc_column_text]<\/p>\n<h3>Faites vous conna\u00eetre!<\/h3>\n<p>[\/vc_column_text][vc_column_text]Nous r\u00e9f\u00e9ren\u00e7ons votre \u00e9tablissement sans prendre de commission[\/vc_column_text][\/vc_column_inner][vc_column_inner width=\u201d1\/3\u2033][vc_single_image image=\u201d10595\u2033 img_size=\u201dfull\u201d alignment=\u201dcenter\u201d][vc_column_text]<\/p>\n<h3>Gagnez plus d\u2019argent<\/h3>\n<p>[\/vc_column_text][vc_column_text]\u00a0Utilisez l\u2019argent \u00e9conomis\u00e9 comme bon vous semble[\/vc_column_text][\/vc_column_inner][\/vc_row_inner][vc_empty_space height=\u201d15px\u201d][vc_column_text]<\/p>\n<h2 style=\"text-align: center;\"><span style=\"color: #003366;\">Fa\u00eetes conna\u00eetre votre \u00e9tablissement \u2013 pas de commission !<\/span><\/h2>\n<p>[\/vc_column_text][vc_column_text]<a class=\"signup btn btn-danger btn-lg\" rel=\"noopener noreferrer\" data-toggle=\"modal\" data-target=\"#st-register-form\">S\u2019inscrire ici<\/a>[\/vc_column_text][vc_empty_space height=\u201d45px\u201d][vc_separator border_width=\u201d2\u2033][vc_empty_space height=\u201d1px\u201d][\/vc_column][\/vc_row][vc_row][vc_column][vc_column_text]<\/p>\n<h2 style=\"text-align: center;\">Inscrivez votre \u00e9tablissement \u2013 pas de commission !<\/h2>\n<p>[\/vc_column_text][\/vc_column][\/vc_row]<\/p>\n","protected":false},"excerpt":{"rendered":"<p>[vc_row full_width=\u201dstretch_row_content_no_spaces\u201d css=\u201d.vc_custom_1615805916312{padding-top: 150px !important;padding-bottom: 150px !important;background-image: url(https:\/\/cparici.com\/wp-content\/uploads\/2020\/11\/qui-sommes-nous-2.jpg?id=10640) !important;background-position: center !important;background-repeat: no-repeat !important;background-size: cover !important;}\u201d el_class=\u201dtext-center st-become-banner\u201d][vc_column][vc_column_text] Vous \u00eates professionnel du tourisme? Inscrivez votre \u00e9tablissement et faites-vous conna\u00eetre sans payer de commission !. [\/vc_column_text][\/vc_column][\/vc_row][vc_row][vc_column][vc_empty_space height=\u201d45px\u201d][vc_column_text] Comment \u00e7a marche? [\/vc_column_text][vc_empty_space height=\u201d10px\u201d][\/vc_column][\/vc_row][vc_row el_class=\u201dst-number-box\u201d][vc_column width=\u201d1\/3\u2033][vc_row_inner][vc_column_inner width=\u201d1\/4\u2033][vc_column_text el_class=\u201dst-number-circle\u201d]1[\/vc_column_text][\/vc_column_inner][vc_column_inner width=\u201d3\/4\u2033][vc_column_text] Inscrivez-vous sur notre site Cliquez sur le bouton ci dessous [&hellip;]<\/p>\n","protected":false},"author":1,"featured_media":9911,"parent":0,"menu_order":0,"comment_status":"closed","ping_status":"closed","template":"","meta":{"ngg_post_thumbnail":0,"footnotes":""},"class_list":["post-10558","page","type-page","status-publish","has-post-thumbnail","hentry"],"_links":{"self":[{"href":"https:\/\/cparici.com\/en\/wp-json\/wp\/v2\/pages\/10558","targetHints":{"allow":["GET"]}}],"collection":[{"href":"https:\/\/cparici.com\/en\/wp-json\/wp\/v2\/pages"}],"about":[{"href":"https:\/\/cparici.com\/en\/wp-json\/wp\/v2\/types\/page"}],"author":[{"embeddable":true,"href":"https:\/\/cparici.com\/en\/wp-json\/wp\/v2\/users\/1"}],"replies":[{"embeddable":true,"href":"https:\/\/cparici.com\/en\/wp-json\/wp\/v2\/comments?post=10558"}],"version-history":[{"count":0,"href":"https:\/\/cparici.com\/en\/wp-json\/wp\/v2\/pages\/10558\/revisions"}],"wp:featuredmedia":[{"embeddable":true,"href":"https:\/\/cparici.com\/en\/wp-json\/wp\/v2\/media\/9911"}],"wp:attachment":[{"href":"https:\/\/cparici.com\/en\/wp-json\/wp\/v2\/media?parent=10558"}],"curies":[{"name":"wp","href":"https:\/\/api.w.org\/{rel}","templated":true}]}}