{"id":10668,"date":"2020-11-05T13:08:00","date_gmt":"2020-11-05T13:08:00","guid":{"rendered":"https:\/\/loclilala-vacances.com\/?page_id=10668"},"modified":"2026-03-31T18:42:16","modified_gmt":"2026-03-31T16:42:16","slug":"louer-sa-maison-de-vacances-sans-agence","status":"publish","type":"page","link":"https:\/\/cparici.com\/en\/louer-sa-maison-de-vacances-sans-agence\/","title":{"rendered":"Rent your vacation home without an agency"},"content":{"rendered":"<h1 style=\"text-align: center;\"><strong>How to rent your vacation home without an agency<\/strong><\/h1>\n<p style=\"text-align: center;\"><em><span style=\"color: #808080;\">You want to rent out your home, and you don't want to pay commissions. You may be wondering <\/span><span style=\"color: #808080;\"><span style=\"color: #333333;\"><span style=\"color: #000000;\"><strong>C<\/strong><\/span><strong>ow to rent your vacation home without an agency<\/strong><\/span><\/span><\/em><\/p>\n<p>\u00a0<\/p>\n<h2 style=\"text-align: center;\"><span style=\"color: #333333; font-size: 24pt;\">RENT YOUR HOME WITHOUT AN AGENCY?<\/span><\/h2>\n<p><strong>Rent your vacation home without an agency<\/strong>,the dream of every homeowner.<\/p>\n<p>However, many owners don't dare to take the plunge, or feel lost in the maze of the Internet. There are so many websites out there, it's hard to find your way around.<\/p>\n<p>In this article, we'll look at how to rent out your vacation home without an agency. There are several solutions, and it may be useful to compare them before taking the plunge.<\/p>\n<h2 style=\"text-align: center;\"><span style=\"font-size: 24pt;\"><strong>SIGNAGE: AN EFFECTIVE SOLUTION?<\/strong><\/span><\/h2>\n<h3 style=\"text-align: center;\"><span style=\"color: #000080;\">\u00a0 \u00a0 \u00a0 \u00a0 \u00a0 \u2013 Comment louer sa villa en direct-<\/span><\/h3>\n<p>The first solution is simply to put a sign on your house, or at the end of the road: \u00abvacation home for rent\u00bb. Although this is not a recent solution, it can work if your vacation home is located in a high-traffic area.<\/p>\n<p>Today, however, most people looking for a vacation home do so via the Internet, and don't wait until they're actually there to contact the owners of vacation rentals.<\/p>\n<p>This can be a complementary solution, but often proves ineffective.<\/p>\n<p><span style=\"color: #000080;\"><strong>how to rent your vacation home without an agency.<\/strong><\/span><\/p>\n<h2 style=\"text-align: center;\"><span style=\"font-size: 24pt;\"><strong>ARE TOURIST OFFICES THE RIGHT IDEA?<\/strong><\/span><\/h2>\n<h3 style=\"text-align: center;\"><span style=\"color: #000080;\"> \u00a0 \u2013 Comment louer sa villa en direct-<\/span><\/h3>\n<p><strong>Solution 2: Tourist offices<\/strong><\/p>\n<p>To rent without an agency, it can be useful to register your vacation rental with your local tourist office. In most cases, registration is free of charge. It enables the tourist office to direct holidaymakers to your rental in case of demand.<\/p>\n<p>That said, if you want the tourist office website to put an online advert for your vacation rental, you'll probably have to pay a flat fee.<\/p>\n<p>This may be useful, but will it be enough?<\/p>\n<h2 style=\"text-align: center;\"><span style=\"font-size: 24pt;\"><strong>LES SITES D\u2019ANNONCES GENERALISTES<\/strong><\/span><\/h2>\n<h3 style=\"text-align: center;\"><span style=\"color: #000080;\">\u2013 Comment louer sa villa sans agence \u2013<\/span><\/h3>\n<p><strong>Solution 3: Generalist ad sites<\/strong><\/p>\n<p>One solution is to place an ad on a generalist ad site. The advantage is that you can place the ad yourself, and there are free ad sites available. Most of the time, you can write a complete description of your accommodation, and insert a few photos.<\/p>\n<p>However, there are several disadvantages:<\/p>\n<ul>\n<li>The number of photos can be limited, often to a maximum of 3, which doesn't really enhance your vacation rental.<\/li>\n<li>Your ad can easily get lost in the thousands of ads posted every day, making it invisible.<\/li>\n<\/ul>\n<p>\u00a0<\/p>\n<h2 style=\"text-align: center;\"><span style=\"font-size: 24pt;\"><strong>LES SITES D\u2019ANNONCES SPECIALISEES<\/strong><\/span><\/h2>\n<h3 style=\"text-align: center;\"><span style=\"color: #000080;\">\u2013 Comment louer sa villa en direct \u2013<\/span><\/h3>\n<p><strong>Solution 4: Specialized ad sites<\/strong><\/p>\n<p>The last solution, and certainly the best, is to place your ad on a specialized vacation rental website, such as cparici.com.<\/p>\n<p>The first advantage is that the ad is adapted to vacation rentals. It often allows you to showcase your vacation home, with the possibility of inserting several photos, or even a calendar of your rental's availability.<\/p>\n<p>What's more, since the site is specialized, you have a much better chance of reaching holidaymakers looking for vacation rentals. Your ad won't get lost in the shuffle of car, clothing or DIY sales.<\/p>\n<p>Finally, prices are often reasonable. There's no comparison with the commissions and fees charged by the OTAs (airb'nb, trip advisor...), <a href=\"https:\/\/cparici.com\/en\/abritel-avis-fonctionnement-et-guide-complet-2026\/\">abritel<\/a>, homeaway, shipping...)<\/p>\n<p>Of course, it's important to compare the various specialized vacation rental websites. Prices vary from one site to another, and so do services. Don't hesitate to compare the different specialized ad sites.<\/p>\n<h4>Advantages and disadvantages<\/h4>\n<p>One of the disadvantages, because there has to be one, is the need to manage the posting of the advert and the updating of the calendar yourself. But this is only a minor inconvenience compared to the many advantages:<\/p>\n<ul>\n<li>No commission to give (from 3% to over 17% for some OTAs)<\/li>\n<li>Individual management of tourist tax (therefore more accurate)<\/li>\n<li>No pressure to rent more often<\/li>\n<li>Free management of dates, services and prices.<\/li>\n<\/ul>\n<p>The benefits would take too long to detail!<\/p>\n<p>So don't hesitate to rent your vacation home without going through an agency! Today, nothing could be easier. All you have to do is visit a specialized ad site, and in just a few minutes, it's done.<\/p>","protected":false},"excerpt":{"rendered":"<p>Comment louer sa maison de vacances sans agence Vous souhaitez louer votre maison, et vous ne souhaitez pas payer des commissions. Vous vous demandez peut-\u00eatre Comment louer sa maison de vacances sans agence \u00a0 LOUER SA MAISON SANS AGENCE? Louer sa maison de vacances sans\u00a0 agence,\u00a0 le r\u00eave pour tout propri\u00e9taire. Cependant, beaucoup de propri\u00e9taires [&hellip;]<\/p>\n","protected":false},"author":1,"featured_media":9910,"parent":0,"menu_order":0,"comment_status":"closed","ping_status":"closed","template":"","meta":{"ngg_post_thumbnail":0,"footnotes":""},"class_list":["post-10668","page","type-page","status-publish","has-post-thumbnail","hentry"],"_links":{"self":[{"href":"https:\/\/cparici.com\/en\/wp-json\/wp\/v2\/pages\/10668","targetHints":{"allow":["GET"]}}],"collection":[{"href":"https:\/\/cparici.com\/en\/wp-json\/wp\/v2\/pages"}],"about":[{"href":"https:\/\/cparici.com\/en\/wp-json\/wp\/v2\/types\/page"}],"author":[{"embeddable":true,"href":"https:\/\/cparici.com\/en\/wp-json\/wp\/v2\/users\/1"}],"replies":[{"embeddable":true,"href":"https:\/\/cparici.com\/en\/wp-json\/wp\/v2\/comments?post=10668"}],"version-history":[{"count":0,"href":"https:\/\/cparici.com\/en\/wp-json\/wp\/v2\/pages\/10668\/revisions"}],"wp:featuredmedia":[{"embeddable":true,"href":"https:\/\/cparici.com\/en\/wp-json\/wp\/v2\/media\/9910"}],"wp:attachment":[{"href":"https:\/\/cparici.com\/en\/wp-json\/wp\/v2\/media?parent=10668"}],"curies":[{"name":"wp","href":"https:\/\/api.w.org\/{rel}","templated":true}]}}