{"id":13174,"date":"2021-03-15T10:18:30","date_gmt":"2021-03-15T10:18:30","guid":{"rendered":"https:\/\/cparici.com\/?page_id=13174"},"modified":"2021-03-15T11:12:13","modified_gmt":"2021-03-15T11:12:13","slug":"vacances-en-direct-en-france-activities-restaurants-vacation-rentals-hotels","status":"publish","type":"page","link":"https:\/\/cparici.com\/en\/vacances-en-direct-en-france-activites-restauration-locations-de-vacances-hotels\/","title":{"rendered":"Direct vacations in France - activities, restaurants, vacation rentals, hotels"},"content":{"rendered":"<p>[vc_row full_width=\u201dstretch_row_content_no_spaces\u201d row_fullwidth=\u201dyes\u201d css=\u201d.vc_custom_1557891216421{padding-bottom: 20px !important;background-position: center !important;background-repeat: no-repeat !important;background-size: cover !important;}\u201d][vc_column css=\u201d.vc_custom_1550221571756{padding-right: 0px !important;padding-left: 0px !important;}\u201d][st_search_form_new form_type=\u201dmix\u201d service_items=\u201d%5B%7B%22tab_title%22%3A%22Activit%C3%A9s%22%2C%22tab_service%22%3A%22st_activity%22%7D%2C%7B%22tab_title%22%3A%22Locations%20de%20vacances%22%2C%22tab_service%22%3A%22st_rental%22%7D%2C%7B%22tab_title%22%3A%22Hotels%22%2C%22tab_service%22%3A%22st_hotel%22%7D%5D\u201d heading_align=\u201dleft\u201d style=\u201dslider\u201d description=\u201dLoclilala a direct link\u201d heading=\u201dCommission-free Vacation Rentals in France\u201d images=\u201d12109\u2033][\/vc_column][vc_column][vc_custom_heading text=\u201dVacances en direct en France \u2013 activit\u00e9s, restauration, locations de vacances, h\u00f4tels\u201d font_container=\u201dtag:h1|text_align:center\u201d google_fonts=\u201dfont_family:Abel%3Aregular|font_style:400%20regular%3A400%3Anormal\u201d][\/vc_column][\/vc_row][vc_row row_fullwidth=\u201dyes\u201d][vc_column width=\u201d1\/3\u2033][vc_icon icon_fontawesome=\u201dfas fa-circle\u201d align=\u201dcenter\u201d][vc_custom_heading text=\u201dVacanciers: pour vous, des Vacances en direct en France \u201d font_container=\u201dtag:h2|text_align:center\u201d google_fonts=\u201dfont_family:Abel%3Aregular|font_style:400%20regular%3A400%3Anormal\u201d link=\u201durl:https%3A%2F%2Floclilala-vacances.com%2Frent-your-house-with-no-commission%2F|title:Rent%20your%20house%20with%20no%20commission||\u201d][\/vc_column][vc_column width=\u201d1\/3\u2033][vc_icon icon_fontawesome=\u201dfas fa-circle\u201d color=\u201dcustom\u201d align=\u201dcenter\u201d el_id=\u201dIcone orange\u201d custom_color=\u201d#f0cc8e\u201d][vc_custom_heading text=\u201dNous cr\u00e9ons un lien direct entre vacanciers et professionnels du tourisme\u201d font_container=\u201dtag:h2|text_align:center\u201d google_fonts=\u201dfont_family:Abel%3Aregular|font_style:400%20regular%3A400%3Anormal\u201d][\/vc_column][vc_column width=\u201d1\/3\u2033][vc_icon icon_fontawesome=\u201dfas fa-circle\u201d color=\u201dcustom\u201d align=\u201dcenter\u201d el_id=\u201dIcone rouge\u201d custom_color=\u201d#1a2b48\u2033][vc_custom_heading text=\u201dProfessionnels du tourisme: fa\u00eetes-vous conna\u00eetre, sans commission!\u201d font_container=\u201dtag:h2|text_align:center\u201d google_fonts=\u201dfont_family:Abel%3Aregular|font_style:400%20regular%3A400%3Anormal\u201d][\/vc_column][\/vc_row][vc_row full_width=\u201dstretch_row\u201d][vc_column css=\u201d.vc_custom_1543548162184{margin-bottom: -30px !important;}\u201d][vc_empty_space height=\u201d50px\u201d][vc_empty_space height=\u201d50px\u201d][\/vc_column][\/vc_row][vc_row full_width=\u201dstretch_row\u201d][vc_column css=\u201d.vc_custom_1543548162184{margin-bottom: -30px !important;}\u201d][vc_empty_space][vc_column_text el_class=\u201dfs-28 fs-normal\u201d]<\/p>\n<h2>Top Destinations<\/h2>\n<p>[\/vc_column_text][st_list_of_destinations_new service=\u201dst_hotel,st_rental\u201d posts_per_page=\u201d12\u2033 style=\u201dlayout4\u2033 ids=\u201d10683,9832,10774,11079,11142,11384,11713,11163,11181, 11584,11179,11733\u2033][\/vc_column][\/vc_row][vc_row full_width=\u201dstretch_row\u201d][vc_column css=\u201d.vc_custom_1542167696382{padding-top: 30px !important;padding-bottom: 30px !important;}\u201d][vc_empty_space][st_list_of_multi_services_new list_services=\u201d%5B%5D\u201d posts_per_page=\u201d0\u2033 heading=\u201dTrending\u201d][\/vc_column][\/vc_row][vc_row full_width=\u201dstretch_row\u201d][vc_column css=\u201d.vc_custom_1543548162184{margin-bottom: -30px !important;}\u201d][vc_empty_space height=\u201d50px\u201d][\/vc_column][\/vc_row][vc_row full_width=\u201dstretch_row_content_no_spaces\u201d row_fullwidth=\u201dyes\u201d css=\u201d.vc_custom_1604072550020{background-color: #f7f7f7 !important;}\u201d][vc_column width=\u201d1\/6\u2033][vc_empty_space height=\u201d90px\u201d][vc_icon icon_fontawesome=\u201dfas fa-stop\u201d size=\u201dxl\u201d align=\u201dcenter\u201d css_animation=\u201dflipInX\u201d][\/vc_column][vc_column width=\u201d4\/6\u2033][vc_empty_space][vc_cta h2=\u201dVacances en direct en France, comment est-ce possible?\u201d h2_font_container=\u201dtag:h2|text_align:left|color:%23000000\u2033 h2_google_fonts=\u201dfont_family:Abel%3Aregular|font_style:400%20regular%3A400%3Anormal\u201d h4=\u201dPas de commission!\u201d h4_font_container=\u201dtag:h4|text_align:left\u201d use_custom_fonts_h2=\u201dtrue\u201d use_custom_fonts_h4=\u201dtrue\u201d css=\u201d.vc_custom_1615801844777{background-color: #ffffff !important;}\u201d]C\u2019est possible, car nous ne demandons aux professionnels du tourisme qu\u2019un seul paiement annuel, qui couvre les d\u00e9penses de ce site Web.<br \/>\nNous n\u2019avons pas besoin de demander une commission, qui pourrait aller sur d\u2019autres sites Web de 3% \u00e0 17% au total!<br \/>\nPlus nous aurons de professionnels du tourisme et de vacanciers, plus ce sera efficace![\/vc_cta][\/vc_column][vc_column width=\u201d1\/6\u2033][\/vc_column][\/vc_row][vc_row full_width=\u201dstretch_row_content_no_spaces\u201d row_fullwidth=\u201dyes\u201d css=\u201d.vc_custom_1604072624535{background-color: #f7f7f7 !important;}\u201d][vc_column width=\u201d1\/6\u2033][vc_empty_space height=\u201d90px\u201d][vc_icon icon_fontawesome=\u201dfas fa-stop\u201d color=\u201dorange\u201d size=\u201dxl\u201d align=\u201dcenter\u201d css_animation=\u201dflipInY\u201d][\/vc_column][vc_column width=\u201d4\/6\u2033][vc_empty_space][vc_cta h2=\u201dPourquoi nous faire confiance?\u201d h2_font_container=\u201dtag:h2|text_align:left\u201d h2_google_fonts=\u201dfont_family:Abel%3Aregular|font_style:400%20regular%3A400%3Anormal\u201d h4=\u201dNous sommes une PME\u201d h4_font_container=\u201dtag:h4|text_align:left\u201d use_custom_fonts_h2=\u201dtrue\u201d use_custom_fonts_h4=\u201dtrue\u201d css=\u201d.vc_custom_1615801990996{background-color: #ffffff !important;}\u201d]Nous sommes une PME fran\u00e7aise et nous prenons l\u2019engagement de ne prendre aucune commission sur les prestations des professionnels du tourisme sur notre site internet. Nous travaillons avec une entreprise de r\u00e9f\u00e9rencement qui nous permet d\u2019\u00eatre visible sur le net.[\/vc_cta][\/vc_column][vc_column width=\u201d1\/6\u2033][\/vc_column][\/vc_row][vc_row full_width=\u201dstretch_row_content_no_spaces\u201d row_fullwidth=\u201dyes\u201d css=\u201d.vc_custom_1604072656285{background-color: #f7f7f7 !important;}\u201d][vc_column width=\u201d1\/6\u2033][vc_empty_space height=\u201d90px\u201d][vc_icon icon_fontawesome=\u201dfas fa-stop\u201d color=\u201dcustom\u201d size=\u201dxl\u201d align=\u201dcenter\u201d css_animation=\u201dflipInX\u201d custom_color=\u201d#1a2b48\u2033][\/vc_column][vc_column width=\u201d4\/6\u2033][vc_empty_space][vc_cta h2=\u201dVotre \u00e9tablissement touristique en ligne\u201d h2_font_container=\u201dtag:h2|text_align:left\u201d h2_google_fonts=\u201dfont_family:Abel%3Aregular|font_style:400%20regular%3A400%3Anormal\u201d h4=\u201dEn ligne en moins de 48h\u201d h4_font_container=\u201dtag:h4|text_align:left\u201d use_custom_fonts_h2=\u201dtrue\u201d use_custom_fonts_h4=\u201dtrue\u201d css=\u201d.vc_custom_1615802096163{background-color: #ffffff !important;}\u201d]Nous pensons pouvoir mettre en ligne votre \u00e9tablissement touristique en moins de 48h une fois votre fiche d\u00fbment remplie. Si ce n\u2019est pas possible, nous mettrons tout en oeuvre pour y arriver le plus rapidement possible![\/vc_cta][\/vc_column][vc_column width=\u201d1\/6\u2033][\/vc_column][\/vc_row][vc_row][vc_column][vc_empty_space][vc_column_text]<\/p>\n<h3 style=\"text-align: center;\">Vacances en direct en France \u2013 activit\u00e9s, restauration, locations de vacances, h\u00f4tels<\/h3>\n<p>[\/vc_column_text][vc_empty_space][\/vc_column][\/vc_row][vc_row full_width=\u201dstretch_row_content_no_spaces\u201d row_fullwidth=\u201dyes\u201d css=\u201d.vc_custom_1604073738417{background-color: #f7f7f7 !important;}\u201d][vc_column][vc_empty_space height=\u201d60px\u201d][\/vc_column][\/vc_row][vc_row full_width=\u201dstretch_row\u201d equal_height=\u201dyes\u201d row_fullwidth=\u201dyes\u201d css=\u201d.vc_custom_1604246663594{background-color: #f7f7f7 !important;}\u201d][vc_column width=\u201d1\/2\u2033 css=\u201d.vc_custom_1604246537806{padding-right: 15px !important;border-radius: 15px !important;}\u201d][vc_single_image image=\u201d10452\u2033 img_size=\u201d800\u00d7300\u2033 css=\u201d.vc_custom_1615806603696{margin-top: 0px !important;margin-right: 0px !important;margin-bottom: 0px !important;margin-left: 0px !important;border-radius: 5px !important;}\u201d][vc_custom_heading text=\u201dBienvenue chez Loclilala!\u201d font_container=\u201dtag:h2|text_align:center|color:%23ffffff\u201d google_fonts=\u201dfont_family:Abel%3Aregular|font_style:400%20regular%3A400%3Anormal\u201d css=\u201d.vc_custom_1615802198541{margin-top: 0px !important;margin-bottom: 0px !important;padding-top: 15px !important;padding-bottom: 15px !important;background-color: #1a2b47 !important;}\u201d][vc_icon icon_fontawesome=\u201dfas fa-circle\u201d size=\u201dsm\u201d align=\u201dcenter\u201d css_animation=\u201dflipInX\u201d css=\u201d.vc_custom_1604246490004{margin-top: 0px !important;margin-bottom: 0px !important;background-color: #ffffff !important;}\u201d][vc_column_text css=\u201d.vc_custom_1615802384606{margin-top: 0px !important;margin-bottom: 0px !important;padding-right: 25px !important;padding-left: 25px !important;background-color: #ffffff !important;}\u201d]<\/p>\n<p style=\"text-align: center;\"><span style=\"color: #003366;\"><strong>Comme vous, nous sommes des professionnels du tourisme<\/strong><\/span><\/p>\n<p>Loclilala.com est un site d\u00e9di\u00e9 \u00e0 la mise en avant des professionnels du tourisme: mus\u00e9es, restaurants, locations de vacances, chambres d\u2019h\u00f4tel et tout cela, sans commission. Il sert de vitrine aux professionnels du tourisme en France. C\u2019est un showroom en ligne utile pour les vacanciers en France.<\/p>\n<p>Notre objectif est d\u2019aider les professionnels du tourisme \u00e0:<\/p>\n<p>Avoir de grands avantages pour leur travail acharn\u00e9, le maintien de leur \u00e9tablissement.<\/p>\n<p>Faites un lien direct avec les voyageurs, en donnant un acc\u00e8s complet aux informations du professionnel.[\/vc_column_text][vc_empty_space height=\u201d40px\u201d css=\u201d.vc_custom_1604246518490{margin-top: 0px !important;margin-bottom: 0px !important;background-color: #ffffff !important;}\u201d][\/vc_column][vc_column width=\u201d1\/2\u2033 css=\u201d.vc_custom_1604246471173{padding-left: 15px !important;}\u201d][vc_single_image image=\u201d10461\u2033 img_size=\u201d800\u00d7300\u2033 css=\u201d.vc_custom_1615806631610{margin-bottom: 0px !important;}\u201d][vc_custom_heading text=\u201dImpossible n\u2019est pas fran\u00e7ais!\u201d font_container=\u201dtag:h2|text_align:center|color:%23ffffff\u201d google_fonts=\u201dfont_family:Abel%3Aregular|font_style:400%20regular%3A400%3Anormal\u201d css=\u201d.vc_custom_1615802409822{margin-top: 0px !important;margin-bottom: 0px !important;padding-top: 15px !important;padding-bottom: 15px !important;background-color: #1e2b47 !important;}\u201d][vc_icon icon_fontawesome=\u201dfas fa-circle\u201d color=\u201dorange\u201d size=\u201dsm\u201d align=\u201dcenter\u201d css_animation=\u201dflipInX\u201d css=\u201d.vc_custom_1604246428651{margin-top: 0px !important;margin-bottom: 0px !important;background-color: #ffffff !important;}\u201d][vc_column_text css=\u201d.vc_custom_1615802826103{margin-top: 0px !important;margin-bottom: 0px !important;padding-right: 20px !important;padding-left: 20px !important;background-color: #ffffff !important;}\u201d]<\/p>\n<p style=\"text-align: center;\"><span style=\"color: #003366;\"><strong>\u00a0As Comme vous, nous sommes aussi des vacanciers!<\/strong><\/span><\/p>\n<p>Depuis des ann\u00e9es, nous voyageons \u00e0 travers l\u2019Europe et le monde, et nous avons rencontr\u00e9 beaucoup de voyageurs qui se feraient un plaisir de ne payer aucune commission pour leur location saisonni\u00e8re.<\/p>\n<p>C\u2019est d\u00e9sormais possible, avec loclilala.com, et loclilala-vacances.com.<\/p>\n<p>Vous pouvez trouver toutes les informations utiles sur les choses \u00e0 visiter, et m\u00eame contacter directement les propri\u00e9taires, et planifier avec eux vos vacances directes.<\/p>\n<p>Nous vous offrons des vacances en direct en France :\u00a0 locations de vacances, g\u00eetes, cottages[\/vc_column_text][vc_empty_space height=\u201d40px\u201d css=\u201d.vc_custom_1604246518490{margin-top: 0px !important;margin-bottom: 0px !important;background-color: #ffffff !important;}\u201d][\/vc_column][\/vc_row][vc_row full_width=\u201dstretch_row_content_no_spaces\u201d row_fullwidth=\u201dyes\u201d css=\u201d.vc_custom_1604073750902{background-color: #f7f7f7 !important;}\u201d][vc_column][vc_empty_space height=\u201d60px\u201d][vc_column_text]<\/p>\n<h3 style=\"text-align: center;\">Vacances en direct en France \u2013 activit\u00e9s, restauration, locations de vacances, h\u00f4tels<\/h3>\n<p>[\/vc_column_text][vc_empty_space height=\u201d60px\u201d][\/vc_column][\/vc_row][vc_row full_width=\u201dstretch_row\u201d equal_height=\u201dyes\u201d row_fullwidth=\u201dyes\u201d css=\u201d.vc_custom_1604246671479{background-color: #f7f7f7 !important;}\u201d][vc_column width=\u201d1\/2\u2033 css=\u201d.vc_custom_1604246387439{padding-right: 15px !important;border-radius: 15px !important;}\u201d][vc_single_image image=\u201d10455\u2033 img_size=\u201d800\u00d7300\u2033 css=\u201d.vc_custom_1615806650133{margin-top: 0px !important;margin-right: 0px !important;margin-bottom: 0px !important;margin-left: 0px !important;border-radius: 5px !important;}\u201d][vc_custom_heading text=\u201dLoclilala est une PME fran\u00e7aise\u201d font_container=\u201dtag:h2|text_align:center|color:%23ffffff\u201d google_fonts=\u201dfont_family:Abel%3Aregular|font_style:400%20regular%3A400%3Anormal\u201d css=\u201d.vc_custom_1615802874018{margin-top: 0px !important;margin-bottom: 0px !important;padding-top: 15px !important;padding-bottom: 15px !important;background-color: #1a2b47 !important;}\u201d][vc_icon icon_fontawesome=\u201dfas fa-circle\u201d color=\u201dorange\u201d size=\u201dsm\u201d align=\u201dcenter\u201d css_animation=\u201dflipInX\u201d css=\u201d.vc_custom_1604246318851{margin-top: 0px !important;margin-bottom: 0px !important;background-color: #ffffff !important;}\u201d][vc_column_text css=\u201d.vc_custom_1615802976259{margin-top: 0px !important;margin-bottom: 0px !important;padding-right: 25px !important;padding-left: 25px !important;background-color: #ffffff !important;}\u201d]<\/p>\n<p style=\"text-align: center;\"><strong><span style=\"color: #003366;\">Nous sommes une petite entreprise, situ\u00e9e en France<\/span><\/strong><\/p>\n<p>Le site Loclilala.com vous permet d\u2019obtenir des informations sur comment obtenir des vacances en direct en France sans payer de commission.<\/p>\n<p>Vous pouvez avoir un lien direct avec les professionnels du tourisme<\/p>\n<p>Vous pouvez trouver toutes les informations n\u00e9cessaires sur la r\u00e9gion<\/p>\n<p>Vous pouvez toutes les informations n\u00e9cessaires sur ce que vous souhaitez visiter.<\/p>\n<p>Vous pouvez m\u00eame r\u00e9server sur notre site partenaire Loclilala-vacances.com!<\/p>\n<p style=\"text-align: center;\"><strong><span style=\"color: #003366;\">Seulement des avantages!<\/span><\/strong><\/p>\n<p>[\/vc_column_text][vc_empty_space height=\u201d50px\u201d css=\u201d.vc_custom_1604246350446{margin-top: 0px !important;margin-bottom: 0px !important;background-color: #ffffff !important;}\u201d][\/vc_column][vc_column width=\u201d1\/2\u2033 css=\u201d.vc_custom_1604246282384{padding-left: 15px !important;}\u201d][vc_single_image image=\u201d10458\u2033 img_size=\u201d800\u00d7300\u2033 css=\u201d.vc_custom_1615806671996{margin-bottom: 0px !important;}\u201d][vc_custom_heading text=\u201dNous vous faisons confiance!\u201d font_container=\u201dtag:h2|text_align:center|color:%23ffffff\u201d google_fonts=\u201dfont_family:Abel%3Aregular|font_style:400%20regular%3A400%3Anormal\u201d css=\u201d.vc_custom_1615803000214{margin-top: 0px !important;margin-bottom: 0px !important;padding-top: 15px !important;padding-bottom: 15px !important;background-color: #1a2b47 !important;}\u201d][vc_icon icon_fontawesome=\u201dfas fa-circle\u201d color=\u201dpurple\u201d size=\u201dsm\u201d align=\u201dcenter\u201d css_animation=\u201dflipInX\u201d css=\u201d.vc_custom_1604246198179{margin-top: 0px !important;margin-bottom: 0px !important;background-color: #ffffff !important;}\u201d][vc_column_text css=\u201d.vc_custom_1615803156446{margin-top: 0px !important;margin-bottom: 0px !important;padding-right: 20px !important;padding-left: 20px !important;background-color: #ffffff !important;}\u201d]<\/p>\n<p style=\"text-align: center;\"><strong><span style=\"color: #003366;\">Nous comptons sur vous pour faire le meilleur choix!<\/span><\/strong><\/p>\n<p>Chez loclilala, nous pensons qu\u2019il y a une place pour tout le monde dans le tourisme: grandes entreprises, et petites entreprises, comme nous,\u00a0 celles qui permettent des vacances en direct en France.<\/p>\n<p>Nous comptons sur vous pour faire le meilleur choix, simple, responsable, et ce qui est meilleur pour les propri\u00e9taires et pour les voyageurs.<\/p>\n<p>Notre objectif est de cr\u00e9er un lien direct entre les voyageurs et les propri\u00e9taires.<\/p>\n<p style=\"text-align: center;\"><strong><span style=\"color: #003366;\">Aidez-nous, vous serez r\u00e9compens\u00e9!<\/span><\/strong><\/p>\n<p>Nous vous offrons des vacances en direct en France :\u00a0 locations de vacances, g\u00eetes, cottages[\/vc_column_text][vc_empty_space height=\u201d50px\u201d css=\u201d.vc_custom_1604246230369{margin-top: 0px !important;margin-bottom: 0px !important;background-color: #ffffff !important;}\u201d][\/vc_column][\/vc_row][vc_row full_width=\u201dstretch_row\u201d row_fullwidth=\u201dyes\u201d css=\u201d.vc_custom_1604085433162{padding-right: 100px !important;padding-left: 100px !important;background-color: #f7f7f7 !important;}\u201d][vc_column width=\u201d1\/3\u2033][vc_empty_space height=\u201d60px\u201d][vc_icon icon_fontawesome=\u201dfas fa-circle\u201d align=\u201dcenter\u201d el_id=\u201dIcone bleue\u201d][\/vc_column][vc_column width=\u201d1\/3\u2033][vc_empty_space height=\u201d60px\u201d][vc_icon icon_fontawesome=\u201dfas fa-circle\u201d color=\u201dorange\u201d align=\u201dcenter\u201d][\/vc_column][vc_column width=\u201d1\/3\u2033][vc_empty_space height=\u201d60px\u201d][vc_icon icon_fontawesome=\u201dfas fa-circle\u201d color=\u201djuicy_pink\u201d align=\u201dcenter\u201d][\/vc_column][\/vc_row][vc_row][vc_column][vc_empty_space][vc_column_text]<\/p>\n<h3 style=\"text-align: center;\">Besoin de plus d\u2019informations?<\/h3>\n<p>[\/vc_column_text][\/vc_column][\/vc_row][vc_row][vc_column width=\u201d1\/2\u2033][vc_empty_space height=\u201d80px\u201d][vc_column_text css=\u201d.vc_custom_1615805540056{border-right-width: 1px !important;border-left-width: 1px !important;padding-top: 20px !important;padding-right: 15px !important;padding-left: 15px !important;background-color: #f7f7f7 !important;border-left-color: #1e2b47 !important;border-right-color: #1e2b47 !important;}\u201d]<\/p>\n<p style=\"text-align: center;\"><span style=\"color: #003366;\">Vous \u00eates un professionnel du tourisme? Vous souhaitez vous faire mieux conna\u00eetre?\u00a0<\/span><\/p>\n<p style=\"text-align: center;\">Inscrivez-vous gratuitement et ajoutez votre \u00e9tablissement!<\/p>\n<p style=\"text-align: center;\">Recevez plus de vacanciers, plus de r\u00e9servations!<\/p>\n<p style=\"text-align: center;\"><a href=\"https:\/\/cparici.com\/fr\/inscrivez-votre-etablissement-pas-de-commission\/\">En savoir plus<\/a><\/p>\n<p>[\/vc_column_text][\/vc_column][vc_column width=\u201d1\/2\u2033][vc_empty_space height=\u201d80px\u201d][vc_column_text css=\u201d.vc_custom_1615803449785{border-right-width: 1px !important;border-left-width: 1px !important;padding-top: 20px !important;padding-right: 15px !important;padding-left: 15px !important;background-color: #f7f7f7 !important;border-left-color: #1e2b47 !important;border-right-color: #1e2b47 !important;}\u201d]Propri\u00e9taires de locations de vacances, enregistrez-vous sur loclilala-vacances.com!<\/p>\n<p>Pas de commission sur notre site, vous avez un lien direct avec les vacanciers.\u00a0<\/p>\n<p>Vous offrez aux vacanciers de meilleurs prix, pour les m\u00eames services.<\/p>\n<p style=\"text-align: center;\"><a href=\"http:\/\/loclilala-vacances.com\" target=\"_blank\" rel=\"noopener\">En savoir plus<\/a><\/p>\n<p>[\/vc_column_text][\/vc_column][\/vc_row][vc_row][vc_column][vc_separator][\/vc_column][\/vc_row][vc_row][vc_column][vc_empty_space][vc_column_text]<\/p>\n<p style=\"text-align: center;\"><a href=\"https:\/\/royan-location-vacances.fr\" target=\"_blank\" rel=\"noopener\">Votre location de vacances \u00e0 Meschers sur Gironde et St Georges de Didonne! Pas de commission!\u00a0<\/a><\/p>\n<p>\u00a0<\/p>\n<p style=\"text-align: center;\">\u00a0<\/p>\n<p>[\/vc_column_text][\/vc_column][\/vc_row]<\/p>\n","protected":false},"excerpt":{"rendered":"<p>[vc_row full_width=\u201dstretch_row_content_no_spaces\u201d row_fullwidth=\u201dyes\u201d css=\u201d.vc_custom_1557891216421{padding-bottom: 20px !important;background-position: center !important;background-repeat: no-repeat !important;background-size: cover !important;}\u201d][vc_column css=\u201d.vc_custom_1550221571756{padding-right: 0px !important;padding-left: 0px !important;}\u201d][st_search_form_new form_type=\u201dmix\u201d service_items=\u201d%5B%7B%22tab_title%22%3A%22Activit%C3%A9s%22%2C%22tab_service%22%3A%22st_activity%22%7D%2C%7B%22tab_title%22%3A%22Locations%20de%20vacances%22%2C%22tab_service%22%3A%22st_rental%22%7D%2C%7B%22tab_title%22%3A%22Hotels%22%2C%22tab_service%22%3A%22st_hotel%22%7D%5D\u201d heading_align=\u201dleft\u201d style=\u201dslider\u201d description=\u201dLoclilala a direct link\u201d heading=\u201dCommission-free Vacation Rentals in France\u201d images=\u201d12109\u2033][\/vc_column][vc_column][vc_custom_heading text=\u201dVacances en direct en France \u2013 activit\u00e9s, restauration, locations de vacances, h\u00f4tels\u201d font_container=\u201dtag:h1|text_align:center\u201d google_fonts=\u201dfont_family:Abel%3Aregular|font_style:400%20regular%3A400%3Anormal\u201d][\/vc_column][\/vc_row][vc_row row_fullwidth=\u201dyes\u201d][vc_column width=\u201d1\/3\u2033][vc_icon icon_fontawesome=\u201dfas fa-circle\u201d align=\u201dcenter\u201d][vc_custom_heading text=\u201dVacanciers: pour vous, des Vacances [&hellip;]<\/p>\n","protected":false},"author":1,"featured_media":9690,"parent":0,"menu_order":0,"comment_status":"closed","ping_status":"closed","template":"template-home-modern.php","meta":{"ngg_post_thumbnail":0,"footnotes":""},"class_list":["post-13174","page","type-page","status-publish","has-post-thumbnail","hentry"],"_links":{"self":[{"href":"https:\/\/cparici.com\/en\/wp-json\/wp\/v2\/pages\/13174","targetHints":{"allow":["GET"]}}],"collection":[{"href":"https:\/\/cparici.com\/en\/wp-json\/wp\/v2\/pages"}],"about":[{"href":"https:\/\/cparici.com\/en\/wp-json\/wp\/v2\/types\/page"}],"author":[{"embeddable":true,"href":"https:\/\/cparici.com\/en\/wp-json\/wp\/v2\/users\/1"}],"replies":[{"embeddable":true,"href":"https:\/\/cparici.com\/en\/wp-json\/wp\/v2\/comments?post=13174"}],"version-history":[{"count":0,"href":"https:\/\/cparici.com\/en\/wp-json\/wp\/v2\/pages\/13174\/revisions"}],"wp:featuredmedia":[{"embeddable":true,"href":"https:\/\/cparici.com\/en\/wp-json\/wp\/v2\/media\/9690"}],"wp:attachment":[{"href":"https:\/\/cparici.com\/en\/wp-json\/wp\/v2\/media?parent=13174"}],"curies":[{"name":"wp","href":"https:\/\/api.w.org\/{rel}","templated":true}]}}