{"id":46890,"date":"2024-11-19T20:50:56","date_gmt":"2024-11-19T19:50:56","guid":{"rendered":"https:\/\/cparici.com\/product\/chambres-dhotes-votre-annonce-ici-2\/"},"modified":"2025-05-01T16:55:01","modified_gmt":"2025-05-01T14:55:01","slug":"bed-and-breakfast-your-ad-here-2","status":"publish","type":"product","link":"https:\/\/cparici.com\/en\/product\/chambres-dhotes-votre-annonce-ici-2\/","title":{"rendered":"Bed and Breakfast Your Ad Here"},"content":{"rendered":"<p><strong>Ceci est un exemple d\u2019annonce de chambres d\u2019h\u00f4tes :<\/strong><\/p>\n<p><strong>Les Brises Royannaises<\/strong><\/p>\n<p>Nich\u00e9e au c\u0153ur de Royan, \u00e0 quelques pas de la grande plage, notre chambre d\u2019h\u00f4tes vous ouvre ses portes pour un s\u00e9jour inoubliable. Dans une ambiance chaleureuse et authentique, vous appr\u00e9cierez le charme de notre maison de caract\u00e8re. Chaque chambre, d\u00e9cor\u00e9e avec soin, offre un espace de d\u00e9tente o\u00f9 vous pourrez vous ressourcer.<\/p>\n<p><strong>Enjoy your breakfast on the sunny terrace, facing the lush garden. <\/strong><\/p>\n<p>Royan, avec ses plages de sable fin, son port de plaisance anim\u00e9 et ses commerces, vous propose une multitude d\u2019activit\u00e9s. Baladez-vous sur la c\u00f4te sauvage, visitez les \u00eeles de l\u2019estuaire de la Gironde, ou simplement d\u00e9tendez-vous sur la plage. <strong>Les Brises Royannaises<\/strong>, c\u2019est l\u2019assurance d\u2019un s\u00e9jour reposant et convivial.<\/p>\n<p>Nous serons ravis de vous faire d\u00e9couvrir notre belle r\u00e9gion. Notre maison, construite au d\u00e9but du XX\u00e8me si\u00e8cle, a conserv\u00e9 tout son charme d\u2019antan. Les poutres apparentes et les parquets en bois massif cr\u00e9ent une atmosph\u00e8re chaleureuse et authentique. Chaque matin, nous vous proposons un petit-d\u00e9jeuner gourmand compos\u00e9 de produits frais et locaux, que vous pourrez savourer dans notre jardin. Les \u00e9quipements de la chambre: literie haut de gamme, salle de bain privative, t\u00e9l\u00e9vision, wifi gratuit\u2026<\/p>\n<p><strong>Services on offer:<\/strong> table d\u2019h\u00f4tes, pr\u00eat de v\u00e9los, conseils touristiques\u2026 Les activit\u00e9s \u00e0 proximit\u00e9: march\u00e9 local, sentiers de randonn\u00e9e, activit\u00e9s nautiques\u2026 m\u00e9morables.<\/p>\n<p><strong><span style=\"font-size: 14pt;\">Vous \u00eates propri\u00e9taire de chambres d\u2019h\u00f4tes ? Ajoutez votre annonce sur notre site.<\/span><\/strong><\/p>\n<p>Get live stays. You can post your calendar on our site or link directly to your reservation system. Add your photos, showcase your rooms on our site for just \u20ac39\/year and be visible on the web in the right place at the right time! Create your ad in just 20 minutes! It's quick and easy, and we'll explain everything! cparici ?<\/p>","protected":false},"excerpt":{"rendered":"<p>Ceci est un exemple d\u2019annonce de chambres d\u2019h\u00f4tes : Les Brises Royannaises Nich\u00e9e au c\u0153ur de Royan, \u00e0 quelques pas de la grande plage, notre chambre d\u2019h\u00f4tes vous ouvre ses portes pour un s\u00e9jour inoubliable. Dans une ambiance chaleureuse et authentique, vous appr\u00e9cierez le charme de notre maison de caract\u00e8re. Chaque chambre, d\u00e9cor\u00e9e avec soin, [&hellip;]<\/p>\n","protected":false},"featured_media":0,"template":"","meta":{"ngg_post_thumbnail":0},"product_brand":[],"product_cat":[1554],"product_tag":[],"class_list":{"0":"post-46890","1":"product","2":"type-product","3":"status-publish","5":"product_cat-listeo-booking","7":"first","8":"instock","9":"downloadable","10":"virtual","11":"sold-individually","12":"purchasable","13":"product-type-listing_booking"},"_links":{"self":[{"href":"https:\/\/cparici.com\/en\/wp-json\/wp\/v2\/product\/46890","targetHints":{"allow":["GET"]}}],"collection":[{"href":"https:\/\/cparici.com\/en\/wp-json\/wp\/v2\/product"}],"about":[{"href":"https:\/\/cparici.com\/en\/wp-json\/wp\/v2\/types\/product"}],"wp:attachment":[{"href":"https:\/\/cparici.com\/en\/wp-json\/wp\/v2\/media?parent=46890"}],"wp:term":[{"taxonomy":"product_brand","embeddable":true,"href":"https:\/\/cparici.com\/en\/wp-json\/wp\/v2\/product_brand?post=46890"},{"taxonomy":"product_cat","embeddable":true,"href":"https:\/\/cparici.com\/en\/wp-json\/wp\/v2\/product_cat?post=46890"},{"taxonomy":"product_tag","embeddable":true,"href":"https:\/\/cparici.com\/en\/wp-json\/wp\/v2\/product_tag?post=46890"}],"curies":[{"name":"wp","href":"https:\/\/api.w.org\/{rel}","templated":true}]}}