{"id":46978,"date":"2024-11-20T10:28:48","date_gmt":"2024-11-20T09:28:48","guid":{"rendered":"https:\/\/cparici.com\/product\/hebergement-insolite-votre-annonce-ici-3\/"},"modified":"2025-05-01T16:52:46","modified_gmt":"2025-05-01T14:52:46","slug":"unusual-accommodation-your-ad-here-3","status":"publish","type":"product","link":"https:\/\/cparici.com\/en\/product\/hebergement-insolite-votre-annonce-ici-3\/","title":{"rendered":"Unusual accommodation Your ad here"},"content":{"rendered":"<p><strong>Ceci est un exemple d\u2019annonce.<\/strong><\/p>\n<p><strong>Under the stars of La Palmyre<\/strong><\/p>\n<p><strong>Envie d\u2019une escapade hors du commun ?<\/strong> <strong> La Palmyre vous ouvre les portes d\u2019un univers d\u2019h\u00e9bergements insolites qui vous sortiront des sentiers battus.<\/strong><\/p>\n<p>Imaginez-vous passer une nuit \u00e0 la belle \u00e9toile dans une bulle transparente, berc\u00e9 par le bruit des vagues et le chant des oiseaux. Ou bien, pourquoi ne pas vivre l\u2019exp\u00e9rience unique de dormir dans un tipi traditionnel, au c\u0153ur d\u2019un cadre naturel pr\u00e9serv\u00e9 ?<\/p>\n<p><strong>These atypical accommodations offer total immersion in nature.<\/strong> Les bulles vous permettent d\u2019admirer les \u00e9toiles comme jamais auparavant. Quant aux tipis, ils vous transportent dans l\u2019univers des Am\u00e9rindiens et vous invitent \u00e0 un retour aux sources.<\/p>\n<p>Que vous soyez en qu\u00eate de romantisme, d\u2019aventure ou simplement de d\u00e9paysement, ces h\u00e9bergements insolites sauront vous s\u00e9duire. Profitez-en pour explorer les alentours, vous balader sur la plage, ou simplement vous d\u00e9tendre sur la terrasse de votre logement. Les \u00e9quipements: Salle de bain priv\u00e9e, kitchenette, chauffage\u2026<\/p>\n<p>Les activit\u00e9s propos\u00e9es: Location de v\u00e9los, randonn\u00e9es guid\u00e9es, soir\u00e9es autour du feu\u2026<\/p>\n<p><strong>La p\u00e9riode d\u2019ouverture: Ouvert du 01\/04\/2025 au 30\/09\/2025<\/strong><\/p>\n<p>You can now send us a message or make a reservation request. See you soon!<\/p>\n<p><span style=\"font-size: 14pt;\"><strong>Do you have unusual accommodation to rent? Add your ad to our site and get live stays. <\/strong><\/span><\/p>\n<p>You can add your calendar to our site or link directly to your reservation system. Add your photos and highlight your rental on our site to<strong> only \u20ac39\/year<\/strong> and be visible on the web in the right place at the right time! Create your ad in just 20 minutes! It's quick and easy, and we'll explain everything! cparici ?<\/p>","protected":false},"excerpt":{"rendered":"<p>Ceci est un exemple d\u2019annonce. Sous les \u00e9toiles de la Palmyre Envie d\u2019une escapade hors du commun ? La Palmyre vous ouvre les portes d\u2019un univers d\u2019h\u00e9bergements insolites qui vous sortiront des sentiers battus. Imaginez-vous passer une nuit \u00e0 la belle \u00e9toile dans une bulle transparente, berc\u00e9 par le bruit des vagues et le chant [&hellip;]<\/p>\n","protected":false},"featured_media":0,"template":"","meta":{"ngg_post_thumbnail":0},"product_brand":[],"product_cat":[1554],"product_tag":[],"class_list":{"0":"post-46978","1":"product","2":"type-product","3":"status-publish","5":"product_cat-listeo-booking","7":"first","8":"instock","9":"downloadable","10":"virtual","11":"sold-individually","12":"purchasable","13":"product-type-listing_booking"},"_links":{"self":[{"href":"https:\/\/cparici.com\/en\/wp-json\/wp\/v2\/product\/46978","targetHints":{"allow":["GET"]}}],"collection":[{"href":"https:\/\/cparici.com\/en\/wp-json\/wp\/v2\/product"}],"about":[{"href":"https:\/\/cparici.com\/en\/wp-json\/wp\/v2\/types\/product"}],"wp:attachment":[{"href":"https:\/\/cparici.com\/en\/wp-json\/wp\/v2\/media?parent=46978"}],"wp:term":[{"taxonomy":"product_brand","embeddable":true,"href":"https:\/\/cparici.com\/en\/wp-json\/wp\/v2\/product_brand?post=46978"},{"taxonomy":"product_cat","embeddable":true,"href":"https:\/\/cparici.com\/en\/wp-json\/wp\/v2\/product_cat?post=46978"},{"taxonomy":"product_tag","embeddable":true,"href":"https:\/\/cparici.com\/en\/wp-json\/wp\/v2\/product_tag?post=46978"}],"curies":[{"name":"wp","href":"https:\/\/api.w.org\/{rel}","templated":true}]}}