{"id":47017,"date":"2024-11-20T11:11:16","date_gmt":"2024-11-20T10:11:16","guid":{"rendered":"https:\/\/cparici.com\/product\/mobil-home-cottage-camping-votre-annonce-ici\/"},"modified":"2025-05-01T16:51:00","modified_gmt":"2025-05-01T14:51:00","slug":"mobil-home-cottage-camping-your-ad-here","status":"publish","type":"product","link":"https:\/\/cparici.com\/en\/product\/mobil-home-cottage-camping-votre-annonce-ici\/","title":{"rendered":"Mobil-home, Cottage, Camping Your ad here"},"content":{"rendered":"<p><strong>This is a sample ad:<\/strong><\/p>\n<p><strong>Family vacations in Concarneau: comfort and nature<\/strong><\/p>\n<p>Want to enjoy the charms of Southern Brittany? Our campsite in Concarneau La Petite Fontaines welcomes you in a green setting, just a stone's throw from sandy beaches and the famous Ville Close.<\/p>\n<p><strong>We offer a wide range of rentals to suit all tastes: comfortable mobile homes :<\/strong> Spacious and functional, our mobile homes are equipped with everything you need for a pleasant vacation with family or friends. Relax on the terrace and admire the natural surroundings. <strong>Cosy cottages :<\/strong> For a more authentic stay, opt for our cottages.<\/p>\n<p>Ces h\u00e9bergements allient charme et modernit\u00e9 et offrent tout le confort d\u2019une maison.<\/p>\n<p>And to help you relax in any season, our campsite has <strong>d\u2019une piscine couverte chauff\u00e9e.<\/strong> Plongez dans l\u2019eau claire et laissez-vous emporter par la douceur des bulles. Apr\u00e8s votre baignade, d\u00e9tendez-vous sur les bains de soleil ou profitez des autres \u00e9quipements de notre camping : aire de jeux pour les enfants, terrain multisports, bar\u2026<\/p>\n<p>Notre camping est le point de d\u00e9part id\u00e9al pour d\u00e9couvrir les richesses de la r\u00e9gion : les \u00eeles Gl\u00e9nan, la pointe de la Torche, ou encore les sentiers c\u00f4tiers. Les \u00e9quipements suppl\u00e9mentaires: Lave-linge, s\u00e8che-linge, wifi, etc. Les activit\u00e9s propos\u00e9es en Juillet-Ao\u00fbt : Animations pour enfants, soir\u00e9es \u00e0 th\u00e8me P\u00e9riodes d\u2019ouverture: du 15 Avril au 15 Septembre Vous pouvez d\u00e8s maintenant nous envoyer un message ou effectuer une demande de r\u00e9servation pour de prochaines vacances inoubliables en famille \u00e0 Concarneau ! A tr\u00e8s vite !<\/p>\n<p><strong><span style=\"font-size: 14pt;\">Do you manage an outdoor hotel establishment?<\/span><\/strong> Vous \u00eates propri\u00e9taire d\u2019un h\u00e9bergement de vacances dans un camping ? Ajoutez votre annonce sur notre site et obtenez des s\u00e9jours en direct.<\/p>\n<p>You can add your calendar to our site, or link directly to your reservation system. Add your photos and showcase your accommodation on our site to <strong>only \u20ac39\/year<\/strong> and be visible on the web in the right place at the right time!<\/p>\n<p>Create your ad in just 20 minutes! It's quick and easy, and we'll explain everything! chere ?<\/p>","protected":false},"excerpt":{"rendered":"<p>Ceci est un exemple d\u2019annonce : Vacances en famille \u00e0 Concarneau : confort et nature Envie de profiter des charmes de la Bretagne Sud ? Notre camping \u00e0 Concarneau La Petite Fontaines vous accueille dans un cadre verdoyant, \u00e0 deux pas des plages de sable fin et de la c\u00e9l\u00e8bre Ville Close. Nous vous proposons [&hellip;]<\/p>\n","protected":false},"featured_media":0,"template":"","meta":{"ngg_post_thumbnail":0},"product_brand":[],"product_cat":[1554],"product_tag":[],"class_list":{"0":"post-47017","1":"product","2":"type-product","3":"status-publish","5":"product_cat-listeo-booking","7":"first","8":"instock","9":"downloadable","10":"virtual","11":"sold-individually","12":"purchasable","13":"product-type-listing_booking"},"_links":{"self":[{"href":"https:\/\/cparici.com\/en\/wp-json\/wp\/v2\/product\/47017","targetHints":{"allow":["GET"]}}],"collection":[{"href":"https:\/\/cparici.com\/en\/wp-json\/wp\/v2\/product"}],"about":[{"href":"https:\/\/cparici.com\/en\/wp-json\/wp\/v2\/types\/product"}],"wp:attachment":[{"href":"https:\/\/cparici.com\/en\/wp-json\/wp\/v2\/media?parent=47017"}],"wp:term":[{"taxonomy":"product_brand","embeddable":true,"href":"https:\/\/cparici.com\/en\/wp-json\/wp\/v2\/product_brand?post=47017"},{"taxonomy":"product_cat","embeddable":true,"href":"https:\/\/cparici.com\/en\/wp-json\/wp\/v2\/product_cat?post=47017"},{"taxonomy":"product_tag","embeddable":true,"href":"https:\/\/cparici.com\/en\/wp-json\/wp\/v2\/product_tag?post=47017"}],"curies":[{"name":"wp","href":"https:\/\/api.w.org\/{rel}","templated":true}]}}