{"id":47597,"date":"2024-11-26T16:23:15","date_gmt":"2024-11-26T15:23:15","guid":{"rendered":"https:\/\/cparici.com\/product\/la-brocante-chocchic-votre-annonce-ici-2\/"},"modified":"2025-05-01T16:46:36","modified_gmt":"2025-05-01T14:46:36","slug":"la-brocante-chocchic-votre-annonce-ici-2","status":"publish","type":"product","link":"https:\/\/cparici.com\/en\/product\/la-brocante-chocchic-votre-annonce-ici-2\/","title":{"rendered":"Brocante, Your ad here"},"content":{"rendered":"<p><strong>This is a sample ad:<\/strong><\/p>\n<p><strong>The \"Choc et Chic\" flea market<\/strong> We look forward to seeing you in Concarneau for a day of discovery and china on September 25, 2025. Hundreds of exhibitors await you with their treasures: vintage crockery, restored furniture, antique jewelry, unusual decorative objects... Whether you're looking for a unique piece for your home or just a pleasant stroll, you're bound to find what you're looking for among the colorful stalls.<\/p>\n<p><strong>On the programme: a warm atmosphere<\/strong>You'll have the chance to meet some fascinating exhibitors, and maybe even a few surprises. Take the opportunity to stroll the aisles, sample some local specialities and spend some quality time with family and friends.<\/p>\n<p><strong>Combine the pleasure of bargain hunting with the discovery of the town of Concarneau!<\/strong> The \"Choc et Chic\" flea market welcomes you to an exceptional setting in the heart of this corsair town. After browsing the stalls, take time to visit the walled city, stroll along the harbour or sample some seafood.<\/p>\n<p>Brocante dates and times: 25\/09\/2025<br \/>\nThe exact location of the event<br \/>\nFees for exhibitors 10\u20ac to put on a stand<\/p>\n<p>Are you an organizer of flea markets or traditional markets? Add your ad to our site here. Be visible on the Internet in the right place at the right time. That is, when your future bargain hunters are looking for flea markets.<\/p>\n<p>Add your photos and present your flea market on our site to<strong> only \u20ac39\/year<\/strong> and be visible on the web!<\/p>","protected":false},"excerpt":{"rendered":"<p>Ceci est un exemple d&#8217;annonce : La brocante &#8220;Choc et Chic&#8221; vous donne rendez-vous \u00e0 Concarneau pour une journ\u00e9e plac\u00e9e sous le signe de la d\u00e9couverte et de la chine le 25 Septembre 2025. Des centaines d&#8217;exposants vous attendent avec leurs tr\u00e9sors : vaisselle vintage, meubles restaur\u00e9s, bijoux anciens, objets de d\u00e9coration insolites&#8230; Que vous [&hellip;]<\/p>\n","protected":false},"featured_media":0,"template":"","meta":{"ngg_post_thumbnail":0},"product_brand":[],"product_cat":[1554],"product_tag":[],"class_list":{"0":"post-47597","1":"product","2":"type-product","3":"status-publish","5":"product_cat-listeo-booking","7":"first","8":"instock","9":"downloadable","10":"virtual","11":"sold-individually","12":"purchasable","13":"product-type-listing_booking"},"_links":{"self":[{"href":"https:\/\/cparici.com\/en\/wp-json\/wp\/v2\/product\/47597","targetHints":{"allow":["GET"]}}],"collection":[{"href":"https:\/\/cparici.com\/en\/wp-json\/wp\/v2\/product"}],"about":[{"href":"https:\/\/cparici.com\/en\/wp-json\/wp\/v2\/types\/product"}],"wp:attachment":[{"href":"https:\/\/cparici.com\/en\/wp-json\/wp\/v2\/media?parent=47597"}],"wp:term":[{"taxonomy":"product_brand","embeddable":true,"href":"https:\/\/cparici.com\/en\/wp-json\/wp\/v2\/product_brand?post=47597"},{"taxonomy":"product_cat","embeddable":true,"href":"https:\/\/cparici.com\/en\/wp-json\/wp\/v2\/product_cat?post=47597"},{"taxonomy":"product_tag","embeddable":true,"href":"https:\/\/cparici.com\/en\/wp-json\/wp\/v2\/product_tag?post=47597"}],"curies":[{"name":"wp","href":"https:\/\/api.w.org\/{rel}","templated":true}]}}