{"id":47731,"date":"2024-11-27T19:16:27","date_gmt":"2024-11-27T18:16:27","guid":{"rendered":"https:\/\/cparici.com\/product\/activite-decouverte-atelier-votre-annonce-ici-2\/"},"modified":"2025-05-01T16:43:14","modified_gmt":"2025-05-01T14:43:14","slug":"activity-discovery-workshop-your-ad-here-2","status":"publish","type":"product","link":"https:\/\/cparici.com\/en\/product\/activite-decouverte-atelier-votre-annonce-ici-2\/","title":{"rendered":"Activity Discovery, Workshop, Your ad here"},"content":{"rendered":"<p><strong>Ceci est un exemple d\u2019annonce:<\/strong><\/p>\n<p><strong>Unleash your inner artist! <\/strong><\/p>\n<p><strong>Our Sofie's Mirettes pottery workshops are open to all,<\/strong> from beginners to the most experienced. Whether you want to create a simple mug or a complex sculpture, our craftsmen will guide you step by step. From wheel-turning to hand-carving, explore all the possibilities of clay.<\/p>\n<p><strong>A moment of relaxation and creativity guaranteed!<\/strong> Come and discover the joys of creation with our workshops for all ages.<\/p>\n<p>Les enfants apprendront \u00e0 modeler, \u00e0 d\u00e9corer et \u00e0 donner vie \u00e0 leurs id\u00e9es les plus folles. Les adultes pourront perfectionner leurs techniques et r\u00e9aliser des pi\u00e8ces uniques. Un voyage au c\u0153ur de la mati\u00e8re, pour petits et grands. Nos ateliers de poterie sont l\u2019occasion de s\u2019\u00e9vader du quotidien et de se reconnecter avec soi-m\u00eame. Le modelage de la terre est une activit\u00e9 relaxante, qui favorise la concentration et la cr\u00e9ativit\u00e9. Laissez libre cours \u00e0 votre imagination et repartez avec vos cr\u00e9ations personnelles. Les horaires et les tarifs des ateliers.<\/p>\n<p><strong><span style=\"font-size: 14pt;\">Do you offer discovery activities or workshops?  Add your ad to our site.<\/span><\/strong><\/p>\n<p>Be there at the right time and in the right place, when travelers are looking for activities for their next vacation... Add your photos, showcase your activity, your different workshops on our site to help them make the most of their vacation. <strong>only \u20ac39\/year.<\/strong><\/p>\n<p>Create your ad in just 20 minutes! It's quick and easy, and we'll explain everything! chere ?<\/p>","protected":false},"excerpt":{"rendered":"<p>Ceci est un exemple d\u2019annonce: Lib\u00e9rez votre artiste int\u00e9rieur ! Nos ateliers de poterie les mirettes de Sofie sont ouverts \u00e0 tous, des d\u00e9butants aux plus exp\u00e9riment\u00e9s. Que vous ayez envie de cr\u00e9er une simple tasse ou une sculpture complexe, nos artisans vous guideront pas \u00e0 pas. Du tournage sur roue \u00e0 la sculpture \u00e0 [&hellip;]<\/p>\n","protected":false},"featured_media":0,"template":"","meta":{"ngg_post_thumbnail":0},"product_brand":[],"product_cat":[1554],"product_tag":[],"class_list":{"0":"post-47731","1":"product","2":"type-product","3":"status-publish","5":"product_cat-listeo-booking","7":"first","8":"instock","9":"downloadable","10":"virtual","11":"sold-individually","12":"purchasable","13":"product-type-listing_booking"},"_links":{"self":[{"href":"https:\/\/cparici.com\/en\/wp-json\/wp\/v2\/product\/47731","targetHints":{"allow":["GET"]}}],"collection":[{"href":"https:\/\/cparici.com\/en\/wp-json\/wp\/v2\/product"}],"about":[{"href":"https:\/\/cparici.com\/en\/wp-json\/wp\/v2\/types\/product"}],"wp:attachment":[{"href":"https:\/\/cparici.com\/en\/wp-json\/wp\/v2\/media?parent=47731"}],"wp:term":[{"taxonomy":"product_brand","embeddable":true,"href":"https:\/\/cparici.com\/en\/wp-json\/wp\/v2\/product_brand?post=47731"},{"taxonomy":"product_cat","embeddable":true,"href":"https:\/\/cparici.com\/en\/wp-json\/wp\/v2\/product_cat?post=47731"},{"taxonomy":"product_tag","embeddable":true,"href":"https:\/\/cparici.com\/en\/wp-json\/wp\/v2\/product_tag?post=47731"}],"curies":[{"name":"wp","href":"https:\/\/api.w.org\/{rel}","templated":true}]}}