{"id":10075,"date":"2020-10-02T10:47:54","date_gmt":"2020-10-02T10:47:54","guid":{"rendered":"https:\/\/lalilala-vacances.com\/comment-louer-sa-villa-sans-agence"},"modified":"2026-03-31T18:42:16","modified_gmt":"2026-03-31T16:42:16","slug":"comment-louer-sa-villa-sans-agence","status":"publish","type":"page","link":"https:\/\/cparici.com\/fr\/comment-louer-sa-villa-sans-agence\/","title":{"rendered":"Comment louer sa villa sans agence"},"content":{"rendered":"<h2 style=\"text-align: center;\"><span style=\"color: #333333; font-size: 24pt;\">Comment louer sa villa sans agence<\/span><\/h2>\n<p>\u00a0<\/p>\n<p style=\"text-align: center;\"><em><span style=\"color: #808080;\">Nombreux sont les propri\u00e9taires \u00e0 vouloir louer leur villa <\/span><span style=\"color: #808080;\">Cependant, <span style=\"color: #333333;\"><span style=\"color: #808080;\"><strong>un propri\u00e9taire peut se demander <\/strong><\/span><strong>\u00a0Comment louer sa villa sans agence\u00a0 ou comment louer sa maison de vacances en direct<\/strong><\/span><\/span><\/em><\/p>\n<p>\u00a0<\/p>\n<h2 style=\"text-align: left;\"><span style=\"color: #333333; font-size: 24pt;\">LOUER SA VILLA, OUI MAIS COMMENT?<\/span><\/h2>\n<p><span style=\"color: #808080;\">Les propri\u00e9taires aujourd\u2019hui sont nombreux \u00e0 vouloir louer leur villa pour une, ou plusieurs semaines dans l\u2019ann\u00e9e. Cela leur permet souvent d\u2019avoir un <span style=\"color: #333333;\"><strong>petit revenu suppl\u00e9mentaire<\/strong><\/span>. Bien s\u00fbr, ce revenu\u00a0 peut \u00eatre fort utile pour se rendre en vacances, ou s\u2019offrir un petit extra. U<\/span><span style=\"color: #808080;\"><span style=\"color: #333333;\"><span style=\"color: #808080;\"><strong>n propri\u00e9taire peut donc se demander\u00a0<\/strong> :<\/span> <strong>\u201d\u00a0 Comment louer sa maison de vacances en direct \u201c<\/strong><\/span><\/span> <span style=\"color: #808080;\"><span style=\"color: #333333;\"><strong>Ainsi, il pourrait \u00eatre tentant<\/strong><\/span>, par exemple,\u00a0 <span style=\"color: #333333;\"><strong>de se ruer sur les sites des <a href=\"https:\/\/www.definitions-marketing.com\/definition\/ota\/#:~:text=Les%20OTA%20les%20plus%20connus,.com%2C%20Expedia%2C%20etc.\" target=\"_blank\" rel=\"noopener\">OTAS<\/a><\/strong><\/span> ( airb\u2019nb, trip advisor, <a href=\"https:\/\/cparici.com\/fr\/abritel-avis-fonctionnement-et-guide-complet-2026\/\">abritel<\/a>, homeaway, exp\u00e9dia\u2026) pour louer sa villa avec facilit\u00e9.<\/span> OTA signifie en anglais <strong>Online Tourism Agency<\/strong>. Les OTA sont <strong>des agences de voyage en ligne qui commercialisent des prestations et services touristiques fournis par d\u2019autres<\/strong> ( entreprises, particuliers, etc\u2026) Il peut s\u2019agir de nuits d\u2019h\u00f4tels, ou de locations de vacances, d\u2019activit\u00e9s touristiques, de circuits touristiques, de location de voitures, de s\u00e9jours avec ou sans nuit d\u2019h\u00f4tel, ou de vols. C\u2019est donc important de noter que les OTAS ne produisent pas de services. <strong>Ce sont donc uniquement des interm\u00e9diaires<\/strong> entre ceux qui proposent les prestations touristiques, et ceux qui \u2018consomment\u2019 ou utilisent ces prestations.<\/p>\n<h2 style=\"text-align: center;\"><span style=\"font-size: 24pt;\"><strong>LES OTAS, LA MEILLEURE\u00a0 \u00a0 SOLUTION ?<\/strong><\/span><\/h2>\n<h3 style=\"text-align: center;\"><span style=\"color: #000080;\">\u00a0 \u00a0 \u00a0 \u00a0 \u00a0 \u2013 Comment louer sa villa en direct-<\/span><\/h3>\n<p><span style=\"color: #808080;\">Comme vous l\u2019avez compris, les OTA ne sont plus simplement des sites d\u2019annonces sp\u00e9cialis\u00e9es.<\/span> <span style=\"color: #808080;\">Ce sont des entreprises, souvent de grosses entreprises. <span style=\"color: #333333;\"><strong>Elles\u00a0 peuvent m\u00eame \u00eatre cot\u00e9es en bourse, et\u00a0 g\u00e9n\u00e8rent un \u00e9norme chiffre d\u2019affaires.<\/strong><\/span><\/span> <span style=\"color: #808080;\">Comment? <span style=\"color: #333333;\"><strong>En prenant des commissions et des frais sur les locations de vacances.<\/strong><\/span><\/span> <span style=\"color: #808080;\">Les propri\u00e9taires effectuent le gros du travail ( r\u00e9novation de la maison, ameublement, pr\u00e9paration\u2026). Ils accueillent aussi les vacanciers, mais <span style=\"color: #333333;\"><strong>une partie des b\u00e9n\u00e9fices revient aux OTAS.<\/strong><\/span><\/span> Certains propri\u00e9taires consid\u00e8rent que <a href=\"https:\/\/www.lechotouristique.com\/article\/crise-du-coronavirus-des-hoteliers-appellent-a-un-new-deal-avec-les-ota\" target=\"_blank\" rel=\"noopener\">c\u2019est injuste\u00a0 <\/a>et d\u00e9cident de r\u00e9fl\u00e9chir \u00e0 <span style=\"color: #000080;\"><strong>comment louer sa maison de vacances sans agence.<\/strong><\/span><\/p>\n<h2 style=\"text-align: center;\"><span style=\"font-size: 24pt;\"><strong>LOUER SA MAISON AVEC UN OTA, LA BONNE IDEE?<\/strong><\/span><\/h2>\n<h3 style=\"text-align: center;\"><span style=\"color: #000080;\">\u2013 Comment louer sa villa sans agence \u2013<\/span><\/h3>\n<p><span style=\"color: #808080;\">Les OTA incitent donc souvent les propri\u00e9taires, qui pourraient par ailleurs facilement louer leur villa sans agence, \u00e0 <span style=\"color: #333333;\"><strong>louer plus souvent<\/strong>, m\u00eame quand ils n\u2019en ont pas besoin.<\/span><\/span> <span style=\"color: #808080;\"><span style=\"color: #333333;\">Pourquoi? Simplement pour <strong>augmenter leur chiffre d\u2019affaires et leur b\u00e9n\u00e9fice.<\/strong><\/span><\/span> <span style=\"color: #808080;\"><span style=\"color: #333333;\">Certains OTAS sont tr\u00e8s pr\u00e9sents sur Internet et les r\u00e9seaux sociaux. Cependant, quel est leur vrai int\u00e9r\u00eat? Est-il d\u2019aider les propri\u00e9taires?\u00a0<\/span><\/span> <span style=\"color: #808080;\"><span style=\"color: #333333;\">On peut se le demander, car certains n\u2019h\u00e9sitent pas \u00e0 demander de\u00a0 <strong>baisser les prix des locations, ce qui permettra de louer plus, et donc pour l\u2019OTA d\u2019augmenter son chiffre d\u2019affaires, peut importe les cons\u00e9quences financi\u00e8res sur les propri\u00e9taires.<\/strong><\/span><\/span> <span style=\"color: #808080;\">Et surtout <span style=\"color: #333333;\"><strong>ils prennent des commissions qui ne semblent pas justifi\u00e9es<\/strong><\/span> au regard du service rendu.<\/span> <span style=\"color: #808080;\">Parfois m\u00eame, <span style=\"color: #333333;\"><strong>ils ne vous permettent pas de prendre une caution<\/strong><\/span>, les r\u00e9sultats pouvant \u00eatre catastrophiques au moment de r\u00e9cup\u00e9rer son bien.<\/span> La question reste la m\u00eame: est-il possible, et si oui, <span style=\"color: #000080;\"><strong>Comment louer sa villa sans agence\u00a0 ?<\/strong><\/span><\/p>\n<p>\u00a0<\/p>\n<h2 style=\"text-align: center;\"><span style=\"font-size: 24pt;\"><strong>COMMENT LOUER SA VILLA SANS AGENCE<\/strong><\/span><\/h2>\n<h3 style=\"text-align: center;\"><span style=\"color: #000080;\">\u2013 Comment louer sa maison de vacances en direct \u2013<\/span><\/h3>\n<p>Comment louer sa villa sans agence est une question qui peut faire peur.\u00a0 <strong>Mais aujourd\u2019hui, rien de plus facile.<\/strong> Il suffit de <strong>se rendre sur un site d\u2019annonces sp\u00e9cialis\u00e9es<\/strong>, et de mettre en ligne son annonce pour un prix tr\u00e8s raisonnable. Les sites les plus connus sont : PAP vacances, amivac, paruvendu, se loger.com, \u2026 Il suffira alors de s\u2019inscrire, de payer l\u2019abonnement, puis de d\u00e9poser votre annonce en ligne. <strong>Mais il est cependant important de comparer les diff\u00e9rents sites d\u2019annonces pour savoir Comment louer sa villa sans agence .<\/strong> \u00a0 En effet, les prix peuvent aller du simple au triple, pour des prestations souvent comparables. La vraie question est: comment sera utilis\u00e9 l\u2019argent que vous donnerez au site d\u2019annonces? Est-ce que le prix de l\u2019abonnement annuel est raisonnable? Le site fait-il des efforts pour r\u00e9f\u00e9rencer correctement les annonces; de telle fa\u00e7on qu\u2019elles soient visibles sur les principaux moteurs de recherche? Un nouveau site d\u2019annonces sp\u00e9cialis\u00e9es, et qui m\u00e9rite d\u2019\u00eatre connu, est le site Lalilala-vacances.com<\/p>\n<h2 style=\"text-align: center;\"><span style=\"font-size: 24pt;\"><strong>BIEN CHOISIR SON SITE D\u2019ANNONCES<\/strong><\/span><\/h2>\n<h3 style=\"text-align: center;\"><span style=\"color: #000080;\">\u2013 Comment louer sa villa en direct \u2013<\/span><\/h3>\n<p><span style=\"color: #808080;\">Sur<\/span><span style=\"color: #808080;\"> cparici.com, vous pouvez\u00a0 d\u00e9poser une annonce pour un prix tr\u00e8s raisonnable, <span style=\"color: #333333;\"><strong>moins de 100 euros pour l\u2019ann\u00e9e<\/strong><\/span>.<\/span> Vous pourrez g\u00e9rer vos dates d\u2019arriv\u00e9e, de d\u00e9part, ainsi que la dur\u00e9e de location comme bon vous semble. De plus, vous serez \u00e0 m\u00eame d\u2019\u00e9valuer la caution que vous demanderez \u00e0 l\u2019arriv\u00e9e, pour \u00eatre s\u00fbr de retrouver votre bien en bon \u00e9tat. Enfin, vous pourrez choisir votre politique tarifaire comme bon vous semble. Que vous louiez une semaine ou trois mois par an, cela ne nous regarde pas. Et n\u2019a aucune incidence sur le prix de votre abonnement sur Cparici.com <span style=\"color: #808080;\"><strong><span style=\"color: #333333;\">Aucune commission, aucun frais suppl\u00e9mentaire<\/span><\/strong> ne vous seront demand\u00e9s!<\/span> \u00a0 <em>Comment louer sa villa sans agence est un article r\u00e9dig\u00e9 par l\u2019\u00e9quipe de Cparici.com Bonne lecture!<\/em><\/p>\n","protected":false},"excerpt":{"rendered":"<p>Comment louer sa villa sans agence \u00a0 Nombreux sont les propri\u00e9taires \u00e0 vouloir louer leur villa Cependant, un propri\u00e9taire peut se demander \u00a0Comment louer sa villa sans agence\u00a0 ou comment louer sa maison de vacances en direct \u00a0 LOUER SA VILLA, OUI MAIS COMMENT? Les propri\u00e9taires aujourd\u2019hui sont nombreux \u00e0 vouloir louer leur villa pour [&hellip;]<\/p>\n","protected":false},"author":1,"featured_media":9911,"parent":0,"menu_order":0,"comment_status":"closed","ping_status":"closed","template":"","meta":{"ngg_post_thumbnail":0,"footnotes":""},"class_list":["post-10075","page","type-page","status-publish","has-post-thumbnail","hentry"],"_links":{"self":[{"href":"https:\/\/cparici.com\/fr\/wp-json\/wp\/v2\/pages\/10075","targetHints":{"allow":["GET"]}}],"collection":[{"href":"https:\/\/cparici.com\/fr\/wp-json\/wp\/v2\/pages"}],"about":[{"href":"https:\/\/cparici.com\/fr\/wp-json\/wp\/v2\/types\/page"}],"author":[{"embeddable":true,"href":"https:\/\/cparici.com\/fr\/wp-json\/wp\/v2\/users\/1"}],"replies":[{"embeddable":true,"href":"https:\/\/cparici.com\/fr\/wp-json\/wp\/v2\/comments?post=10075"}],"version-history":[{"count":0,"href":"https:\/\/cparici.com\/fr\/wp-json\/wp\/v2\/pages\/10075\/revisions"}],"wp:featuredmedia":[{"embeddable":true,"href":"https:\/\/cparici.com\/fr\/wp-json\/wp\/v2\/media\/9911"}],"wp:attachment":[{"href":"https:\/\/cparici.com\/fr\/wp-json\/wp\/v2\/media?parent=10075"}],"curies":[{"name":"wp","href":"https:\/\/api.w.org\/{rel}","templated":true}]}}