{"id":47017,"date":"2024-11-20T11:11:16","date_gmt":"2024-11-20T10:11:16","guid":{"rendered":"https:\/\/cparici.com\/product\/mobil-home-cottage-camping-votre-annonce-ici\/"},"modified":"2025-05-01T16:51:00","modified_gmt":"2025-05-01T14:51:00","slug":"mobil-home-cottage-camping-votre-annonce-ici","status":"publish","type":"product","link":"https:\/\/cparici.com\/fr\/product\/mobil-home-cottage-camping-votre-annonce-ici\/","title":{"rendered":"Mobil-home, Cottage, Camping Votre Annonce ici"},"content":{"rendered":"<p><strong>Ceci est un exemple d\u2019annonce :<\/strong><\/p>\n<p><strong>Vacances en famille \u00e0 Concarneau : confort et nature<\/strong><\/p>\n<p>Envie de profiter des charmes de la Bretagne Sud ? Notre camping \u00e0 Concarneau La Petite Fontaines vous accueille dans un cadre verdoyant, \u00e0 deux pas des plages de sable fin et de la c\u00e9l\u00e8bre Ville Close.<\/p>\n<p><strong>Nous vous proposons une large gamme de locations pour r\u00e9pondre \u00e0 toutes vos envies : Mobil-homes tout confort :<\/strong> Spacieux et fonctionnels, nos mobil-homes sont \u00e9quip\u00e9s de tout le n\u00e9cessaire pour passer des vacances agr\u00e9ables en famille ou entre amis. Profitez de leur terrasse am\u00e9nag\u00e9e pour vous d\u00e9tendre et admirer la nature environnante. <strong>Cottages chaleureux :<\/strong> Pour un s\u00e9jour plus authentique, optez pour nos cottages.<\/p>\n<p>Ces h\u00e9bergements allient charme et modernit\u00e9 et offrent tout le confort d\u2019une maison.<\/p>\n<p>Et pour vous d\u00e9tendre en toute saison, notre camping dispose <strong>d\u2019une piscine couverte chauff\u00e9e.<\/strong> Plongez dans l\u2019eau claire et laissez-vous emporter par la douceur des bulles. Apr\u00e8s votre baignade, d\u00e9tendez-vous sur les bains de soleil ou profitez des autres \u00e9quipements de notre camping : aire de jeux pour les enfants, terrain multisports, bar\u2026<\/p>\n<p>Notre camping est le point de d\u00e9part id\u00e9al pour d\u00e9couvrir les richesses de la r\u00e9gion : les \u00eeles Gl\u00e9nan, la pointe de la Torche, ou encore les sentiers c\u00f4tiers. Les \u00e9quipements suppl\u00e9mentaires: Lave-linge, s\u00e8che-linge, wifi, etc. Les activit\u00e9s propos\u00e9es en Juillet-Ao\u00fbt : Animations pour enfants, soir\u00e9es \u00e0 th\u00e8me P\u00e9riodes d\u2019ouverture: du 15 Avril au 15 Septembre Vous pouvez d\u00e8s maintenant nous envoyer un message ou effectuer une demande de r\u00e9servation pour de prochaines vacances inoubliables en famille \u00e0 Concarneau ! A tr\u00e8s vite !<\/p>\n<p><strong><span style=\"font-size: 14pt;\">Vous g\u00e9rez un \u00e9tablissement h\u00f4telier de plein air ?<\/span><\/strong> Vous \u00eates propri\u00e9taire d\u2019un h\u00e9bergement de vacances dans un camping ? Ajoutez votre annonce sur notre site et obtenez des s\u00e9jours en direct.<\/p>\n<p>Vous pouvez indiquer sur notre site votre calendrier ou faire directement un lien vers votre syst\u00e8me de r\u00e9servation. Ajoutez vos photos, mettez en valeur vos h\u00e9bergements sur notre site pour <strong>seulement 39\u20ac\/an<\/strong> et soyez visible sur le web au bon endroit et au bon moment !<\/p>\n<p>En seulement 20 min cr\u00e9ez votre annonce ! Simple et rapide, on vous explique tout ! cparici ?<\/p>\n","protected":false},"excerpt":{"rendered":"<p>Ceci est un exemple d\u2019annonce : Vacances en famille \u00e0 Concarneau : confort et nature Envie de profiter des charmes de la Bretagne Sud ? Notre camping \u00e0 Concarneau La Petite Fontaines vous accueille dans un cadre verdoyant, \u00e0 deux pas des plages de sable fin et de la c\u00e9l\u00e8bre Ville Close. Nous vous proposons [&hellip;]<\/p>\n","protected":false},"featured_media":0,"template":"","meta":{"ngg_post_thumbnail":0},"product_brand":[],"product_cat":[1554],"product_tag":[],"class_list":{"0":"post-47017","1":"product","2":"type-product","3":"status-publish","5":"product_cat-listeo-booking","7":"first","8":"instock","9":"downloadable","10":"virtual","11":"sold-individually","12":"purchasable","13":"product-type-listing_booking"},"_links":{"self":[{"href":"https:\/\/cparici.com\/fr\/wp-json\/wp\/v2\/product\/47017","targetHints":{"allow":["GET"]}}],"collection":[{"href":"https:\/\/cparici.com\/fr\/wp-json\/wp\/v2\/product"}],"about":[{"href":"https:\/\/cparici.com\/fr\/wp-json\/wp\/v2\/types\/product"}],"wp:attachment":[{"href":"https:\/\/cparici.com\/fr\/wp-json\/wp\/v2\/media?parent=47017"}],"wp:term":[{"taxonomy":"product_brand","embeddable":true,"href":"https:\/\/cparici.com\/fr\/wp-json\/wp\/v2\/product_brand?post=47017"},{"taxonomy":"product_cat","embeddable":true,"href":"https:\/\/cparici.com\/fr\/wp-json\/wp\/v2\/product_cat?post=47017"},{"taxonomy":"product_tag","embeddable":true,"href":"https:\/\/cparici.com\/fr\/wp-json\/wp\/v2\/product_tag?post=47017"}],"curies":[{"name":"wp","href":"https:\/\/api.w.org\/{rel}","templated":true}]}}