{"id":47619,"date":"2024-11-27T08:38:32","date_gmt":"2024-11-27T07:38:32","guid":{"rendered":"https:\/\/cparici.com\/product\/sacramento-blues-band-votre-annonce-ici\/"},"modified":"2025-05-01T16:45:58","modified_gmt":"2025-05-01T14:45:58","slug":"sacramento-blues-band-votre-annonce-ici","status":"publish","type":"product","link":"https:\/\/cparici.com\/fr\/product\/sacramento-blues-band-votre-annonce-ici\/","title":{"rendered":"Festival, concert Votre Annonce ici"},"content":{"rendered":"<p><strong>Ceci est un exemple d\u2019annonce :<\/strong><\/p>\n<p>Le groupe de musique Sacramento Blues Band est un ensemble de musiciens passionn\u00e9s, <strong>sp\u00e9cialis\u00e9 dans le jazz traditionnel et le swing,<\/strong> qui ravit les amateurs de jazz depuis plusieurs ann\u00e9es.<\/p>\n<p>Bas\u00e9 \u00e0 Sacramento, en Californie, le groupe se distingue par sa capacit\u00e9 \u00e0 r\u00e9interpr\u00e9ter les grands classiques du jazz des ann\u00e9es 1920 \u00e0 1950, tout en y apportant une touche contemporaine.<\/p>\n<p>Leur style, profond\u00e9ment influenc\u00e9 par des l\u00e9gendes comme Louis Armstrong et Duke Ellington, est un m\u00e9lange savoureux de rythmes enjou\u00e9s et de m\u00e9lodies nostalgiques, qui transportent leur public \u00e0 chaque performance.<\/p>\n<p><strong>Le 12 ao\u00fbt 2025, Sacramento Cal Blues Band se produira \u00e0 Concarneau,<\/strong> dans le cadre d\u2019un \u00e9v\u00e9nement musical tr\u00e8s attendu. La ville bretonne, connue pour son charme pittoresque et son ambiance estivale, accueillera le groupe dans un cadre id\u00e9al pour une soir\u00e9e m\u00e9morable. Ce concert s\u2019annonce comme un moment unique pour les amateurs de jazz et pour tous ceux qui souhaitent se laisser emporter par la magie d\u2019un style musical intemporel. Une occasion \u00e0 ne pas manquer pour plonger dans l\u2019univers du jazz, au c\u0153ur de la Bretagne.<\/p>\n<p><strong>Vous \u00eates un artiste, un groupe de musique ou vous organisez un festival ? <\/strong><\/p>\n<p><strong>Ajoutez votre annonce sur notre site. Soyez visible sur Internet au bon endroit et au bon moment. <\/strong><\/p>\n<p><strong>C\u2019est \u00e0 dire lorsque votre public recherche des activit\u00e9s festives\u00a0 sur leur prochain lieu de destination.<\/strong><\/p>\n<p>Ajoutez vos photos, pr\u00e9sentez votre \u00e9v\u00e8nement sur notre site pour <strong>seulement 39\u20ac\/an<\/strong> et soyez visible sur le web !<\/p>\n<p>En seulement 20 min cr\u00e9ez votre annonce ! Simple et rapide, on vous explique tout ! cparici ?<\/p>\n<p>\u00a0<\/p>\n","protected":false},"excerpt":{"rendered":"<p>Ceci est un exemple d\u2019annonce : Le groupe de musique Sacramento Blues Band est un ensemble de musiciens passionn\u00e9s, sp\u00e9cialis\u00e9 dans le jazz traditionnel et le swing, qui ravit les amateurs de jazz depuis plusieurs ann\u00e9es. Bas\u00e9 \u00e0 Sacramento, en Californie, le groupe se distingue par sa capacit\u00e9 \u00e0 r\u00e9interpr\u00e9ter les grands classiques du jazz [&hellip;]<\/p>\n","protected":false},"featured_media":0,"template":"","meta":{"ngg_post_thumbnail":0},"product_brand":[],"product_cat":[1554],"product_tag":[],"class_list":{"0":"post-47619","1":"product","2":"type-product","3":"status-publish","5":"product_cat-listeo-booking","7":"first","8":"instock","9":"downloadable","10":"virtual","11":"sold-individually","12":"purchasable","13":"product-type-listing_booking"},"_links":{"self":[{"href":"https:\/\/cparici.com\/fr\/wp-json\/wp\/v2\/product\/47619","targetHints":{"allow":["GET"]}}],"collection":[{"href":"https:\/\/cparici.com\/fr\/wp-json\/wp\/v2\/product"}],"about":[{"href":"https:\/\/cparici.com\/fr\/wp-json\/wp\/v2\/types\/product"}],"wp:attachment":[{"href":"https:\/\/cparici.com\/fr\/wp-json\/wp\/v2\/media?parent=47619"}],"wp:term":[{"taxonomy":"product_brand","embeddable":true,"href":"https:\/\/cparici.com\/fr\/wp-json\/wp\/v2\/product_brand?post=47619"},{"taxonomy":"product_cat","embeddable":true,"href":"https:\/\/cparici.com\/fr\/wp-json\/wp\/v2\/product_cat?post=47619"},{"taxonomy":"product_tag","embeddable":true,"href":"https:\/\/cparici.com\/fr\/wp-json\/wp\/v2\/product_tag?post=47619"}],"curies":[{"name":"wp","href":"https:\/\/api.w.org\/{rel}","templated":true}]}}