{"id":47687,"date":"2024-11-27T10:03:00","date_gmt":"2024-11-27T09:03:00","guid":{"rendered":"https:\/\/cparici.com\/product\/musee-des-petits-curieux-votre-annonce-ici\/"},"modified":"2025-05-01T16:43:51","modified_gmt":"2025-05-01T14:43:51","slug":"musee-des-petits-curieux-votre-annonce-ici","status":"publish","type":"product","link":"https:\/\/cparici.com\/fr\/product\/musee-des-petits-curieux-votre-annonce-ici\/","title":{"rendered":"Mus\u00e9e, site, visite guid\u00e9e Votre Annonce ici"},"content":{"rendered":"<p><strong>Ceci est un exemple d\u2019annonce :<\/strong><\/p>\n<p>Bienvenue dans un monde o\u00f9 l\u2019histoire prend vie ! Notre mus\u00e9e Les Petits Curieux est une v\u00e9ritable machine \u00e0 remonter le temps.<\/p>\n<p><strong>Ici, les enfants deviennent de v\u00e9ritables explorateurs,<\/strong> partant \u00e0 la d\u00e9couverte de civilisations anciennes, d\u2019inventions incroyables et de personnages historiques fascinants. Gr\u00e2ce \u00e0 des expositions interactives, des ateliers cr\u00e9atifs et des jeux p\u00e9dagogiques, l\u2019histoire n\u2019aura jamais \u00e9t\u00e9 aussi amusante !<\/p>\n<p>Notre mus\u00e9e, c\u2019est le terrain de jeu id\u00e9al pour les petits curieux ! Enfile ton costume d\u2019explorateur, attrape ta loupe et pr\u00e9pare-toi \u00e0 vivre des aventures extraordinaires. Tu pourras toucher, manipuler, exp\u00e9rimenter\u2026 et ainsi apprendre en t\u2019amusant ! Ici, l\u2019histoire devient un jeu d\u2019enfant !\u201d<\/p>\n<p>Gr\u00e2ce \u00e0 des expositions ludiques et p\u00e9dagogiques, tu vas pouvoir voyager dans le temps, rencontrer des personnages historiques et d\u00e9couvrir des objets fascinants. Un voyage dans le pass\u00e9 te r\u00e9serve bien des surprises !<\/p>\n<p><strong>Vous dirigez un mus\u00e9e, vous g\u00e9rez un site culturel, vous organisez des visites guid\u00e9es? \u00a0Ajoutez votre annonce sur notre site.<\/strong><\/p>\n<p>Soyez pr\u00e9sent au bon moment et au bon endroit, c\u2019est \u00e0 dire lorsque les voyageurs recherchent des activit\u00e9s pour leurs prochaines vacances\u2026<\/p>\n<p>Ajoutez vos photos, mettez en valeur votre mus\u00e9e, votre site, vos visites guid\u00e9e sur notre site pour <strong>seulement 39\u20ac\/an.<\/strong><\/p>\n<p>En seulement 20 min cr\u00e9ez votre annonce ! Simple et rapide, on vous explique tout ! cparici ?<\/p>\n<p>\u00a0<\/p>\n","protected":false},"excerpt":{"rendered":"<p>Ceci est un exemple d\u2019annonce : Bienvenue dans un monde o\u00f9 l\u2019histoire prend vie ! Notre mus\u00e9e Les Petits Curieux est une v\u00e9ritable machine \u00e0 remonter le temps. Ici, les enfants deviennent de v\u00e9ritables explorateurs, partant \u00e0 la d\u00e9couverte de civilisations anciennes, d\u2019inventions incroyables et de personnages historiques fascinants. Gr\u00e2ce \u00e0 des expositions interactives, des [&hellip;]<\/p>\n","protected":false},"featured_media":0,"template":"","meta":{"ngg_post_thumbnail":0},"product_brand":[],"product_cat":[1554],"product_tag":[],"class_list":{"0":"post-47687","1":"product","2":"type-product","3":"status-publish","5":"product_cat-listeo-booking","7":"first","8":"instock","9":"downloadable","10":"virtual","11":"sold-individually","12":"purchasable","13":"product-type-listing_booking"},"_links":{"self":[{"href":"https:\/\/cparici.com\/fr\/wp-json\/wp\/v2\/product\/47687","targetHints":{"allow":["GET"]}}],"collection":[{"href":"https:\/\/cparici.com\/fr\/wp-json\/wp\/v2\/product"}],"about":[{"href":"https:\/\/cparici.com\/fr\/wp-json\/wp\/v2\/types\/product"}],"wp:attachment":[{"href":"https:\/\/cparici.com\/fr\/wp-json\/wp\/v2\/media?parent=47687"}],"wp:term":[{"taxonomy":"product_brand","embeddable":true,"href":"https:\/\/cparici.com\/fr\/wp-json\/wp\/v2\/product_brand?post=47687"},{"taxonomy":"product_cat","embeddable":true,"href":"https:\/\/cparici.com\/fr\/wp-json\/wp\/v2\/product_cat?post=47687"},{"taxonomy":"product_tag","embeddable":true,"href":"https:\/\/cparici.com\/fr\/wp-json\/wp\/v2\/product_tag?post=47687"}],"curies":[{"name":"wp","href":"https:\/\/api.w.org\/{rel}","templated":true}]}}