{"id":47731,"date":"2024-11-27T19:16:27","date_gmt":"2024-11-27T18:16:27","guid":{"rendered":"https:\/\/cparici.com\/product\/activite-decouverte-atelier-votre-annonce-ici-2\/"},"modified":"2025-05-01T16:43:14","modified_gmt":"2025-05-01T14:43:14","slug":"activite-decouverte-atelier-votre-annonce-ici-2","status":"publish","type":"product","link":"https:\/\/cparici.com\/fr\/product\/activite-decouverte-atelier-votre-annonce-ici-2\/","title":{"rendered":"Activit\u00e9 D\u00e9couverte, Atelier, Votre Annonce ici"},"content":{"rendered":"<p><strong>Ceci est un exemple d\u2019annonce:<\/strong><\/p>\n<p><strong>Lib\u00e9rez votre artiste int\u00e9rieur ! <\/strong><\/p>\n<p><strong>Nos ateliers de poterie les mirettes de Sofie sont ouverts \u00e0 tous,<\/strong> des d\u00e9butants aux plus exp\u00e9riment\u00e9s. Que vous ayez envie de cr\u00e9er une simple tasse ou une sculpture complexe, nos artisans vous guideront pas \u00e0 pas. Du tournage sur roue \u00e0 la sculpture \u00e0 la main, explorez toutes les possibilit\u00e9s de la terre glaise.<\/p>\n<p><strong>Un moment de d\u00e9tente et de cr\u00e9ativit\u00e9 garanti !<\/strong> Venez d\u00e9couvrir les joies de la cr\u00e9ation avec nos ateliers adapt\u00e9s \u00e0 tous les \u00e2ges.<\/p>\n<p>Les enfants apprendront \u00e0 modeler, \u00e0 d\u00e9corer et \u00e0 donner vie \u00e0 leurs id\u00e9es les plus folles. Les adultes pourront perfectionner leurs techniques et r\u00e9aliser des pi\u00e8ces uniques. Un voyage au c\u0153ur de la mati\u00e8re, pour petits et grands. Nos ateliers de poterie sont l\u2019occasion de s\u2019\u00e9vader du quotidien et de se reconnecter avec soi-m\u00eame. Le modelage de la terre est une activit\u00e9 relaxante, qui favorise la concentration et la cr\u00e9ativit\u00e9. Laissez libre cours \u00e0 votre imagination et repartez avec vos cr\u00e9ations personnelles. Les horaires et les tarifs des ateliers.<\/p>\n<p><strong><span style=\"font-size: 14pt;\">Vous proposez des activit\u00e9s D\u00e9vouverte, des ateliers ? \u00a0Ajoutez votre annonce sur notre site.<\/span><\/strong><\/p>\n<p>Soyez pr\u00e9sent au bon moment et au bon endroit, c\u2019est \u00e0 dire lorsque les voyageurs recherchent des activit\u00e9s pour leurs prochaines vacances\u2026 Ajoutez vos photos, mettez en valeur votre activit\u00e9, vos diff\u00e9rents ateliers sur notre site pour <strong>seulement 39\u20ac\/an.<\/strong><\/p>\n<p>En seulement 20 min cr\u00e9ez votre annonce ! Simple et rapide, on vous explique tout ! cparici ?<\/p>\n","protected":false},"excerpt":{"rendered":"<p>Ceci est un exemple d\u2019annonce: Lib\u00e9rez votre artiste int\u00e9rieur ! Nos ateliers de poterie les mirettes de Sofie sont ouverts \u00e0 tous, des d\u00e9butants aux plus exp\u00e9riment\u00e9s. Que vous ayez envie de cr\u00e9er une simple tasse ou une sculpture complexe, nos artisans vous guideront pas \u00e0 pas. Du tournage sur roue \u00e0 la sculpture \u00e0 [&hellip;]<\/p>\n","protected":false},"featured_media":0,"template":"","meta":{"ngg_post_thumbnail":0},"product_brand":[],"product_cat":[1554],"product_tag":[],"class_list":{"0":"post-47731","1":"product","2":"type-product","3":"status-publish","5":"product_cat-listeo-booking","7":"first","8":"instock","9":"downloadable","10":"virtual","11":"sold-individually","12":"purchasable","13":"product-type-listing_booking"},"_links":{"self":[{"href":"https:\/\/cparici.com\/fr\/wp-json\/wp\/v2\/product\/47731","targetHints":{"allow":["GET"]}}],"collection":[{"href":"https:\/\/cparici.com\/fr\/wp-json\/wp\/v2\/product"}],"about":[{"href":"https:\/\/cparici.com\/fr\/wp-json\/wp\/v2\/types\/product"}],"wp:attachment":[{"href":"https:\/\/cparici.com\/fr\/wp-json\/wp\/v2\/media?parent=47731"}],"wp:term":[{"taxonomy":"product_brand","embeddable":true,"href":"https:\/\/cparici.com\/fr\/wp-json\/wp\/v2\/product_brand?post=47731"},{"taxonomy":"product_cat","embeddable":true,"href":"https:\/\/cparici.com\/fr\/wp-json\/wp\/v2\/product_cat?post=47731"},{"taxonomy":"product_tag","embeddable":true,"href":"https:\/\/cparici.com\/fr\/wp-json\/wp\/v2\/product_tag?post=47731"}],"curies":[{"name":"wp","href":"https:\/\/api.w.org\/{rel}","templated":true}]}}