{"id":47803,"date":"2024-11-28T20:54:32","date_gmt":"2024-11-28T19:54:32","guid":{"rendered":"https:\/\/cparici.com\/product\/chateau-domaine\/"},"modified":"2025-05-01T16:41:48","modified_gmt":"2025-05-01T14:41:48","slug":"chateau-domaine","status":"publish","type":"product","link":"https:\/\/cparici.com\/fr\/product\/chateau-domaine\/","title":{"rendered":"Ch\u00e2teau, Domaine, Votre Annonce ici"},"content":{"rendered":"<p><strong>Ceci est un exemple d\u2019annonce :<\/strong> <strong>D\u00e9couvrez le Ch\u00e2teau du Hautbelon : un voyage au c\u0153ur des vignes!<\/strong><\/p>\n<p>Nich\u00e9 au c\u0153ur de la Charente-Maritime, le Ch\u00e2teau du Hautbelon vous invite \u00e0 une escapade bucolique et raffin\u00e9e. Ce domaine viticole d\u2019exception vous ouvre les portes de son ch\u00e2teau historique et de ses vignes centenaires. Un ch\u00e2teau charg\u00e9 d\u2019histoire \u00c9rig\u00e9 au c\u0153ur d\u2019un paysage vallonn\u00e9, le ch\u00e2teau du Hautbelon est un t\u00e9moignage vivant du riche patrimoine de la r\u00e9gion. Lors de votre visite, vous serez \u00e9merveill\u00e9s par l\u2019architecture \u00e9l\u00e9gante de ce domaine et par l\u2019atmosph\u00e8re authentique qui y r\u00e8gne.<\/p>\n<p><strong>Un parcours au c\u0153ur du vignoble apr\u00e8s avoir admir\u00e9 le ch\u00e2teau,<\/strong> laissez-vous guider \u00e0 travers les vignes. Un de nos vignerons vous fera d\u00e9couvrir les secrets de notre terroir et vous expliquera les diff\u00e9rentes \u00e9tapes de la vinification. Vous comprendrez alors tout le savoir-faire qui se cache derri\u00e8re nos vins. Une d\u00e9gustation inoubliable<\/p>\n<p>Pour cl\u00f4turer votre visite, vous aurez le plaisir de d\u00e9guster nos crus dans notre cave vo\u00fbt\u00e9e. Accompagn\u00e9s de nos conseils, vous appr\u00e9cierez les nuances aromatiques de nos vins et d\u00e9couvrirez les accords mets et vins parfaits.<\/p>\n<p>Pourquoi choisir le Ch\u00e2teau du Hautbelon ?<\/p>\n<p><strong>Un cadre enchanteur :<\/strong> Profitez d\u2019un environnement paisible et verdoyant. Un patrimoine riche: D\u00e9couvrez l\u2019histoire du ch\u00e2teau et du vignoble.<\/p>\n<p><strong>Un savoir-faire ancestral<\/strong> : Appr\u00e9ciez des vins \u00e9labor\u00e9s selon des m\u00e9thodes traditionnelles. Une exp\u00e9rience personnalis\u00e9e: B\u00e9n\u00e9ficiez de conseils avis\u00e9s et d\u2019une d\u00e9gustation adapt\u00e9e \u00e0 vos go\u00fbts. Le Ch\u00e2teau du Hautbelon, c\u2019est l\u2019assurance d\u2019un moment unique, o\u00f9 histoire, nature et d\u00e9gustation se m\u00ealent \u00e0 la perfection. Informations pratiques : Visites guid\u00e9es sur r\u00e9servation. Boutique o\u00f9 vous pourrez retrouver nos vins et des produits locaux. Possibilit\u00e9 d\u2019organiser des \u00e9v\u00e9nements (mariages, s\u00e9minaires\u2026). N\u2019h\u00e9sitez pas \u00e0 nous contacter pour plus d\u2019informations.<\/p>\n<p><span style=\"font-size: 14pt;\"><strong>Vous proposez des visites de votre domaine, de votre ch\u00e2teau ? \u00a0Ajoutez votre annonce sur notre site.<\/strong><\/span><\/p>\n<p>Soyez pr\u00e9sent au bon moment et au bon endroit, c\u2019est \u00e0 dire lorsque les voyageurs recherchent des activit\u00e9s pour leurs prochaines vacances\u2026<\/p>\n<p>Ajoutez vos photos, mettez en valeur votre activit\u00e9 et votre domaine\u00a0 pour <strong>seulement 39\u20ac\/an.<\/strong><\/p>\n<p>En seulement 20 min cr\u00e9ez votre annonce ! Simple et rapide, on vous explique tout ! cparici ?<\/p>\n<p>\u00a0<\/p>\n","protected":false},"excerpt":{"rendered":"<p>Ceci est un exemple d\u2019annonce : D\u00e9couvrez le Ch\u00e2teau du Hautbelon : un voyage au c\u0153ur des vignes! Nich\u00e9 au c\u0153ur de la Charente-Maritime, le Ch\u00e2teau du Hautbelon vous invite \u00e0 une escapade bucolique et raffin\u00e9e. Ce domaine viticole d\u2019exception vous ouvre les portes de son ch\u00e2teau historique et de ses vignes centenaires. Un ch\u00e2teau [&hellip;]<\/p>\n","protected":false},"featured_media":0,"template":"","meta":{"ngg_post_thumbnail":0},"product_brand":[],"product_cat":[1554],"product_tag":[],"class_list":{"0":"post-47803","1":"product","2":"type-product","3":"status-publish","5":"product_cat-listeo-booking","7":"first","8":"instock","9":"downloadable","10":"virtual","11":"sold-individually","12":"purchasable","13":"product-type-listing_booking"},"_links":{"self":[{"href":"https:\/\/cparici.com\/fr\/wp-json\/wp\/v2\/product\/47803","targetHints":{"allow":["GET"]}}],"collection":[{"href":"https:\/\/cparici.com\/fr\/wp-json\/wp\/v2\/product"}],"about":[{"href":"https:\/\/cparici.com\/fr\/wp-json\/wp\/v2\/types\/product"}],"wp:attachment":[{"href":"https:\/\/cparici.com\/fr\/wp-json\/wp\/v2\/media?parent=47803"}],"wp:term":[{"taxonomy":"product_brand","embeddable":true,"href":"https:\/\/cparici.com\/fr\/wp-json\/wp\/v2\/product_brand?post=47803"},{"taxonomy":"product_cat","embeddable":true,"href":"https:\/\/cparici.com\/fr\/wp-json\/wp\/v2\/product_cat?post=47803"},{"taxonomy":"product_tag","embeddable":true,"href":"https:\/\/cparici.com\/fr\/wp-json\/wp\/v2\/product_tag?post=47803"}],"curies":[{"name":"wp","href":"https:\/\/api.w.org\/{rel}","templated":true}]}}