{"id":66380,"date":"2025-05-20T13:14:06","date_gmt":"2025-05-20T11:14:06","guid":{"rendered":"https:\/\/cparici.com\/fr\/product\/cognac-food-pairing\/"},"modified":"2025-05-26T18:13:15","modified_gmt":"2025-05-26T16:13:15","slug":"cognac-food-pairing","status":"publish","type":"product","link":"https:\/\/cparici.com\/fr\/product\/cognac-food-pairing\/","title":{"rendered":"Cognac Food-Pairing"},"content":{"rendered":"<p>Visite d\u2019un producteur de Cognac qui travaille le produit de A \u00e0 Z : d\u00e9couvrez les machines \u00e0 vendanger, le pressoir, les cuves qui contiennent le vin pour la fermentation, la distillerie et ses deux chaudi\u00e8res, les chais de vieillissement, d\u2019assemblage et m\u00eame le paradis !<br \/>\nC\u2019est l\u2019occasion de d\u00e9couvrir un domaine familial, sur deux crus diff\u00e9rents : les Fins Bois et la Grande Champagne.<br \/>\nD\u00e9couvrez la finesse de ces deux terroirs, mis en lumi\u00e8re avec les produits locaux du terroir (fromage de ch\u00e8vre, fruits confits, macarons et chocolat noir).<\/p>\n<p>Vous verrez le spiritueux Cognac sous un autre angle, et aurez envie de partager son histoire et cette nouvelle fa\u00e7on de le consommer avec vos proches ! A coups s\u00fbrs !<\/p>\n<p>\u00a0<\/p>\n","protected":false},"excerpt":{"rendered":"<p>Visite d\u2019un producteur de Cognac qui travaille le produit de A \u00e0 Z : d\u00e9couvrez les machines \u00e0 vendanger, le pressoir, les cuves qui contiennent le vin pour la fermentation, la distillerie et ses deux chaudi\u00e8res, les chais de vieillissement, d\u2019assemblage et m\u00eame le paradis ! C\u2019est l\u2019occasion de d\u00e9couvrir un domaine familial, sur deux [&hellip;]<\/p>\n","protected":false},"featured_media":0,"template":"","meta":{"ngg_post_thumbnail":0},"product_brand":[],"product_cat":[1554],"product_tag":[],"class_list":{"0":"post-66380","1":"product","2":"type-product","3":"status-publish","5":"product_cat-listeo-booking","7":"first","8":"instock","9":"downloadable","10":"virtual","11":"sold-individually","12":"purchasable","13":"product-type-listing_booking"},"_links":{"self":[{"href":"https:\/\/cparici.com\/fr\/wp-json\/wp\/v2\/product\/66380","targetHints":{"allow":["GET"]}}],"collection":[{"href":"https:\/\/cparici.com\/fr\/wp-json\/wp\/v2\/product"}],"about":[{"href":"https:\/\/cparici.com\/fr\/wp-json\/wp\/v2\/types\/product"}],"wp:attachment":[{"href":"https:\/\/cparici.com\/fr\/wp-json\/wp\/v2\/media?parent=66380"}],"wp:term":[{"taxonomy":"product_brand","embeddable":true,"href":"https:\/\/cparici.com\/fr\/wp-json\/wp\/v2\/product_brand?post=66380"},{"taxonomy":"product_cat","embeddable":true,"href":"https:\/\/cparici.com\/fr\/wp-json\/wp\/v2\/product_cat?post=66380"},{"taxonomy":"product_tag","embeddable":true,"href":"https:\/\/cparici.com\/fr\/wp-json\/wp\/v2\/product_tag?post=66380"}],"curies":[{"name":"wp","href":"https:\/\/api.w.org\/{rel}","templated":true}]}}